{"id":158,"date":"2025-03-11T16:44:33","date_gmt":"2025-03-11T15:44:33","guid":{"rendered":"https:\/\/mobilet.eu\/at\/?page_id=158"},"modified":"2025-05-07T18:20:25","modified_gmt":"2025-05-07T16:20:25","slug":"staedte","status":"publish","type":"page","link":"https:\/\/mobilet.eu\/at\/staedte\/","title":{"rendered":"St\u00e4dte"},"content":{"rendered":"\n<p class=\"wp-block-paragraph\">Die Digitalisierung umfasst bereits viele Lebensbereiche und das elektronische Parkticket bietet zahlreiche Vorteile gegen\u00fcber dem herk\u00f6mmlichen Papierticket. Kein Schlangestehen am Automaten und keine Suche nach passendem Kleingeld.&nbsp;&nbsp;<\/p>\n\n\n\n<p class=\"wp-block-paragraph\">Die App erm\u00f6glicht dir somit eine einfache und mobile Alternative zum Automaten \u2013 du brauchst also nur dein Smartphone und die Reise kann beginnen.&nbsp;<\/p>\n\n\n\n<p class=\"wp-block-paragraph\">Lade dir mobilet im AppStore\/ PlayStore herunter, hinterlege ein Zahlungsmittel und w\u00e4hle die Stadt aus, in der du dich befindest. Die jeweiligen Parkzonen werden dir angezeigt. Dann einfach das Ticket starten.&nbsp;<\/p>\n\n\n\n<ul class=\"wp-block-list\">\n<li><strong>Umweltfreundlich parken:<\/strong> Mit mobilet sparst du Papier, denn ein Papierticket brauchst du nicht.&nbsp;<\/li>\n<\/ul>\n\n\n\n<ul class=\"wp-block-list\">\n<li><strong>Clever sparen:<\/strong> Bezahle nur f\u00fcr die Parkzeit, die du tats\u00e4chlich nutzt.&nbsp;<\/li>\n<\/ul>\n\n\n\n<ul class=\"wp-block-list\">\n<li><strong>Kn\u00f6llchen ade:<\/strong> Verl\u00e4ngere deine Parkzeit flexibel von unterwegs.&nbsp;<\/li>\n<\/ul>\n\n\n\n<ul class=\"wp-block-list\">\n<li><strong>Gepr\u00fcft &amp; zertifiziert:<\/strong> mobilet steht f\u00fcr Sicherheit und Zuverl\u00e4ssigkeit.&nbsp;<\/li>\n<\/ul>\n\n\n\n<ul class=\"wp-block-list\">\n<li><strong>Dein urbaner Begleiter:<\/strong> mobilet ist immer an deiner Seite \u2013 in der Heimat und unterwegs.&nbsp;<\/li>\n<\/ul>\n\n\n\n<p class=\"wp-block-paragraph\">Wir vernetzen die Verkehrsdienstleistungen der St\u00e4dte smart, effizient und kosteng\u00fcnstig. Mobilit\u00e4tsangebote, deren Bezahlung bislang am Ticketautomaten mit M\u00fcnzzahlung erfolgte, werden jetzt digital \u00fcber das Smartphone bezahlt.&nbsp;<\/p>\n\n\n\n<p class=\"wp-block-paragraph\">mobilet ist somit ein stetiger Begleiter im Alltag und im Urlaub und sorgt f\u00fcr weniger Stress und mehr Flexibilit\u00e4t. Eine \u00dcbersicht \u00fcber alle unsere St\u00e4dte findest du hier. F\u00fcr Aktionen, Infos und alles rund um neue mobilet-St\u00e4dte besuche auch gerne unsere Social Media Kan\u00e4le (Instagram, Facebook, LinkedIn).&nbsp;&nbsp;<\/p>\n\n\n\n<p class=\"wp-block-paragraph\">Mehr \u00fcber unsere Arbeitsweise und das Unternehmen erf\u00e4hrst du <a href=\"https:\/\/www.stadtraum.com\/stadtraum\/index.html\" target=\"_blank\" rel=\"noreferrer noopener\">hier<\/a> oder unter mobilet.at.&nbsp;<\/p>\n\n\n\n<p class=\"wp-block-paragraph\"><\/p>\n","protected":false},"excerpt":{"rendered":"<p>Die Digitalisierung umfasst bereits viele Lebensbereiche und das elektronische Parkticket bietet zahlreiche Vorteile gegen\u00fcber dem herk\u00f6mmlichen Papierticket. Kein Schlangestehen am &#8230; <a href=\"https:\/\/mobilet.eu\/at\/staedte\/\" aria-label=\"Weiterlesen \u00fcber St\u00e4dte\">Weiterlesen \u00fcber St\u00e4dte<\/a><\/p>\n","protected":false},"author":20,"featured_media":220,"parent":0,"menu_order":0,"comment_status":"closed","ping_status":"closed","template":"","meta":{"_crdt_document":"","content-type":"","footnotes":""},"class_list":["post-158","page","type-page","status-publish","has-post-thumbnail","hentry"],"yoast_head":"<!-- This site is optimized with the Yoast SEO plugin v27.3 - https:\/\/yoast.com\/product\/yoast-seo-wordpress\/ -->\n<title>St\u00e4dte | mobilet.at<\/title>\n<meta name=\"robots\" content=\"index, follow, max-snippet:-1, max-image-preview:large, max-video-preview:-1\" \/>\n<link rel=\"canonical\" href=\"https:\/\/mobilet.eu\/at\/staedte\/\" \/>\n<meta property=\"og:locale\" content=\"de_DE\" \/>\n<meta property=\"og:type\" content=\"article\" \/>\n<meta property=\"og:title\" content=\"St\u00e4dte | mobilet.at\" \/>\n<meta property=\"og:description\" content=\"Die Digitalisierung umfasst bereits viele Lebensbereiche und das elektronische Parkticket bietet zahlreiche Vorteile gegen\u00fcber dem herk\u00f6mmlichen Papierticket. Kein Schlangestehen am ... Weiterlesen \u00fcber St\u00e4dte\" \/>\n<meta property=\"og:url\" content=\"https:\/\/mobilet.eu\/at\/staedte\/\" \/>\n<meta property=\"og:site_name\" content=\"mobilet.at\" \/>\n<meta property=\"article:modified_time\" content=\"2025-05-07T16:20:25+00:00\" \/>\n<meta property=\"og:image\" content=\"https:\/\/mobilet.eu\/at\/wp-content\/uploads\/sites\/9\/2025\/04\/AdobeStock_503414135_web-scaled.jpg\" \/>\n\t<meta property=\"og:image:width\" content=\"2560\" \/>\n\t<meta property=\"og:image:height\" content=\"1174\" \/>\n\t<meta property=\"og:image:type\" content=\"image\/jpeg\" \/>\n<meta name=\"twitter:card\" content=\"summary_large_image\" \/>\n<meta name=\"twitter:label1\" content=\"Gesch\u00e4tzte Lesezeit\" \/>\n\t<meta name=\"twitter:data1\" content=\"2\u00a0Minuten\" \/>\n<script type=\"application\/ld+json\" class=\"yoast-schema-graph\">{\"@context\":\"https:\\\/\\\/schema.org\",\"@graph\":[{\"@type\":\"WebPage\",\"@id\":\"https:\\\/\\\/mobilet.eu\\\/at\\\/staedte\\\/\",\"url\":\"https:\\\/\\\/mobilet.eu\\\/at\\\/staedte\\\/\",\"name\":\"St\u00e4dte | mobilet.at\",\"isPartOf\":{\"@id\":\"https:\\\/\\\/mobilet.eu\\\/at\\\/#website\"},\"primaryImageOfPage\":{\"@id\":\"https:\\\/\\\/mobilet.eu\\\/at\\\/staedte\\\/#primaryimage\"},\"image\":{\"@id\":\"https:\\\/\\\/mobilet.eu\\\/at\\\/staedte\\\/#primaryimage\"},\"thumbnailUrl\":\"https:\\\/\\\/mobilet.eu\\\/at\\\/wp-content\\\/uploads\\\/sites\\\/9\\\/2025\\\/04\\\/AdobeStock_503414135_web-scaled.jpg\",\"datePublished\":\"2025-03-11T15:44:33+00:00\",\"dateModified\":\"2025-05-07T16:20:25+00:00\",\"breadcrumb\":{\"@id\":\"https:\\\/\\\/mobilet.eu\\\/at\\\/staedte\\\/#breadcrumb\"},\"inLanguage\":\"de\",\"potentialAction\":[{\"@type\":\"ReadAction\",\"target\":[\"https:\\\/\\\/mobilet.eu\\\/at\\\/staedte\\\/\"]}]},{\"@type\":\"ImageObject\",\"inLanguage\":\"de\",\"@id\":\"https:\\\/\\\/mobilet.eu\\\/at\\\/staedte\\\/#primaryimage\",\"url\":\"https:\\\/\\\/mobilet.eu\\\/at\\\/wp-content\\\/uploads\\\/sites\\\/9\\\/2025\\\/04\\\/AdobeStock_503414135_web-scaled.jpg\",\"contentUrl\":\"https:\\\/\\\/mobilet.eu\\\/at\\\/wp-content\\\/uploads\\\/sites\\\/9\\\/2025\\\/04\\\/AdobeStock_503414135_web-scaled.jpg\",\"width\":2560,\"height\":1174,\"caption\":\"Salzburg bei D\u00e4mmerung\"},{\"@type\":\"BreadcrumbList\",\"@id\":\"https:\\\/\\\/mobilet.eu\\\/at\\\/staedte\\\/#breadcrumb\",\"itemListElement\":[{\"@type\":\"ListItem\",\"position\":1,\"name\":\"Strona g\u0142\u00f3wna\",\"item\":\"https:\\\/\\\/mobilet.eu\\\/at\\\/\"},{\"@type\":\"ListItem\",\"position\":2,\"name\":\"St\u00e4dte\"}]},{\"@type\":\"WebSite\",\"@id\":\"https:\\\/\\\/mobilet.eu\\\/at\\\/#website\",\"url\":\"https:\\\/\\\/mobilet.eu\\\/at\\\/\",\"name\":\"mobilet.at\",\"description\":\"\",\"potentialAction\":[{\"@type\":\"SearchAction\",\"target\":{\"@type\":\"EntryPoint\",\"urlTemplate\":\"https:\\\/\\\/mobilet.eu\\\/at\\\/?s={search_term_string}\"},\"query-input\":{\"@type\":\"PropertyValueSpecification\",\"valueRequired\":true,\"valueName\":\"search_term_string\"}}],\"inLanguage\":\"de\"}]}<\/script>\n<!-- \/ Yoast SEO plugin. -->","yoast_head_json":{"title":"St\u00e4dte | mobilet.at","robots":{"index":"index","follow":"follow","max-snippet":"max-snippet:-1","max-image-preview":"max-image-preview:large","max-video-preview":"max-video-preview:-1"},"canonical":"https:\/\/mobilet.eu\/at\/staedte\/","og_locale":"de_DE","og_type":"article","og_title":"St\u00e4dte | mobilet.at","og_description":"Die Digitalisierung umfasst bereits viele Lebensbereiche und das elektronische Parkticket bietet zahlreiche Vorteile gegen\u00fcber dem herk\u00f6mmlichen Papierticket. Kein Schlangestehen am ... Weiterlesen \u00fcber St\u00e4dte","og_url":"https:\/\/mobilet.eu\/at\/staedte\/","og_site_name":"mobilet.at","article_modified_time":"2025-05-07T16:20:25+00:00","og_image":[{"width":2560,"height":1174,"url":"https:\/\/mobilet.eu\/at\/wp-content\/uploads\/sites\/9\/2025\/04\/AdobeStock_503414135_web-scaled.jpg","type":"image\/jpeg"}],"twitter_card":"summary_large_image","twitter_misc":{"Gesch\u00e4tzte Lesezeit":"2\u00a0Minuten"},"schema":{"@context":"https:\/\/schema.org","@graph":[{"@type":"WebPage","@id":"https:\/\/mobilet.eu\/at\/staedte\/","url":"https:\/\/mobilet.eu\/at\/staedte\/","name":"St\u00e4dte | mobilet.at","isPartOf":{"@id":"https:\/\/mobilet.eu\/at\/#website"},"primaryImageOfPage":{"@id":"https:\/\/mobilet.eu\/at\/staedte\/#primaryimage"},"image":{"@id":"https:\/\/mobilet.eu\/at\/staedte\/#primaryimage"},"thumbnailUrl":"https:\/\/mobilet.eu\/at\/wp-content\/uploads\/sites\/9\/2025\/04\/AdobeStock_503414135_web-scaled.jpg","datePublished":"2025-03-11T15:44:33+00:00","dateModified":"2025-05-07T16:20:25+00:00","breadcrumb":{"@id":"https:\/\/mobilet.eu\/at\/staedte\/#breadcrumb"},"inLanguage":"de","potentialAction":[{"@type":"ReadAction","target":["https:\/\/mobilet.eu\/at\/staedte\/"]}]},{"@type":"ImageObject","inLanguage":"de","@id":"https:\/\/mobilet.eu\/at\/staedte\/#primaryimage","url":"https:\/\/mobilet.eu\/at\/wp-content\/uploads\/sites\/9\/2025\/04\/AdobeStock_503414135_web-scaled.jpg","contentUrl":"https:\/\/mobilet.eu\/at\/wp-content\/uploads\/sites\/9\/2025\/04\/AdobeStock_503414135_web-scaled.jpg","width":2560,"height":1174,"caption":"Salzburg bei D\u00e4mmerung"},{"@type":"BreadcrumbList","@id":"https:\/\/mobilet.eu\/at\/staedte\/#breadcrumb","itemListElement":[{"@type":"ListItem","position":1,"name":"Strona g\u0142\u00f3wna","item":"https:\/\/mobilet.eu\/at\/"},{"@type":"ListItem","position":2,"name":"St\u00e4dte"}]},{"@type":"WebSite","@id":"https:\/\/mobilet.eu\/at\/#website","url":"https:\/\/mobilet.eu\/at\/","name":"mobilet.at","description":"","potentialAction":[{"@type":"SearchAction","target":{"@type":"EntryPoint","urlTemplate":"https:\/\/mobilet.eu\/at\/?s={search_term_string}"},"query-input":{"@type":"PropertyValueSpecification","valueRequired":true,"valueName":"search_term_string"}}],"inLanguage":"de"}]}},"_links":{"self":[{"href":"https:\/\/mobilet.eu\/at\/wp-json\/wp\/v2\/pages\/158","targetHints":{"allow":["GET"]}}],"collection":[{"href":"https:\/\/mobilet.eu\/at\/wp-json\/wp\/v2\/pages"}],"about":[{"href":"https:\/\/mobilet.eu\/at\/wp-json\/wp\/v2\/types\/page"}],"author":[{"embeddable":true,"href":"https:\/\/mobilet.eu\/at\/wp-json\/wp\/v2\/users\/20"}],"replies":[{"embeddable":true,"href":"https:\/\/mobilet.eu\/at\/wp-json\/wp\/v2\/comments?post=158"}],"version-history":[{"count":3,"href":"https:\/\/mobilet.eu\/at\/wp-json\/wp\/v2\/pages\/158\/revisions"}],"predecessor-version":[{"id":236,"href":"https:\/\/mobilet.eu\/at\/wp-json\/wp\/v2\/pages\/158\/revisions\/236"}],"wp:featuredmedia":[{"embeddable":true,"href":"https:\/\/mobilet.eu\/at\/wp-json\/wp\/v2\/media\/220"}],"wp:attachment":[{"href":"https:\/\/mobilet.eu\/at\/wp-json\/wp\/v2\/media?parent=158"}],"curies":[{"name":"wp","href":"https:\/\/api.w.org\/{rel}","templated":true}]}}