{"id":165,"date":"2025-03-11T16:47:19","date_gmt":"2025-03-11T15:47:19","guid":{"rendered":"https:\/\/mobilet.eu\/at\/?page_id=165"},"modified":"2025-03-31T13:59:23","modified_gmt":"2025-03-31T11:59:23","slug":"mobilet-at-handyparken","status":"publish","type":"page","link":"https:\/\/mobilet.eu\/at\/mobilet-at-handyparken\/","title":{"rendered":"Mobilet.at | Handyparken"},"content":{"rendered":"\n<p class=\"wp-block-paragraph\">Die l\u00e4stige Suche nach Kleingeld und das Schlangestehen am Automaten geh\u00f6ren der Vergangenheit an. Mit uns kannst du <strong>Deine Mobilit\u00e4t ganz bequem und einfach<\/strong> per Smartphone steuern. Das spart Zeit und deine Nerven. Unsere Module Handyparken, Fahrradbox und Freizeit findest du in unserer App. Jetzt kostenlos <a data-type=\"URL\" data-id=\"get.mobilet.de\" href=\"http:\/\/get.mobilet.de\">herunterladen<\/a>.<\/p>\n\n\n\n<p class=\"wp-block-paragraph\">Tickets <strong>verl\u00e4ngern<\/strong>, <strong>stoppen<\/strong> oder <strong>dazu buchen<\/strong>? Kein Problem!<\/p>\n\n\n\n<p class=\"wp-block-paragraph\">Eine Standortliste findest du <a href=\"https:\/\/mobilet.eu\/de\/staedte\/\">hier<\/a>.<\/p>\n\n\n\n<p class=\"wp-block-paragraph\"><\/p>\n","protected":false},"excerpt":{"rendered":"<p>Die l\u00e4stige Suche nach Kleingeld und das Schlangestehen am Automaten geh\u00f6ren der Vergangenheit an. Mit uns kannst du Deine Mobilit\u00e4t &#8230; <a href=\"https:\/\/mobilet.eu\/at\/mobilet-at-handyparken\/\" aria-label=\"Weiterlesen \u00fcber Mobilet.at | Handyparken\">Weiterlesen \u00fcber Mobilet.at | Handyparken<\/a><\/p>\n","protected":false},"author":20,"featured_media":178,"parent":0,"menu_order":0,"comment_status":"closed","ping_status":"closed","template":"","meta":{"_crdt_document":"","content-type":"","footnotes":""},"class_list":["post-165","page","type-page","status-publish","has-post-thumbnail","hentry"],"yoast_head":"<!-- This site is optimized with the Yoast SEO plugin v27.3 - https:\/\/yoast.com\/product\/yoast-seo-wordpress\/ -->\n<title>Mobilet.at | Handyparken - mobilet.at<\/title>\n<meta name=\"robots\" content=\"index, follow, max-snippet:-1, max-image-preview:large, max-video-preview:-1\" \/>\n<link rel=\"canonical\" href=\"https:\/\/mobilet.eu\/at\/mobilet-at-handyparken\/\" \/>\n<meta property=\"og:locale\" content=\"de_DE\" \/>\n<meta property=\"og:type\" content=\"article\" \/>\n<meta property=\"og:title\" content=\"Mobilet.at | Handyparken - mobilet.at\" \/>\n<meta property=\"og:description\" content=\"Die l\u00e4stige Suche nach Kleingeld und das Schlangestehen am Automaten geh\u00f6ren der Vergangenheit an. Mit uns kannst du Deine Mobilit\u00e4t ... Weiterlesen \u00fcber Mobilet.at | Handyparken\" \/>\n<meta property=\"og:url\" content=\"https:\/\/mobilet.eu\/at\/mobilet-at-handyparken\/\" \/>\n<meta property=\"og:site_name\" content=\"mobilet.at\" \/>\n<meta property=\"article:modified_time\" content=\"2025-03-31T11:59:23+00:00\" \/>\n<meta property=\"og:image\" content=\"https:\/\/mobilet.eu\/at\/wp-content\/uploads\/sites\/9\/2025\/03\/Banner-KostenGebuehrenPage-2024_Zeichenflaeche-1_Zeichenflaeche-1-1.jpg\" \/>\n\t<meta property=\"og:image:width\" content=\"2017\" \/>\n\t<meta property=\"og:image:height\" content=\"817\" \/>\n\t<meta property=\"og:image:type\" content=\"image\/jpeg\" \/>\n<meta name=\"twitter:card\" content=\"summary_large_image\" \/>\n<meta name=\"twitter:label1\" content=\"Gesch\u00e4tzte Lesezeit\" \/>\n\t<meta name=\"twitter:data1\" content=\"1\u00a0Minute\" \/>\n<script type=\"application\/ld+json\" class=\"yoast-schema-graph\">{\"@context\":\"https:\\\/\\\/schema.org\",\"@graph\":[{\"@type\":\"WebPage\",\"@id\":\"https:\\\/\\\/mobilet.eu\\\/at\\\/mobilet-at-handyparken\\\/\",\"url\":\"https:\\\/\\\/mobilet.eu\\\/at\\\/mobilet-at-handyparken\\\/\",\"name\":\"Mobilet.at | Handyparken - mobilet.at\",\"isPartOf\":{\"@id\":\"https:\\\/\\\/mobilet.eu\\\/at\\\/#website\"},\"primaryImageOfPage\":{\"@id\":\"https:\\\/\\\/mobilet.eu\\\/at\\\/mobilet-at-handyparken\\\/#primaryimage\"},\"image\":{\"@id\":\"https:\\\/\\\/mobilet.eu\\\/at\\\/mobilet-at-handyparken\\\/#primaryimage\"},\"thumbnailUrl\":\"https:\\\/\\\/mobilet.eu\\\/at\\\/wp-content\\\/uploads\\\/sites\\\/9\\\/2025\\\/03\\\/Banner-KostenGebuehrenPage-2024_Zeichenflaeche-1_Zeichenflaeche-1-1.jpg\",\"datePublished\":\"2025-03-11T15:47:19+00:00\",\"dateModified\":\"2025-03-31T11:59:23+00:00\",\"breadcrumb\":{\"@id\":\"https:\\\/\\\/mobilet.eu\\\/at\\\/mobilet-at-handyparken\\\/#breadcrumb\"},\"inLanguage\":\"de\",\"potentialAction\":[{\"@type\":\"ReadAction\",\"target\":[\"https:\\\/\\\/mobilet.eu\\\/at\\\/mobilet-at-handyparken\\\/\"]}]},{\"@type\":\"ImageObject\",\"inLanguage\":\"de\",\"@id\":\"https:\\\/\\\/mobilet.eu\\\/at\\\/mobilet-at-handyparken\\\/#primaryimage\",\"url\":\"https:\\\/\\\/mobilet.eu\\\/at\\\/wp-content\\\/uploads\\\/sites\\\/9\\\/2025\\\/03\\\/Banner-KostenGebuehrenPage-2024_Zeichenflaeche-1_Zeichenflaeche-1-1.jpg\",\"contentUrl\":\"https:\\\/\\\/mobilet.eu\\\/at\\\/wp-content\\\/uploads\\\/sites\\\/9\\\/2025\\\/03\\\/Banner-KostenGebuehrenPage-2024_Zeichenflaeche-1_Zeichenflaeche-1-1.jpg\",\"width\":2017,\"height\":817},{\"@type\":\"BreadcrumbList\",\"@id\":\"https:\\\/\\\/mobilet.eu\\\/at\\\/mobilet-at-handyparken\\\/#breadcrumb\",\"itemListElement\":[{\"@type\":\"ListItem\",\"position\":1,\"name\":\"Strona g\u0142\u00f3wna\",\"item\":\"https:\\\/\\\/mobilet.eu\\\/at\\\/\"},{\"@type\":\"ListItem\",\"position\":2,\"name\":\"Mobilet.at | Handyparken\"}]},{\"@type\":\"WebSite\",\"@id\":\"https:\\\/\\\/mobilet.eu\\\/at\\\/#website\",\"url\":\"https:\\\/\\\/mobilet.eu\\\/at\\\/\",\"name\":\"mobilet.at\",\"description\":\"\",\"potentialAction\":[{\"@type\":\"SearchAction\",\"target\":{\"@type\":\"EntryPoint\",\"urlTemplate\":\"https:\\\/\\\/mobilet.eu\\\/at\\\/?s={search_term_string}\"},\"query-input\":{\"@type\":\"PropertyValueSpecification\",\"valueRequired\":true,\"valueName\":\"search_term_string\"}}],\"inLanguage\":\"de\"}]}<\/script>\n<!-- \/ Yoast SEO plugin. -->","yoast_head_json":{"title":"Mobilet.at | Handyparken - mobilet.at","robots":{"index":"index","follow":"follow","max-snippet":"max-snippet:-1","max-image-preview":"max-image-preview:large","max-video-preview":"max-video-preview:-1"},"canonical":"https:\/\/mobilet.eu\/at\/mobilet-at-handyparken\/","og_locale":"de_DE","og_type":"article","og_title":"Mobilet.at | Handyparken - mobilet.at","og_description":"Die l\u00e4stige Suche nach Kleingeld und das Schlangestehen am Automaten geh\u00f6ren der Vergangenheit an. Mit uns kannst du Deine Mobilit\u00e4t ... Weiterlesen \u00fcber Mobilet.at | Handyparken","og_url":"https:\/\/mobilet.eu\/at\/mobilet-at-handyparken\/","og_site_name":"mobilet.at","article_modified_time":"2025-03-31T11:59:23+00:00","og_image":[{"width":2017,"height":817,"url":"https:\/\/mobilet.eu\/at\/wp-content\/uploads\/sites\/9\/2025\/03\/Banner-KostenGebuehrenPage-2024_Zeichenflaeche-1_Zeichenflaeche-1-1.jpg","type":"image\/jpeg"}],"twitter_card":"summary_large_image","twitter_misc":{"Gesch\u00e4tzte Lesezeit":"1\u00a0Minute"},"schema":{"@context":"https:\/\/schema.org","@graph":[{"@type":"WebPage","@id":"https:\/\/mobilet.eu\/at\/mobilet-at-handyparken\/","url":"https:\/\/mobilet.eu\/at\/mobilet-at-handyparken\/","name":"Mobilet.at | Handyparken - mobilet.at","isPartOf":{"@id":"https:\/\/mobilet.eu\/at\/#website"},"primaryImageOfPage":{"@id":"https:\/\/mobilet.eu\/at\/mobilet-at-handyparken\/#primaryimage"},"image":{"@id":"https:\/\/mobilet.eu\/at\/mobilet-at-handyparken\/#primaryimage"},"thumbnailUrl":"https:\/\/mobilet.eu\/at\/wp-content\/uploads\/sites\/9\/2025\/03\/Banner-KostenGebuehrenPage-2024_Zeichenflaeche-1_Zeichenflaeche-1-1.jpg","datePublished":"2025-03-11T15:47:19+00:00","dateModified":"2025-03-31T11:59:23+00:00","breadcrumb":{"@id":"https:\/\/mobilet.eu\/at\/mobilet-at-handyparken\/#breadcrumb"},"inLanguage":"de","potentialAction":[{"@type":"ReadAction","target":["https:\/\/mobilet.eu\/at\/mobilet-at-handyparken\/"]}]},{"@type":"ImageObject","inLanguage":"de","@id":"https:\/\/mobilet.eu\/at\/mobilet-at-handyparken\/#primaryimage","url":"https:\/\/mobilet.eu\/at\/wp-content\/uploads\/sites\/9\/2025\/03\/Banner-KostenGebuehrenPage-2024_Zeichenflaeche-1_Zeichenflaeche-1-1.jpg","contentUrl":"https:\/\/mobilet.eu\/at\/wp-content\/uploads\/sites\/9\/2025\/03\/Banner-KostenGebuehrenPage-2024_Zeichenflaeche-1_Zeichenflaeche-1-1.jpg","width":2017,"height":817},{"@type":"BreadcrumbList","@id":"https:\/\/mobilet.eu\/at\/mobilet-at-handyparken\/#breadcrumb","itemListElement":[{"@type":"ListItem","position":1,"name":"Strona g\u0142\u00f3wna","item":"https:\/\/mobilet.eu\/at\/"},{"@type":"ListItem","position":2,"name":"Mobilet.at | Handyparken"}]},{"@type":"WebSite","@id":"https:\/\/mobilet.eu\/at\/#website","url":"https:\/\/mobilet.eu\/at\/","name":"mobilet.at","description":"","potentialAction":[{"@type":"SearchAction","target":{"@type":"EntryPoint","urlTemplate":"https:\/\/mobilet.eu\/at\/?s={search_term_string}"},"query-input":{"@type":"PropertyValueSpecification","valueRequired":true,"valueName":"search_term_string"}}],"inLanguage":"de"}]}},"_links":{"self":[{"href":"https:\/\/mobilet.eu\/at\/wp-json\/wp\/v2\/pages\/165","targetHints":{"allow":["GET"]}}],"collection":[{"href":"https:\/\/mobilet.eu\/at\/wp-json\/wp\/v2\/pages"}],"about":[{"href":"https:\/\/mobilet.eu\/at\/wp-json\/wp\/v2\/types\/page"}],"author":[{"embeddable":true,"href":"https:\/\/mobilet.eu\/at\/wp-json\/wp\/v2\/users\/20"}],"replies":[{"embeddable":true,"href":"https:\/\/mobilet.eu\/at\/wp-json\/wp\/v2\/comments?post=165"}],"version-history":[{"count":3,"href":"https:\/\/mobilet.eu\/at\/wp-json\/wp\/v2\/pages\/165\/revisions"}],"predecessor-version":[{"id":210,"href":"https:\/\/mobilet.eu\/at\/wp-json\/wp\/v2\/pages\/165\/revisions\/210"}],"wp:featuredmedia":[{"embeddable":true,"href":"https:\/\/mobilet.eu\/at\/wp-json\/wp\/v2\/media\/178"}],"wp:attachment":[{"href":"https:\/\/mobilet.eu\/at\/wp-json\/wp\/v2\/media?parent=165"}],"curies":[{"name":"wp","href":"https:\/\/api.w.org\/{rel}","templated":true}]}}