{"id":8,"date":"2024-11-28T20:42:28","date_gmt":"2024-11-28T19:42:28","guid":{"rendered":"https:\/\/mobilet.eu\/at\/?page_id=8"},"modified":"2025-05-28T15:39:55","modified_gmt":"2025-05-28T13:39:55","slug":"home","status":"publish","type":"page","link":"https:\/\/mobilet.eu\/at\/","title":{"rendered":"Das ist mobilet."},"content":{"rendered":"\n<h2 class=\"wp-block-heading\">Deine App f\u00fcr digitale Parktickets<\/h2>\n\n\n\n<p class=\"wp-block-paragraph\">Parken war noch nie so einfach! Mit der mobilet-App hast du deine Parkscheine immer griffbereit \u2013 ganz ohne Kleingeld und l\u00e4stige Automaten. Jetzt kostenlos <a href=\"https:\/\/mobilet.eu\/at\/mobilet-app-download\/\" target=\"_blank\" rel=\"noreferrer noopener\">herunterladen<\/a>.<\/p>\n\n\n\n<p class=\"has-black-color has-text-color has-link-color wp-elements-38b091c2906ad714ca504a06a507b2ad wp-block-paragraph\">\u2714 <strong>Einfach und stressfrei:<\/strong> Parkscheine direkt per Smartphone buchen.<br>\u2714 <strong>\u00dcberall dabei:<\/strong> mobilet ist in vielen St\u00e4dten und Gemeinden in \u00d6sterreich verf\u00fcgbar. Dar\u00fcber hinaus auch in Deutschland und Polen.<br>\u2714 <strong>Flexibel sein:<\/strong> Verl\u00e4ngere deine Tickets von unterwegs oder beende sie fr\u00fchzeitig. Du zahlst also nur das,w as du auch wirklich parkst.<\/p>\n","protected":false},"excerpt":{"rendered":"<p>Deine App f\u00fcr digitale Parktickets Parken war noch nie so einfach! Mit der mobilet-App hast du deine Parkscheine immer griffbereit &#8230; <a href=\"https:\/\/mobilet.eu\/at\/\" aria-label=\"Weiterlesen \u00fcber Das ist mobilet.\">Weiterlesen \u00fcber Das ist mobilet.<\/a><\/p>\n","protected":false},"author":20,"featured_media":11,"parent":0,"menu_order":0,"comment_status":"closed","ping_status":"closed","template":"","meta":{"_crdt_document":"","content-type":"","footnotes":""},"class_list":["post-8","page","type-page","status-publish","has-post-thumbnail","hentry"],"yoast_head":"<!-- This site is optimized with the Yoast SEO plugin v27.3 - https:\/\/yoast.com\/product\/yoast-seo-wordpress\/ -->\n<title>Das ist mobilet. - mobilet.at<\/title>\n<meta name=\"robots\" content=\"index, follow, max-snippet:-1, max-image-preview:large, max-video-preview:-1\" \/>\n<link rel=\"canonical\" href=\"https:\/\/mobilet.eu\/at\/\" \/>\n<meta property=\"og:locale\" content=\"de_DE\" \/>\n<meta property=\"og:type\" content=\"article\" \/>\n<meta property=\"og:title\" content=\"Das ist mobilet. - mobilet.at\" \/>\n<meta property=\"og:description\" content=\"Deine App f\u00fcr digitale Parktickets Parken war noch nie so einfach! Mit der mobilet-App hast du deine Parkscheine immer griffbereit ... Weiterlesen \u00fcber Das ist mobilet.\" \/>\n<meta property=\"og:url\" content=\"https:\/\/mobilet.eu\/at\/\" \/>\n<meta property=\"og:site_name\" content=\"mobilet.at\" \/>\n<meta property=\"article:modified_time\" content=\"2025-05-28T13:39:55+00:00\" \/>\n<meta property=\"og:image\" content=\"https:\/\/mobilet.eu\/at\/wp-content\/uploads\/sites\/9\/2024\/11\/austria-wien-header-scaled.jpg\" \/>\n\t<meta property=\"og:image:width\" content=\"2560\" \/>\n\t<meta property=\"og:image:height\" content=\"1704\" \/>\n\t<meta property=\"og:image:type\" content=\"image\/jpeg\" \/>\n<meta name=\"twitter:card\" content=\"summary_large_image\" \/>\n<meta name=\"twitter:label1\" content=\"Gesch\u00e4tzte Lesezeit\" \/>\n\t<meta name=\"twitter:data1\" content=\"1\u00a0Minute\" \/>\n<script type=\"application\/ld+json\" class=\"yoast-schema-graph\">{\"@context\":\"https:\\\/\\\/schema.org\",\"@graph\":[{\"@type\":\"WebPage\",\"@id\":\"https:\\\/\\\/mobilet.eu\\\/at\\\/\",\"url\":\"https:\\\/\\\/mobilet.eu\\\/at\\\/\",\"name\":\"Das ist mobilet. - mobilet.at\",\"isPartOf\":{\"@id\":\"https:\\\/\\\/mobilet.eu\\\/at\\\/#website\"},\"primaryImageOfPage\":{\"@id\":\"https:\\\/\\\/mobilet.eu\\\/at\\\/#primaryimage\"},\"image\":{\"@id\":\"https:\\\/\\\/mobilet.eu\\\/at\\\/#primaryimage\"},\"thumbnailUrl\":\"https:\\\/\\\/mobilet.eu\\\/at\\\/wp-content\\\/uploads\\\/sites\\\/9\\\/2024\\\/11\\\/austria-wien-header-scaled.jpg\",\"datePublished\":\"2024-11-28T19:42:28+00:00\",\"dateModified\":\"2025-05-28T13:39:55+00:00\",\"breadcrumb\":{\"@id\":\"https:\\\/\\\/mobilet.eu\\\/at\\\/#breadcrumb\"},\"inLanguage\":\"de\",\"potentialAction\":[{\"@type\":\"ReadAction\",\"target\":[\"https:\\\/\\\/mobilet.eu\\\/at\\\/\"]}]},{\"@type\":\"ImageObject\",\"inLanguage\":\"de\",\"@id\":\"https:\\\/\\\/mobilet.eu\\\/at\\\/#primaryimage\",\"url\":\"https:\\\/\\\/mobilet.eu\\\/at\\\/wp-content\\\/uploads\\\/sites\\\/9\\\/2024\\\/11\\\/austria-wien-header-scaled.jpg\",\"contentUrl\":\"https:\\\/\\\/mobilet.eu\\\/at\\\/wp-content\\\/uploads\\\/sites\\\/9\\\/2024\\\/11\\\/austria-wien-header-scaled.jpg\",\"width\":2560,\"height\":1704},{\"@type\":\"BreadcrumbList\",\"@id\":\"https:\\\/\\\/mobilet.eu\\\/at\\\/#breadcrumb\",\"itemListElement\":[{\"@type\":\"ListItem\",\"position\":1,\"name\":\"Strona g\u0142\u00f3wna\",\"item\":\"https:\\\/\\\/mobilet.eu\\\/at\\\/\"},{\"@type\":\"ListItem\",\"position\":2,\"name\":\"Das ist mobilet.\"}]},{\"@type\":\"WebSite\",\"@id\":\"https:\\\/\\\/mobilet.eu\\\/at\\\/#website\",\"url\":\"https:\\\/\\\/mobilet.eu\\\/at\\\/\",\"name\":\"mobilet.at\",\"description\":\"\",\"potentialAction\":[{\"@type\":\"SearchAction\",\"target\":{\"@type\":\"EntryPoint\",\"urlTemplate\":\"https:\\\/\\\/mobilet.eu\\\/at\\\/?s={search_term_string}\"},\"query-input\":{\"@type\":\"PropertyValueSpecification\",\"valueRequired\":true,\"valueName\":\"search_term_string\"}}],\"inLanguage\":\"de\"}]}<\/script>\n<!-- \/ Yoast SEO plugin. -->","yoast_head_json":{"title":"Das ist mobilet. - mobilet.at","robots":{"index":"index","follow":"follow","max-snippet":"max-snippet:-1","max-image-preview":"max-image-preview:large","max-video-preview":"max-video-preview:-1"},"canonical":"https:\/\/mobilet.eu\/at\/","og_locale":"de_DE","og_type":"article","og_title":"Das ist mobilet. - mobilet.at","og_description":"Deine App f\u00fcr digitale Parktickets Parken war noch nie so einfach! Mit der mobilet-App hast du deine Parkscheine immer griffbereit ... Weiterlesen \u00fcber Das ist mobilet.","og_url":"https:\/\/mobilet.eu\/at\/","og_site_name":"mobilet.at","article_modified_time":"2025-05-28T13:39:55+00:00","og_image":[{"width":2560,"height":1704,"url":"https:\/\/mobilet.eu\/at\/wp-content\/uploads\/sites\/9\/2024\/11\/austria-wien-header-scaled.jpg","type":"image\/jpeg"}],"twitter_card":"summary_large_image","twitter_misc":{"Gesch\u00e4tzte Lesezeit":"1\u00a0Minute"},"schema":{"@context":"https:\/\/schema.org","@graph":[{"@type":"WebPage","@id":"https:\/\/mobilet.eu\/at\/","url":"https:\/\/mobilet.eu\/at\/","name":"Das ist mobilet. - mobilet.at","isPartOf":{"@id":"https:\/\/mobilet.eu\/at\/#website"},"primaryImageOfPage":{"@id":"https:\/\/mobilet.eu\/at\/#primaryimage"},"image":{"@id":"https:\/\/mobilet.eu\/at\/#primaryimage"},"thumbnailUrl":"https:\/\/mobilet.eu\/at\/wp-content\/uploads\/sites\/9\/2024\/11\/austria-wien-header-scaled.jpg","datePublished":"2024-11-28T19:42:28+00:00","dateModified":"2025-05-28T13:39:55+00:00","breadcrumb":{"@id":"https:\/\/mobilet.eu\/at\/#breadcrumb"},"inLanguage":"de","potentialAction":[{"@type":"ReadAction","target":["https:\/\/mobilet.eu\/at\/"]}]},{"@type":"ImageObject","inLanguage":"de","@id":"https:\/\/mobilet.eu\/at\/#primaryimage","url":"https:\/\/mobilet.eu\/at\/wp-content\/uploads\/sites\/9\/2024\/11\/austria-wien-header-scaled.jpg","contentUrl":"https:\/\/mobilet.eu\/at\/wp-content\/uploads\/sites\/9\/2024\/11\/austria-wien-header-scaled.jpg","width":2560,"height":1704},{"@type":"BreadcrumbList","@id":"https:\/\/mobilet.eu\/at\/#breadcrumb","itemListElement":[{"@type":"ListItem","position":1,"name":"Strona g\u0142\u00f3wna","item":"https:\/\/mobilet.eu\/at\/"},{"@type":"ListItem","position":2,"name":"Das ist mobilet."}]},{"@type":"WebSite","@id":"https:\/\/mobilet.eu\/at\/#website","url":"https:\/\/mobilet.eu\/at\/","name":"mobilet.at","description":"","potentialAction":[{"@type":"SearchAction","target":{"@type":"EntryPoint","urlTemplate":"https:\/\/mobilet.eu\/at\/?s={search_term_string}"},"query-input":{"@type":"PropertyValueSpecification","valueRequired":true,"valueName":"search_term_string"}}],"inLanguage":"de"}]}},"_links":{"self":[{"href":"https:\/\/mobilet.eu\/at\/wp-json\/wp\/v2\/pages\/8","targetHints":{"allow":["GET"]}}],"collection":[{"href":"https:\/\/mobilet.eu\/at\/wp-json\/wp\/v2\/pages"}],"about":[{"href":"https:\/\/mobilet.eu\/at\/wp-json\/wp\/v2\/types\/page"}],"author":[{"embeddable":true,"href":"https:\/\/mobilet.eu\/at\/wp-json\/wp\/v2\/users\/20"}],"replies":[{"embeddable":true,"href":"https:\/\/mobilet.eu\/at\/wp-json\/wp\/v2\/comments?post=8"}],"version-history":[{"count":7,"href":"https:\/\/mobilet.eu\/at\/wp-json\/wp\/v2\/pages\/8\/revisions"}],"predecessor-version":[{"id":246,"href":"https:\/\/mobilet.eu\/at\/wp-json\/wp\/v2\/pages\/8\/revisions\/246"}],"wp:featuredmedia":[{"embeddable":true,"href":"https:\/\/mobilet.eu\/at\/wp-json\/wp\/v2\/media\/11"}],"wp:attachment":[{"href":"https:\/\/mobilet.eu\/at\/wp-json\/wp\/v2\/media?parent=8"}],"curies":[{"name":"wp","href":"https:\/\/api.w.org\/{rel}","templated":true}]}}