{"id":106,"date":"2021-03-17T10:30:19","date_gmt":"2021-03-17T09:30:19","guid":{"rendered":"https:\/\/mobilet.eu\/de\/?page_id=106"},"modified":"2025-10-17T14:48:37","modified_gmt":"2025-10-17T12:48:37","slug":"impressum","status":"publish","type":"page","link":"https:\/\/mobilet.eu\/de\/impressum\/","title":{"rendered":"Impressum"},"content":{"rendered":"\n<h2 class=\"wp-block-heading\"><a href=\"https:\/\/stadtraum.com\">stadtraum<\/a><\/h2>\n\n\n\n<p class=\"wp-block-paragraph\"><code><br><\/code>Gesellschaft f\u00fcr Raumplanung, St\u00e4dtebau &amp; Verkehrstechnik mbH<\/p>\n\n\n\n<p class=\"wp-block-paragraph\">Rotherstra\u00dfe 22<br>10245 Berlin<\/p>\n\n\n\n<p class=\"wp-block-paragraph\">Bitte nutzt f\u00fcr die Kontaktaufnahme mit uns <a href=\"mailto:support@mobilet.de\">support@mobilet.de<\/a>.<\/p>\n\n\n\n<p class=\"wp-block-paragraph\">Vertretungsberechtigter Gesch\u00e4ftsf\u00fchrer:<br>Dipl.-Ing. Stefan Dittrich<\/p>\n\n\n\n<p class=\"wp-block-paragraph\">Registergericht \/ Registernummer:<br>Berlin, HRB 35574<\/p>\n\n\n\n<p class=\"wp-block-paragraph\">Umsatzsteuer-Identifikationsnummer gem\u00e4\u00df \u00a727a Umsatzsteuergesetz: DE 137 187 842<\/p>\n\n\n\n<p class=\"wp-block-paragraph\">Inhaltlich Verantwortlicher gem\u00e4\u00df \u00a76 MDStV: Stefan Dittrich<\/p>\n","protected":false},"excerpt":{"rendered":"<p>stadtraum Gesellschaft f\u00fcr Raumplanung, St\u00e4dtebau &amp; Verkehrstechnik mbH Rotherstra\u00dfe 2210245 Berlin Bitte nutzt f\u00fcr die Kontaktaufnahme mit uns support@mobilet.de. Vertretungsberechtigter &#8230; <a href=\"https:\/\/mobilet.eu\/de\/impressum\/\" aria-label=\"Weiterlesen \u00fcber Impressum\">Weiterlesen \u00fcber Impressum<\/a><\/p>\n","protected":false},"author":1,"featured_media":37117,"parent":0,"menu_order":0,"comment_status":"closed","ping_status":"closed","template":"","meta":{"_crdt_document":"","content-type":"","footnotes":""},"class_list":["post-106","page","type-page","status-publish","has-post-thumbnail","hentry"],"yoast_head":"<!-- This site is optimized with the Yoast SEO plugin v27.5 - https:\/\/yoast.com\/product\/yoast-seo-wordpress\/ -->\n<title>Impressum<\/title>\n<meta name=\"robots\" content=\"noindex, follow\" \/>\n<meta property=\"og:locale\" content=\"de_DE\" \/>\n<meta property=\"og:type\" content=\"article\" \/>\n<meta property=\"og:title\" content=\"Impressum\" \/>\n<meta property=\"og:description\" content=\"stadtraum Gesellschaft f\u00fcr Raumplanung, St\u00e4dtebau &amp; Verkehrstechnik mbH Rotherstra\u00dfe 2210245 Berlin Bitte nutzt f\u00fcr die Kontaktaufnahme mit uns support@mobilet.de. Vertretungsberechtigter ... Weiterlesen \u00fcber Impressum\" \/>\n<meta property=\"og:url\" content=\"https:\/\/mobilet.eu\/de\/impressum\/\" \/>\n<meta property=\"og:site_name\" content=\"mobilet.de\" \/>\n<meta property=\"article:publisher\" content=\"https:\/\/www.facebook.com\/mobilet.de\" \/>\n<meta property=\"article:modified_time\" content=\"2025-10-17T12:48:37+00:00\" \/>\n<meta property=\"og:image\" content=\"https:\/\/mobilet.eu\/de\/wp-content\/uploads\/sites\/2\/2025\/10\/Impressum-scaled.jpg\" \/>\n\t<meta property=\"og:image:width\" content=\"2560\" \/>\n\t<meta property=\"og:image:height\" content=\"1280\" \/>\n\t<meta property=\"og:image:type\" content=\"image\/jpeg\" \/>\n<meta name=\"twitter:card\" content=\"summary_large_image\" \/>\n<meta name=\"twitter:label1\" content=\"Gesch\u00e4tzte Lesezeit\" \/>\n\t<meta name=\"twitter:data1\" content=\"1\u00a0Minute\" \/>\n<script type=\"application\/ld+json\" class=\"yoast-schema-graph\">{\"@context\":\"https:\\\/\\\/schema.org\",\"@graph\":[{\"@type\":\"Article\",\"@id\":\"https:\\\/\\\/mobilet.eu\\\/de\\\/impressum\\\/#article\",\"isPartOf\":{\"@id\":\"https:\\\/\\\/mobilet.eu\\\/de\\\/impressum\\\/\"},\"author\":{\"name\":\"mobilet\",\"@id\":\"https:\\\/\\\/mobilet.eu\\\/de\\\/#\\\/schema\\\/person\\\/f072f532366811d5c5c467acf7647d59\"},\"headline\":\"Impressum\",\"datePublished\":\"2021-03-17T09:30:19+00:00\",\"dateModified\":\"2025-10-17T12:48:37+00:00\",\"mainEntityOfPage\":{\"@id\":\"https:\\\/\\\/mobilet.eu\\\/de\\\/impressum\\\/\"},\"wordCount\":48,\"publisher\":{\"@id\":\"https:\\\/\\\/mobilet.eu\\\/de\\\/#organization\"},\"image\":{\"@id\":\"https:\\\/\\\/mobilet.eu\\\/de\\\/impressum\\\/#primaryimage\"},\"thumbnailUrl\":\"https:\\\/\\\/mobilet.eu\\\/de\\\/wp-content\\\/uploads\\\/sites\\\/2\\\/2025\\\/10\\\/Impressum-scaled.jpg\",\"inLanguage\":\"de\"},{\"@type\":\"WebPage\",\"@id\":\"https:\\\/\\\/mobilet.eu\\\/de\\\/impressum\\\/\",\"url\":\"https:\\\/\\\/mobilet.eu\\\/de\\\/impressum\\\/\",\"name\":\"Impressum\",\"isPartOf\":{\"@id\":\"https:\\\/\\\/mobilet.eu\\\/de\\\/#website\"},\"primaryImageOfPage\":{\"@id\":\"https:\\\/\\\/mobilet.eu\\\/de\\\/impressum\\\/#primaryimage\"},\"image\":{\"@id\":\"https:\\\/\\\/mobilet.eu\\\/de\\\/impressum\\\/#primaryimage\"},\"thumbnailUrl\":\"https:\\\/\\\/mobilet.eu\\\/de\\\/wp-content\\\/uploads\\\/sites\\\/2\\\/2025\\\/10\\\/Impressum-scaled.jpg\",\"datePublished\":\"2021-03-17T09:30:19+00:00\",\"dateModified\":\"2025-10-17T12:48:37+00:00\",\"breadcrumb\":{\"@id\":\"https:\\\/\\\/mobilet.eu\\\/de\\\/impressum\\\/#breadcrumb\"},\"inLanguage\":\"de\",\"potentialAction\":[{\"@type\":\"ReadAction\",\"target\":[\"https:\\\/\\\/mobilet.eu\\\/de\\\/impressum\\\/\"]}]},{\"@type\":\"ImageObject\",\"inLanguage\":\"de\",\"@id\":\"https:\\\/\\\/mobilet.eu\\\/de\\\/impressum\\\/#primaryimage\",\"url\":\"https:\\\/\\\/mobilet.eu\\\/de\\\/wp-content\\\/uploads\\\/sites\\\/2\\\/2025\\\/10\\\/Impressum-scaled.jpg\",\"contentUrl\":\"https:\\\/\\\/mobilet.eu\\\/de\\\/wp-content\\\/uploads\\\/sites\\\/2\\\/2025\\\/10\\\/Impressum-scaled.jpg\",\"width\":2560,\"height\":1280,\"caption\":\"Impressum- hero heading image. with mobilet.de app mockup\"},{\"@type\":\"BreadcrumbList\",\"@id\":\"https:\\\/\\\/mobilet.eu\\\/de\\\/impressum\\\/#breadcrumb\",\"itemListElement\":[{\"@type\":\"ListItem\",\"position\":1,\"name\":\"Home\",\"item\":\"https:\\\/\\\/mobilet.eu\\\/de\\\/\"},{\"@type\":\"ListItem\",\"position\":2,\"name\":\"Impressum\"}]},{\"@type\":\"WebSite\",\"@id\":\"https:\\\/\\\/mobilet.eu\\\/de\\\/#website\",\"url\":\"https:\\\/\\\/mobilet.eu\\\/de\\\/\",\"name\":\"mobilet.de\",\"description\":\"Handyparken und mehr \u2026\",\"publisher\":{\"@id\":\"https:\\\/\\\/mobilet.eu\\\/de\\\/#organization\"},\"potentialAction\":[{\"@type\":\"SearchAction\",\"target\":{\"@type\":\"EntryPoint\",\"urlTemplate\":\"https:\\\/\\\/mobilet.eu\\\/de\\\/?s={search_term_string}\"},\"query-input\":{\"@type\":\"PropertyValueSpecification\",\"valueRequired\":true,\"valueName\":\"search_term_string\"}}],\"inLanguage\":\"de\"},{\"@type\":\"Organization\",\"@id\":\"https:\\\/\\\/mobilet.eu\\\/de\\\/#organization\",\"name\":\"stadtraum GmbH\",\"url\":\"https:\\\/\\\/mobilet.eu\\\/de\\\/\",\"logo\":{\"@type\":\"ImageObject\",\"inLanguage\":\"de\",\"@id\":\"https:\\\/\\\/mobilet.eu\\\/de\\\/#\\\/schema\\\/logo\\\/image\\\/\",\"url\":\"https:\\\/\\\/mobilet.eu\\\/de\\\/wp-content\\\/uploads\\\/sites\\\/2\\\/2022\\\/11\\\/mobilet-handyparken-01.jpg\",\"contentUrl\":\"https:\\\/\\\/mobilet.eu\\\/de\\\/wp-content\\\/uploads\\\/sites\\\/2\\\/2022\\\/11\\\/mobilet-handyparken-01.jpg\",\"width\":1920,\"height\":1280,\"caption\":\"stadtraum GmbH\"},\"image\":{\"@id\":\"https:\\\/\\\/mobilet.eu\\\/de\\\/#\\\/schema\\\/logo\\\/image\\\/\"},\"sameAs\":[\"https:\\\/\\\/www.facebook.com\\\/mobilet.de\",\"https:\\\/\\\/www.instagram.com\\\/mobilet.de\\\/\"]},{\"@type\":\"Person\",\"@id\":\"https:\\\/\\\/mobilet.eu\\\/de\\\/#\\\/schema\\\/person\\\/f072f532366811d5c5c467acf7647d59\",\"name\":\"mobilet\",\"image\":{\"@type\":\"ImageObject\",\"inLanguage\":\"de\",\"@id\":\"https:\\\/\\\/secure.gravatar.com\\\/avatar\\\/90c7185b319bf503d1d9ea791eea593db7441ccd2ba5402f2c30ab85a70bb223?s=96&d=mm&r=g\",\"url\":\"https:\\\/\\\/secure.gravatar.com\\\/avatar\\\/90c7185b319bf503d1d9ea791eea593db7441ccd2ba5402f2c30ab85a70bb223?s=96&d=mm&r=g\",\"contentUrl\":\"https:\\\/\\\/secure.gravatar.com\\\/avatar\\\/90c7185b319bf503d1d9ea791eea593db7441ccd2ba5402f2c30ab85a70bb223?s=96&d=mm&r=g\",\"caption\":\"mobilet\"},\"sameAs\":[\"https:\\\/\\\/mobilet.eu\"],\"url\":\"https:\\\/\\\/mobilet.eu\\\/de\\\/author\\\/admin\\\/\"}]}<\/script>\n<!-- \/ Yoast SEO plugin. -->","yoast_head_json":{"title":"Impressum","robots":{"index":"noindex","follow":"follow"},"og_locale":"de_DE","og_type":"article","og_title":"Impressum","og_description":"stadtraum Gesellschaft f\u00fcr Raumplanung, St\u00e4dtebau &amp; Verkehrstechnik mbH Rotherstra\u00dfe 2210245 Berlin Bitte nutzt f\u00fcr die Kontaktaufnahme mit uns support@mobilet.de. Vertretungsberechtigter ... Weiterlesen \u00fcber Impressum","og_url":"https:\/\/mobilet.eu\/de\/impressum\/","og_site_name":"mobilet.de","article_publisher":"https:\/\/www.facebook.com\/mobilet.de","article_modified_time":"2025-10-17T12:48:37+00:00","og_image":[{"width":2560,"height":1280,"url":"https:\/\/mobilet.eu\/de\/wp-content\/uploads\/sites\/2\/2025\/10\/Impressum-scaled.jpg","type":"image\/jpeg"}],"twitter_card":"summary_large_image","twitter_misc":{"Gesch\u00e4tzte Lesezeit":"1\u00a0Minute"},"schema":{"@context":"https:\/\/schema.org","@graph":[{"@type":"Article","@id":"https:\/\/mobilet.eu\/de\/impressum\/#article","isPartOf":{"@id":"https:\/\/mobilet.eu\/de\/impressum\/"},"author":{"name":"mobilet","@id":"https:\/\/mobilet.eu\/de\/#\/schema\/person\/f072f532366811d5c5c467acf7647d59"},"headline":"Impressum","datePublished":"2021-03-17T09:30:19+00:00","dateModified":"2025-10-17T12:48:37+00:00","mainEntityOfPage":{"@id":"https:\/\/mobilet.eu\/de\/impressum\/"},"wordCount":48,"publisher":{"@id":"https:\/\/mobilet.eu\/de\/#organization"},"image":{"@id":"https:\/\/mobilet.eu\/de\/impressum\/#primaryimage"},"thumbnailUrl":"https:\/\/mobilet.eu\/de\/wp-content\/uploads\/sites\/2\/2025\/10\/Impressum-scaled.jpg","inLanguage":"de"},{"@type":"WebPage","@id":"https:\/\/mobilet.eu\/de\/impressum\/","url":"https:\/\/mobilet.eu\/de\/impressum\/","name":"Impressum","isPartOf":{"@id":"https:\/\/mobilet.eu\/de\/#website"},"primaryImageOfPage":{"@id":"https:\/\/mobilet.eu\/de\/impressum\/#primaryimage"},"image":{"@id":"https:\/\/mobilet.eu\/de\/impressum\/#primaryimage"},"thumbnailUrl":"https:\/\/mobilet.eu\/de\/wp-content\/uploads\/sites\/2\/2025\/10\/Impressum-scaled.jpg","datePublished":"2021-03-17T09:30:19+00:00","dateModified":"2025-10-17T12:48:37+00:00","breadcrumb":{"@id":"https:\/\/mobilet.eu\/de\/impressum\/#breadcrumb"},"inLanguage":"de","potentialAction":[{"@type":"ReadAction","target":["https:\/\/mobilet.eu\/de\/impressum\/"]}]},{"@type":"ImageObject","inLanguage":"de","@id":"https:\/\/mobilet.eu\/de\/impressum\/#primaryimage","url":"https:\/\/mobilet.eu\/de\/wp-content\/uploads\/sites\/2\/2025\/10\/Impressum-scaled.jpg","contentUrl":"https:\/\/mobilet.eu\/de\/wp-content\/uploads\/sites\/2\/2025\/10\/Impressum-scaled.jpg","width":2560,"height":1280,"caption":"Impressum- hero heading image. with mobilet.de app mockup"},{"@type":"BreadcrumbList","@id":"https:\/\/mobilet.eu\/de\/impressum\/#breadcrumb","itemListElement":[{"@type":"ListItem","position":1,"name":"Home","item":"https:\/\/mobilet.eu\/de\/"},{"@type":"ListItem","position":2,"name":"Impressum"}]},{"@type":"WebSite","@id":"https:\/\/mobilet.eu\/de\/#website","url":"https:\/\/mobilet.eu\/de\/","name":"mobilet.de","description":"Handyparken und mehr \u2026","publisher":{"@id":"https:\/\/mobilet.eu\/de\/#organization"},"potentialAction":[{"@type":"SearchAction","target":{"@type":"EntryPoint","urlTemplate":"https:\/\/mobilet.eu\/de\/?s={search_term_string}"},"query-input":{"@type":"PropertyValueSpecification","valueRequired":true,"valueName":"search_term_string"}}],"inLanguage":"de"},{"@type":"Organization","@id":"https:\/\/mobilet.eu\/de\/#organization","name":"stadtraum GmbH","url":"https:\/\/mobilet.eu\/de\/","logo":{"@type":"ImageObject","inLanguage":"de","@id":"https:\/\/mobilet.eu\/de\/#\/schema\/logo\/image\/","url":"https:\/\/mobilet.eu\/de\/wp-content\/uploads\/sites\/2\/2022\/11\/mobilet-handyparken-01.jpg","contentUrl":"https:\/\/mobilet.eu\/de\/wp-content\/uploads\/sites\/2\/2022\/11\/mobilet-handyparken-01.jpg","width":1920,"height":1280,"caption":"stadtraum GmbH"},"image":{"@id":"https:\/\/mobilet.eu\/de\/#\/schema\/logo\/image\/"},"sameAs":["https:\/\/www.facebook.com\/mobilet.de","https:\/\/www.instagram.com\/mobilet.de\/"]},{"@type":"Person","@id":"https:\/\/mobilet.eu\/de\/#\/schema\/person\/f072f532366811d5c5c467acf7647d59","name":"mobilet","image":{"@type":"ImageObject","inLanguage":"de","@id":"https:\/\/secure.gravatar.com\/avatar\/90c7185b319bf503d1d9ea791eea593db7441ccd2ba5402f2c30ab85a70bb223?s=96&d=mm&r=g","url":"https:\/\/secure.gravatar.com\/avatar\/90c7185b319bf503d1d9ea791eea593db7441ccd2ba5402f2c30ab85a70bb223?s=96&d=mm&r=g","contentUrl":"https:\/\/secure.gravatar.com\/avatar\/90c7185b319bf503d1d9ea791eea593db7441ccd2ba5402f2c30ab85a70bb223?s=96&d=mm&r=g","caption":"mobilet"},"sameAs":["https:\/\/mobilet.eu"],"url":"https:\/\/mobilet.eu\/de\/author\/admin\/"}]}},"_links":{"self":[{"href":"https:\/\/mobilet.eu\/de\/wp-json\/wp\/v2\/pages\/106","targetHints":{"allow":["GET"]}}],"collection":[{"href":"https:\/\/mobilet.eu\/de\/wp-json\/wp\/v2\/pages"}],"about":[{"href":"https:\/\/mobilet.eu\/de\/wp-json\/wp\/v2\/types\/page"}],"author":[{"embeddable":true,"href":"https:\/\/mobilet.eu\/de\/wp-json\/wp\/v2\/users\/1"}],"replies":[{"embeddable":true,"href":"https:\/\/mobilet.eu\/de\/wp-json\/wp\/v2\/comments?post=106"}],"version-history":[{"count":10,"href":"https:\/\/mobilet.eu\/de\/wp-json\/wp\/v2\/pages\/106\/revisions"}],"predecessor-version":[{"id":37116,"href":"https:\/\/mobilet.eu\/de\/wp-json\/wp\/v2\/pages\/106\/revisions\/37116"}],"wp:featuredmedia":[{"embeddable":true,"href":"https:\/\/mobilet.eu\/de\/wp-json\/wp\/v2\/media\/37117"}],"wp:attachment":[{"href":"https:\/\/mobilet.eu\/de\/wp-json\/wp\/v2\/media?parent=106"}],"curies":[{"name":"wp","href":"https:\/\/api.w.org\/{rel}","templated":true}]}}