{"id":14282,"date":"2024-04-02T11:54:21","date_gmt":"2024-04-02T09:54:21","guid":{"rendered":"https:\/\/mobilet.eu\/de\/?page_id=14282"},"modified":"2025-06-27T17:01:17","modified_gmt":"2025-06-27T15:01:17","slug":"service_kosten","status":"publish","type":"page","link":"https:\/\/mobilet.eu\/de\/service_kosten\/","title":{"rendered":"Handyparken: unsere Servicekosten"},"content":{"rendered":"\n<div class=\"wp-block-columns is-layout-flex wp-container-core-columns-is-layout-8f761849 wp-block-columns-is-layout-flex\">\n<div class=\"wp-block-column is-vertically-aligned-center is-layout-flow wp-block-column-is-layout-flow\" style=\"flex-basis:100%\">\n<h3 class=\"wp-block-heading\">Keine versteckten Kosten bei mobilet<\/h3>\n\n\n\n<p class=\"wp-block-paragraph\">Wir bei mobilet m\u00f6chten dir das Parken so einfach und transparent wie m\u00f6glich machen. Hier erf\u00e4hrst du alles \u00fcber die Servicekosten, die beim Kauf eines Parktickets \u00fcber unsere App anfallen. Die H\u00f6he der Parktickets variieren je nach Stadt und Parkzone. Diese Geb\u00fchren werden von den lokalen Beh\u00f6rden festgelegt und sind direkt in der App einsehbar, sobald du den Standort ausgew\u00e4hlt hast.<\/p>\n\n\n\n<p class=\"wp-block-paragraph\">Zus\u00e4tzlich zu diesen Parkgeb\u00fchren erheben wir in den meisten St\u00e4dten Servicekosten. Die H\u00f6he dieser Kosten variiert je nach Stadt. Unten auf dieser Seite hast du einen \u00dcberblick \u00fcber alle St\u00e4dte und die jeweiligen Kosten. Weitere versteckte Kosten gibt es nicht. Alle anfallenden Kosten, inklusive der Servicekosten, werden dir in der App vor Abschluss des Ticketkaufs angezeigt.<\/p>\n\n\n\n<div class=\"wp-block-group\"><div class=\"wp-block-group__inner-container is-layout-constrained wp-block-group-is-layout-constrained\">\n<p class=\"wp-block-paragraph\">Das bedeutet: <\/p>\n\n\n\n<ul class=\"wp-block-list\">\n<li><strong>10cent pro Transaktion <\/strong><\/li>\n\n\n\n<li><strong>10cent\/ 1 Euro pro angefangenen Euro der Parkgeb\u00fchr.<\/strong><\/li>\n<\/ul>\n<\/div><\/div>\n\n\n\n<p class=\"wp-block-paragraph\">Sollten Fragen zu den Servicegekosten anfallen, steht dir unser <a href=\"https:\/\/mobilet.eu\/de\/support\/\">Kundensupport <\/a>jederzeit gerne zur Verf\u00fcgung. Neben den Parktickets bietet mobilet noch weitere Module. Eine \u00dcbersicht findest du in der App oder <a href=\"https:\/\/mobilet.eu\/de\/modules\/\">hier<\/a>. Um dir die App direkt herunterzuladen, <a href=\"https:\/\/mobilet.eu\/de\/download\/\">Jetzt App herunterladen<\/a>.<\/p>\n<\/div>\n\n\n\n<div class=\"wp-block-column is-layout-flow wp-block-column-is-layout-flow\"><\/div>\n<\/div>\n","protected":false},"excerpt":{"rendered":"<p>Keine versteckten Kosten bei mobilet Wir bei mobilet m\u00f6chten dir das Parken so einfach und transparent wie m\u00f6glich machen. Hier &#8230; <a href=\"https:\/\/mobilet.eu\/de\/service_kosten\/\" aria-label=\"Weiterlesen \u00fcber Handyparken: unsere Servicekosten\">Weiterlesen \u00fcber Handyparken: unsere Servicekosten<\/a><\/p>\n","protected":false},"author":20,"featured_media":15550,"parent":0,"menu_order":0,"comment_status":"closed","ping_status":"closed","template":"","meta":{"_crdt_document":"","content-type":"","footnotes":""},"class_list":["post-14282","page","type-page","status-publish","has-post-thumbnail","hentry"],"yoast_head":"<!-- This site is optimized with the Yoast SEO plugin v27.3 - https:\/\/yoast.com\/product\/yoast-seo-wordpress\/ -->\n<title>Handyparken: unsere Servicekosten<\/title>\n<meta name=\"description\" content=\"Sieh dir die lokalen Parkgeb\u00fchren und Servicekosten in deiner Stadt direkt in der App an und profitiere von vollst\u00e4ndiger Kostentransparenz.\" \/>\n<meta name=\"robots\" content=\"index, follow, max-snippet:-1, max-image-preview:large, max-video-preview:-1\" \/>\n<link rel=\"canonical\" href=\"https:\/\/mobilet.eu\/de\/service_kosten\/\" \/>\n<meta property=\"og:locale\" content=\"de_DE\" \/>\n<meta property=\"og:type\" content=\"article\" \/>\n<meta property=\"og:title\" content=\"Handyparken: unsere Servicekosten\" \/>\n<meta property=\"og:description\" content=\"Sieh dir die lokalen Parkgeb\u00fchren und Servicekosten in deiner Stadt direkt in der App an und profitiere von vollst\u00e4ndiger Kostentransparenz.\" \/>\n<meta property=\"og:url\" content=\"https:\/\/mobilet.eu\/de\/service_kosten\/\" \/>\n<meta property=\"og:site_name\" content=\"mobilet.de\" \/>\n<meta property=\"article:publisher\" content=\"https:\/\/www.facebook.com\/mobilet.de\" \/>\n<meta property=\"article:modified_time\" content=\"2025-06-27T15:01:17+00:00\" \/>\n<meta property=\"og:image\" content=\"https:\/\/mobilet.eu\/de\/wp-content\/uploads\/sites\/2\/2024\/09\/Banner-KostenGebuehrenPage-2024-1.jpg\" \/>\n\t<meta property=\"og:image:width\" content=\"2017\" \/>\n\t<meta property=\"og:image:height\" content=\"817\" \/>\n\t<meta property=\"og:image:type\" content=\"image\/jpeg\" \/>\n<meta name=\"twitter:card\" content=\"summary_large_image\" \/>\n<meta name=\"twitter:label1\" content=\"Gesch\u00e4tzte Lesezeit\" \/>\n\t<meta name=\"twitter:data1\" content=\"2\u00a0Minuten\" \/>\n<script type=\"application\/ld+json\" class=\"yoast-schema-graph\">{\"@context\":\"https:\\\/\\\/schema.org\",\"@graph\":[{\"@type\":\"Article\",\"@id\":\"https:\\\/\\\/mobilet.eu\\\/de\\\/service_kosten\\\/#article\",\"isPartOf\":{\"@id\":\"https:\\\/\\\/mobilet.eu\\\/de\\\/service_kosten\\\/\"},\"author\":{\"name\":\"sarahbakir\",\"@id\":\"https:\\\/\\\/mobilet.eu\\\/de\\\/#\\\/schema\\\/person\\\/25b1fdb0f0c965144ae0aba5ed796eb0\"},\"headline\":\"Handyparken: unsere Servicekosten\",\"datePublished\":\"2024-04-02T09:54:21+00:00\",\"dateModified\":\"2025-06-27T15:01:17+00:00\",\"mainEntityOfPage\":{\"@id\":\"https:\\\/\\\/mobilet.eu\\\/de\\\/service_kosten\\\/\"},\"wordCount\":191,\"publisher\":{\"@id\":\"https:\\\/\\\/mobilet.eu\\\/de\\\/#organization\"},\"image\":{\"@id\":\"https:\\\/\\\/mobilet.eu\\\/de\\\/service_kosten\\\/#primaryimage\"},\"thumbnailUrl\":\"https:\\\/\\\/mobilet.eu\\\/de\\\/wp-content\\\/uploads\\\/sites\\\/2\\\/2024\\\/09\\\/Banner-KostenGebuehrenPage-2024-1.jpg\",\"inLanguage\":\"de\"},{\"@type\":\"WebPage\",\"@id\":\"https:\\\/\\\/mobilet.eu\\\/de\\\/service_kosten\\\/\",\"url\":\"https:\\\/\\\/mobilet.eu\\\/de\\\/service_kosten\\\/\",\"name\":\"Handyparken: unsere Servicekosten\",\"isPartOf\":{\"@id\":\"https:\\\/\\\/mobilet.eu\\\/de\\\/#website\"},\"primaryImageOfPage\":{\"@id\":\"https:\\\/\\\/mobilet.eu\\\/de\\\/service_kosten\\\/#primaryimage\"},\"image\":{\"@id\":\"https:\\\/\\\/mobilet.eu\\\/de\\\/service_kosten\\\/#primaryimage\"},\"thumbnailUrl\":\"https:\\\/\\\/mobilet.eu\\\/de\\\/wp-content\\\/uploads\\\/sites\\\/2\\\/2024\\\/09\\\/Banner-KostenGebuehrenPage-2024-1.jpg\",\"datePublished\":\"2024-04-02T09:54:21+00:00\",\"dateModified\":\"2025-06-27T15:01:17+00:00\",\"description\":\"Sieh dir die lokalen Parkgeb\u00fchren und Servicekosten in deiner Stadt direkt in der App an und profitiere von vollst\u00e4ndiger Kostentransparenz.\",\"breadcrumb\":{\"@id\":\"https:\\\/\\\/mobilet.eu\\\/de\\\/service_kosten\\\/#breadcrumb\"},\"inLanguage\":\"de\",\"potentialAction\":[{\"@type\":\"ReadAction\",\"target\":[\"https:\\\/\\\/mobilet.eu\\\/de\\\/service_kosten\\\/\"]}]},{\"@type\":\"ImageObject\",\"inLanguage\":\"de\",\"@id\":\"https:\\\/\\\/mobilet.eu\\\/de\\\/service_kosten\\\/#primaryimage\",\"url\":\"https:\\\/\\\/mobilet.eu\\\/de\\\/wp-content\\\/uploads\\\/sites\\\/2\\\/2024\\\/09\\\/Banner-KostenGebuehrenPage-2024-1.jpg\",\"contentUrl\":\"https:\\\/\\\/mobilet.eu\\\/de\\\/wp-content\\\/uploads\\\/sites\\\/2\\\/2024\\\/09\\\/Banner-KostenGebuehrenPage-2024-1.jpg\",\"width\":2017,\"height\":817,\"caption\":\"Banner-KostenGebuehrenPage-2024 - mobilet.de\"},{\"@type\":\"BreadcrumbList\",\"@id\":\"https:\\\/\\\/mobilet.eu\\\/de\\\/service_kosten\\\/#breadcrumb\",\"itemListElement\":[{\"@type\":\"ListItem\",\"position\":1,\"name\":\"Home\",\"item\":\"https:\\\/\\\/mobilet.eu\\\/de\\\/\"},{\"@type\":\"ListItem\",\"position\":2,\"name\":\"Handyparken: unsere Servicekosten\"}]},{\"@type\":\"WebSite\",\"@id\":\"https:\\\/\\\/mobilet.eu\\\/de\\\/#website\",\"url\":\"https:\\\/\\\/mobilet.eu\\\/de\\\/\",\"name\":\"mobilet.de\",\"description\":\"Handyparken und mehr \u2026\",\"publisher\":{\"@id\":\"https:\\\/\\\/mobilet.eu\\\/de\\\/#organization\"},\"potentialAction\":[{\"@type\":\"SearchAction\",\"target\":{\"@type\":\"EntryPoint\",\"urlTemplate\":\"https:\\\/\\\/mobilet.eu\\\/de\\\/?s={search_term_string}\"},\"query-input\":{\"@type\":\"PropertyValueSpecification\",\"valueRequired\":true,\"valueName\":\"search_term_string\"}}],\"inLanguage\":\"de\"},{\"@type\":\"Organization\",\"@id\":\"https:\\\/\\\/mobilet.eu\\\/de\\\/#organization\",\"name\":\"stadtraum GmbH\",\"url\":\"https:\\\/\\\/mobilet.eu\\\/de\\\/\",\"logo\":{\"@type\":\"ImageObject\",\"inLanguage\":\"de\",\"@id\":\"https:\\\/\\\/mobilet.eu\\\/de\\\/#\\\/schema\\\/logo\\\/image\\\/\",\"url\":\"https:\\\/\\\/mobilet.eu\\\/de\\\/wp-content\\\/uploads\\\/sites\\\/2\\\/2022\\\/11\\\/mobilet-handyparken-01.jpg\",\"contentUrl\":\"https:\\\/\\\/mobilet.eu\\\/de\\\/wp-content\\\/uploads\\\/sites\\\/2\\\/2022\\\/11\\\/mobilet-handyparken-01.jpg\",\"width\":1920,\"height\":1280,\"caption\":\"stadtraum GmbH\"},\"image\":{\"@id\":\"https:\\\/\\\/mobilet.eu\\\/de\\\/#\\\/schema\\\/logo\\\/image\\\/\"},\"sameAs\":[\"https:\\\/\\\/www.facebook.com\\\/mobilet.de\",\"https:\\\/\\\/www.instagram.com\\\/mobilet.de\\\/\"]},{\"@type\":\"Person\",\"@id\":\"https:\\\/\\\/mobilet.eu\\\/de\\\/#\\\/schema\\\/person\\\/25b1fdb0f0c965144ae0aba5ed796eb0\",\"name\":\"sarahbakir\",\"image\":{\"@type\":\"ImageObject\",\"inLanguage\":\"de\",\"@id\":\"https:\\\/\\\/secure.gravatar.com\\\/avatar\\\/f6f2f978ab7e2cedf0a0eeb4490070a990857a58c34f71c7ee0591298c95cf01?s=96&d=mm&r=g\",\"url\":\"https:\\\/\\\/secure.gravatar.com\\\/avatar\\\/f6f2f978ab7e2cedf0a0eeb4490070a990857a58c34f71c7ee0591298c95cf01?s=96&d=mm&r=g\",\"contentUrl\":\"https:\\\/\\\/secure.gravatar.com\\\/avatar\\\/f6f2f978ab7e2cedf0a0eeb4490070a990857a58c34f71c7ee0591298c95cf01?s=96&d=mm&r=g\",\"caption\":\"sarahbakir\"},\"url\":\"https:\\\/\\\/mobilet.eu\\\/de\\\/author\\\/sarahbakir\\\/\"}]}<\/script>\n<!-- \/ Yoast SEO plugin. -->","yoast_head_json":{"title":"Handyparken: unsere Servicekosten","description":"Sieh dir die lokalen Parkgeb\u00fchren und Servicekosten in deiner Stadt direkt in der App an und profitiere von vollst\u00e4ndiger Kostentransparenz.","robots":{"index":"index","follow":"follow","max-snippet":"max-snippet:-1","max-image-preview":"max-image-preview:large","max-video-preview":"max-video-preview:-1"},"canonical":"https:\/\/mobilet.eu\/de\/service_kosten\/","og_locale":"de_DE","og_type":"article","og_title":"Handyparken: unsere Servicekosten","og_description":"Sieh dir die lokalen Parkgeb\u00fchren und Servicekosten in deiner Stadt direkt in der App an und profitiere von vollst\u00e4ndiger Kostentransparenz.","og_url":"https:\/\/mobilet.eu\/de\/service_kosten\/","og_site_name":"mobilet.de","article_publisher":"https:\/\/www.facebook.com\/mobilet.de","article_modified_time":"2025-06-27T15:01:17+00:00","og_image":[{"width":2017,"height":817,"url":"https:\/\/mobilet.eu\/de\/wp-content\/uploads\/sites\/2\/2024\/09\/Banner-KostenGebuehrenPage-2024-1.jpg","type":"image\/jpeg"}],"twitter_card":"summary_large_image","twitter_misc":{"Gesch\u00e4tzte Lesezeit":"2\u00a0Minuten"},"schema":{"@context":"https:\/\/schema.org","@graph":[{"@type":"Article","@id":"https:\/\/mobilet.eu\/de\/service_kosten\/#article","isPartOf":{"@id":"https:\/\/mobilet.eu\/de\/service_kosten\/"},"author":{"name":"sarahbakir","@id":"https:\/\/mobilet.eu\/de\/#\/schema\/person\/25b1fdb0f0c965144ae0aba5ed796eb0"},"headline":"Handyparken: unsere Servicekosten","datePublished":"2024-04-02T09:54:21+00:00","dateModified":"2025-06-27T15:01:17+00:00","mainEntityOfPage":{"@id":"https:\/\/mobilet.eu\/de\/service_kosten\/"},"wordCount":191,"publisher":{"@id":"https:\/\/mobilet.eu\/de\/#organization"},"image":{"@id":"https:\/\/mobilet.eu\/de\/service_kosten\/#primaryimage"},"thumbnailUrl":"https:\/\/mobilet.eu\/de\/wp-content\/uploads\/sites\/2\/2024\/09\/Banner-KostenGebuehrenPage-2024-1.jpg","inLanguage":"de"},{"@type":"WebPage","@id":"https:\/\/mobilet.eu\/de\/service_kosten\/","url":"https:\/\/mobilet.eu\/de\/service_kosten\/","name":"Handyparken: unsere Servicekosten","isPartOf":{"@id":"https:\/\/mobilet.eu\/de\/#website"},"primaryImageOfPage":{"@id":"https:\/\/mobilet.eu\/de\/service_kosten\/#primaryimage"},"image":{"@id":"https:\/\/mobilet.eu\/de\/service_kosten\/#primaryimage"},"thumbnailUrl":"https:\/\/mobilet.eu\/de\/wp-content\/uploads\/sites\/2\/2024\/09\/Banner-KostenGebuehrenPage-2024-1.jpg","datePublished":"2024-04-02T09:54:21+00:00","dateModified":"2025-06-27T15:01:17+00:00","description":"Sieh dir die lokalen Parkgeb\u00fchren und Servicekosten in deiner Stadt direkt in der App an und profitiere von vollst\u00e4ndiger Kostentransparenz.","breadcrumb":{"@id":"https:\/\/mobilet.eu\/de\/service_kosten\/#breadcrumb"},"inLanguage":"de","potentialAction":[{"@type":"ReadAction","target":["https:\/\/mobilet.eu\/de\/service_kosten\/"]}]},{"@type":"ImageObject","inLanguage":"de","@id":"https:\/\/mobilet.eu\/de\/service_kosten\/#primaryimage","url":"https:\/\/mobilet.eu\/de\/wp-content\/uploads\/sites\/2\/2024\/09\/Banner-KostenGebuehrenPage-2024-1.jpg","contentUrl":"https:\/\/mobilet.eu\/de\/wp-content\/uploads\/sites\/2\/2024\/09\/Banner-KostenGebuehrenPage-2024-1.jpg","width":2017,"height":817,"caption":"Banner-KostenGebuehrenPage-2024 - mobilet.de"},{"@type":"BreadcrumbList","@id":"https:\/\/mobilet.eu\/de\/service_kosten\/#breadcrumb","itemListElement":[{"@type":"ListItem","position":1,"name":"Home","item":"https:\/\/mobilet.eu\/de\/"},{"@type":"ListItem","position":2,"name":"Handyparken: unsere Servicekosten"}]},{"@type":"WebSite","@id":"https:\/\/mobilet.eu\/de\/#website","url":"https:\/\/mobilet.eu\/de\/","name":"mobilet.de","description":"Handyparken und mehr \u2026","publisher":{"@id":"https:\/\/mobilet.eu\/de\/#organization"},"potentialAction":[{"@type":"SearchAction","target":{"@type":"EntryPoint","urlTemplate":"https:\/\/mobilet.eu\/de\/?s={search_term_string}"},"query-input":{"@type":"PropertyValueSpecification","valueRequired":true,"valueName":"search_term_string"}}],"inLanguage":"de"},{"@type":"Organization","@id":"https:\/\/mobilet.eu\/de\/#organization","name":"stadtraum GmbH","url":"https:\/\/mobilet.eu\/de\/","logo":{"@type":"ImageObject","inLanguage":"de","@id":"https:\/\/mobilet.eu\/de\/#\/schema\/logo\/image\/","url":"https:\/\/mobilet.eu\/de\/wp-content\/uploads\/sites\/2\/2022\/11\/mobilet-handyparken-01.jpg","contentUrl":"https:\/\/mobilet.eu\/de\/wp-content\/uploads\/sites\/2\/2022\/11\/mobilet-handyparken-01.jpg","width":1920,"height":1280,"caption":"stadtraum GmbH"},"image":{"@id":"https:\/\/mobilet.eu\/de\/#\/schema\/logo\/image\/"},"sameAs":["https:\/\/www.facebook.com\/mobilet.de","https:\/\/www.instagram.com\/mobilet.de\/"]},{"@type":"Person","@id":"https:\/\/mobilet.eu\/de\/#\/schema\/person\/25b1fdb0f0c965144ae0aba5ed796eb0","name":"sarahbakir","image":{"@type":"ImageObject","inLanguage":"de","@id":"https:\/\/secure.gravatar.com\/avatar\/f6f2f978ab7e2cedf0a0eeb4490070a990857a58c34f71c7ee0591298c95cf01?s=96&d=mm&r=g","url":"https:\/\/secure.gravatar.com\/avatar\/f6f2f978ab7e2cedf0a0eeb4490070a990857a58c34f71c7ee0591298c95cf01?s=96&d=mm&r=g","contentUrl":"https:\/\/secure.gravatar.com\/avatar\/f6f2f978ab7e2cedf0a0eeb4490070a990857a58c34f71c7ee0591298c95cf01?s=96&d=mm&r=g","caption":"sarahbakir"},"url":"https:\/\/mobilet.eu\/de\/author\/sarahbakir\/"}]}},"_links":{"self":[{"href":"https:\/\/mobilet.eu\/de\/wp-json\/wp\/v2\/pages\/14282","targetHints":{"allow":["GET"]}}],"collection":[{"href":"https:\/\/mobilet.eu\/de\/wp-json\/wp\/v2\/pages"}],"about":[{"href":"https:\/\/mobilet.eu\/de\/wp-json\/wp\/v2\/types\/page"}],"author":[{"embeddable":true,"href":"https:\/\/mobilet.eu\/de\/wp-json\/wp\/v2\/users\/20"}],"replies":[{"embeddable":true,"href":"https:\/\/mobilet.eu\/de\/wp-json\/wp\/v2\/comments?post=14282"}],"version-history":[{"count":45,"href":"https:\/\/mobilet.eu\/de\/wp-json\/wp\/v2\/pages\/14282\/revisions"}],"predecessor-version":[{"id":29011,"href":"https:\/\/mobilet.eu\/de\/wp-json\/wp\/v2\/pages\/14282\/revisions\/29011"}],"wp:featuredmedia":[{"embeddable":true,"href":"https:\/\/mobilet.eu\/de\/wp-json\/wp\/v2\/media\/15550"}],"wp:attachment":[{"href":"https:\/\/mobilet.eu\/de\/wp-json\/wp\/v2\/media?parent=14282"}],"curies":[{"name":"wp","href":"https:\/\/api.w.org\/{rel}","templated":true}]}}