{"id":39798,"date":"2025-11-17T16:06:31","date_gmt":"2025-11-17T15:06:31","guid":{"rendered":"https:\/\/mobilet.eu\/de\/?page_id=39798"},"modified":"2026-02-20T23:55:03","modified_gmt":"2026-02-20T22:55:03","slug":"blog","status":"publish","type":"page","link":"https:\/\/mobilet.eu\/de\/blog\/","title":{"rendered":"Mobilet Blog"},"content":{"rendered":"\n<p class=\"wp-block-paragraph\">Willkommen im offiziellen <strong>mobilet Blog<\/strong> \u2013 der zentralen Anlaufstelle f\u00fcr alles rund um <strong>digitales Parken<\/strong>, die <strong>mobilet.de App<\/strong>, neue <strong>Parkstandorte<\/strong>, Funktionen und Updates.<\/p>\n\n\n\n<p class=\"wp-block-paragraph\">Hier erf\u00e4hrst du, wie du mit mobilet bequem dein <strong>Parkticket per App<\/strong> kaufst, deine <strong>Parkzone findest<\/strong> und dein digitales <strong>Kundenkonto<\/strong> verwaltest.<\/p>\n\n\n\n<p class=\"wp-block-paragraph\">Wir ver\u00f6ffentlichen regelm\u00e4\u00dfig Artikel \u00fcber <strong>smarte Mobilit\u00e4t<\/strong>, <strong>Parkraumbewirtschaftung<\/strong>, App-Neuheiten, Tipps f\u00fcr Nutzer sowie Insights f\u00fcr St\u00e4dte und Partner.<\/p>\n\n\n\n<p class=\"wp-block-paragraph\">Bleib informiert \u2013 und entdecke, wie einfach modernes Parken heute sein kann.<\/p>\n","protected":false},"excerpt":{"rendered":"<p>Willkommen im offiziellen mobilet Blog \u2013 der zentralen Anlaufstelle f\u00fcr alles rund um digitales Parken, die mobilet.de App, neue Parkstandorte, &#8230; <a href=\"https:\/\/mobilet.eu\/de\/blog\/\" aria-label=\"Weiterlesen \u00fcber Mobilet Blog\">Weiterlesen \u00fcber Mobilet Blog<\/a><\/p>\n","protected":false},"author":20,"featured_media":42181,"parent":0,"menu_order":0,"comment_status":"closed","ping_status":"closed","template":"","meta":{"_crdt_document":"","content-type":"","footnotes":""},"class_list":["post-39798","page","type-page","status-publish","has-post-thumbnail","hentry"],"yoast_head":"<!-- This site is optimized with the Yoast SEO plugin v27.1.1 - https:\/\/yoast.com\/product\/yoast-seo-wordpress\/ -->\n<title>Mobilet Blog<\/title>\n<meta name=\"description\" content=\"Willkommen im mobilet Blog \u2013 deinem digitalen Magazin rund um Parken, Mobilit\u00e4t und smarte St\u00e4dte. mobilet.de App\" \/>\n<meta name=\"robots\" content=\"index, follow, max-snippet:-1, max-image-preview:large, max-video-preview:-1\" \/>\n<link rel=\"canonical\" href=\"https:\/\/mobilet.eu\/de\/blog\/\" \/>\n<meta property=\"og:locale\" content=\"de_DE\" \/>\n<meta property=\"og:type\" content=\"article\" \/>\n<meta property=\"og:title\" content=\"Mobilet Blog\" \/>\n<meta property=\"og:description\" content=\"Willkommen im mobilet Blog \u2013 deinem digitalen Magazin rund um Parken, Mobilit\u00e4t und smarte St\u00e4dte. mobilet.de App\" \/>\n<meta property=\"og:url\" content=\"https:\/\/mobilet.eu\/de\/blog\/\" \/>\n<meta property=\"og:site_name\" content=\"mobilet.de\" \/>\n<meta property=\"article:publisher\" content=\"https:\/\/www.facebook.com\/mobilet.de\" \/>\n<meta property=\"article:modified_time\" content=\"2026-02-20T22:55:03+00:00\" \/>\n<meta property=\"og:image\" content=\"https:\/\/mobilet.eu\/de\/wp-content\/uploads\/sites\/2\/2026\/02\/DJI_20250516_100941_279_bea_mo-scaled.jpg\" \/>\n\t<meta property=\"og:image:width\" content=\"2560\" \/>\n\t<meta property=\"og:image:height\" content=\"1920\" \/>\n\t<meta property=\"og:image:type\" content=\"image\/jpeg\" \/>\n<meta name=\"twitter:card\" content=\"summary_large_image\" \/>\n<meta name=\"twitter:label1\" content=\"Gesch\u00e4tzte Lesezeit\" \/>\n\t<meta name=\"twitter:data1\" content=\"1\u00a0Minute\" \/>\n<script type=\"application\/ld+json\" class=\"yoast-schema-graph\">{\"@context\":\"https:\/\/schema.org\",\"@graph\":[{\"@type\":\"Article\",\"@id\":\"https:\/\/mobilet.eu\/de\/blog\/#article\",\"isPartOf\":{\"@id\":\"https:\/\/mobilet.eu\/de\/blog\/\"},\"author\":{\"name\":\"sarahbakir\",\"@id\":\"https:\/\/mobilet.eu\/de\/#\/schema\/person\/25b1fdb0f0c965144ae0aba5ed796eb0\"},\"headline\":\"Mobilet Blog\",\"datePublished\":\"2025-11-17T15:06:31+00:00\",\"dateModified\":\"2026-02-20T22:55:03+00:00\",\"mainEntityOfPage\":{\"@id\":\"https:\/\/mobilet.eu\/de\/blog\/\"},\"wordCount\":83,\"publisher\":{\"@id\":\"https:\/\/mobilet.eu\/de\/#organization\"},\"image\":{\"@id\":\"https:\/\/mobilet.eu\/de\/blog\/#primaryimage\"},\"thumbnailUrl\":\"https:\/\/mobilet.eu\/de\/wp-content\/uploads\/sites\/2\/2026\/02\/DJI_20250516_100941_279_bea_mo-scaled.jpg\",\"inLanguage\":\"de\"},{\"@type\":\"WebPage\",\"@id\":\"https:\/\/mobilet.eu\/de\/blog\/\",\"url\":\"https:\/\/mobilet.eu\/de\/blog\/\",\"name\":\"Mobilet Blog\",\"isPartOf\":{\"@id\":\"https:\/\/mobilet.eu\/de\/#website\"},\"primaryImageOfPage\":{\"@id\":\"https:\/\/mobilet.eu\/de\/blog\/#primaryimage\"},\"image\":{\"@id\":\"https:\/\/mobilet.eu\/de\/blog\/#primaryimage\"},\"thumbnailUrl\":\"https:\/\/mobilet.eu\/de\/wp-content\/uploads\/sites\/2\/2026\/02\/DJI_20250516_100941_279_bea_mo-scaled.jpg\",\"datePublished\":\"2025-11-17T15:06:31+00:00\",\"dateModified\":\"2026-02-20T22:55:03+00:00\",\"description\":\"Willkommen im mobilet Blog \u2013 deinem digitalen Magazin rund um Parken, Mobilit\u00e4t und smarte St\u00e4dte. mobilet.de App\",\"breadcrumb\":{\"@id\":\"https:\/\/mobilet.eu\/de\/blog\/#breadcrumb\"},\"inLanguage\":\"de\",\"potentialAction\":[{\"@type\":\"ReadAction\",\"target\":[\"https:\/\/mobilet.eu\/de\/blog\/\"]}]},{\"@type\":\"ImageObject\",\"inLanguage\":\"de\",\"@id\":\"https:\/\/mobilet.eu\/de\/blog\/#primaryimage\",\"url\":\"https:\/\/mobilet.eu\/de\/wp-content\/uploads\/sites\/2\/2026\/02\/DJI_20250516_100941_279_bea_mo-scaled.jpg\",\"contentUrl\":\"https:\/\/mobilet.eu\/de\/wp-content\/uploads\/sites\/2\/2026\/02\/DJI_20250516_100941_279_bea_mo-scaled.jpg\",\"width\":2560,\"height\":1920},{\"@type\":\"BreadcrumbList\",\"@id\":\"https:\/\/mobilet.eu\/de\/blog\/#breadcrumb\",\"itemListElement\":[{\"@type\":\"ListItem\",\"position\":1,\"name\":\"Home\",\"item\":\"https:\/\/mobilet.eu\/de\/\"},{\"@type\":\"ListItem\",\"position\":2,\"name\":\"Mobilet Blog\"}]},{\"@type\":\"WebSite\",\"@id\":\"https:\/\/mobilet.eu\/de\/#website\",\"url\":\"https:\/\/mobilet.eu\/de\/\",\"name\":\"mobilet.de\",\"description\":\"Handyparken und mehr \u2026\",\"publisher\":{\"@id\":\"https:\/\/mobilet.eu\/de\/#organization\"},\"potentialAction\":[{\"@type\":\"SearchAction\",\"target\":{\"@type\":\"EntryPoint\",\"urlTemplate\":\"https:\/\/mobilet.eu\/de\/?s={search_term_string}\"},\"query-input\":{\"@type\":\"PropertyValueSpecification\",\"valueRequired\":true,\"valueName\":\"search_term_string\"}}],\"inLanguage\":\"de\"},{\"@type\":\"Organization\",\"@id\":\"https:\/\/mobilet.eu\/de\/#organization\",\"name\":\"stadtraum GmbH\",\"url\":\"https:\/\/mobilet.eu\/de\/\",\"logo\":{\"@type\":\"ImageObject\",\"inLanguage\":\"de\",\"@id\":\"https:\/\/mobilet.eu\/de\/#\/schema\/logo\/image\/\",\"url\":\"https:\/\/mobilet.eu\/de\/wp-content\/uploads\/sites\/2\/2022\/11\/mobilet-handyparken-01.jpg\",\"contentUrl\":\"https:\/\/mobilet.eu\/de\/wp-content\/uploads\/sites\/2\/2022\/11\/mobilet-handyparken-01.jpg\",\"width\":1920,\"height\":1280,\"caption\":\"stadtraum GmbH\"},\"image\":{\"@id\":\"https:\/\/mobilet.eu\/de\/#\/schema\/logo\/image\/\"},\"sameAs\":[\"https:\/\/www.facebook.com\/mobilet.de\",\"https:\/\/www.instagram.com\/mobilet.de\/\"]},{\"@type\":\"Person\",\"@id\":\"https:\/\/mobilet.eu\/de\/#\/schema\/person\/25b1fdb0f0c965144ae0aba5ed796eb0\",\"name\":\"sarahbakir\",\"image\":{\"@type\":\"ImageObject\",\"inLanguage\":\"de\",\"@id\":\"https:\/\/mobilet.eu\/de\/#\/schema\/person\/image\/\",\"url\":\"https:\/\/secure.gravatar.com\/avatar\/f6f2f978ab7e2cedf0a0eeb4490070a990857a58c34f71c7ee0591298c95cf01?s=96&d=mm&r=g\",\"contentUrl\":\"https:\/\/secure.gravatar.com\/avatar\/f6f2f978ab7e2cedf0a0eeb4490070a990857a58c34f71c7ee0591298c95cf01?s=96&d=mm&r=g\",\"caption\":\"sarahbakir\"},\"url\":\"https:\/\/mobilet.eu\/de\/author\/sarahbakir\/\"}]}<\/script>\n<!-- \/ Yoast SEO plugin. -->","yoast_head_json":{"title":"Mobilet Blog","description":"Willkommen im mobilet Blog \u2013 deinem digitalen Magazin rund um Parken, Mobilit\u00e4t und smarte St\u00e4dte. mobilet.de App","robots":{"index":"index","follow":"follow","max-snippet":"max-snippet:-1","max-image-preview":"max-image-preview:large","max-video-preview":"max-video-preview:-1"},"canonical":"https:\/\/mobilet.eu\/de\/blog\/","og_locale":"de_DE","og_type":"article","og_title":"Mobilet Blog","og_description":"Willkommen im mobilet Blog \u2013 deinem digitalen Magazin rund um Parken, Mobilit\u00e4t und smarte St\u00e4dte. mobilet.de App","og_url":"https:\/\/mobilet.eu\/de\/blog\/","og_site_name":"mobilet.de","article_publisher":"https:\/\/www.facebook.com\/mobilet.de","article_modified_time":"2026-02-20T22:55:03+00:00","og_image":[{"width":2560,"height":1920,"url":"https:\/\/mobilet.eu\/de\/wp-content\/uploads\/sites\/2\/2026\/02\/DJI_20250516_100941_279_bea_mo-scaled.jpg","type":"image\/jpeg"}],"twitter_card":"summary_large_image","twitter_misc":{"Gesch\u00e4tzte Lesezeit":"1\u00a0Minute"},"schema":{"@context":"https:\/\/schema.org","@graph":[{"@type":"Article","@id":"https:\/\/mobilet.eu\/de\/blog\/#article","isPartOf":{"@id":"https:\/\/mobilet.eu\/de\/blog\/"},"author":{"name":"sarahbakir","@id":"https:\/\/mobilet.eu\/de\/#\/schema\/person\/25b1fdb0f0c965144ae0aba5ed796eb0"},"headline":"Mobilet Blog","datePublished":"2025-11-17T15:06:31+00:00","dateModified":"2026-02-20T22:55:03+00:00","mainEntityOfPage":{"@id":"https:\/\/mobilet.eu\/de\/blog\/"},"wordCount":83,"publisher":{"@id":"https:\/\/mobilet.eu\/de\/#organization"},"image":{"@id":"https:\/\/mobilet.eu\/de\/blog\/#primaryimage"},"thumbnailUrl":"https:\/\/mobilet.eu\/de\/wp-content\/uploads\/sites\/2\/2026\/02\/DJI_20250516_100941_279_bea_mo-scaled.jpg","inLanguage":"de"},{"@type":"WebPage","@id":"https:\/\/mobilet.eu\/de\/blog\/","url":"https:\/\/mobilet.eu\/de\/blog\/","name":"Mobilet Blog","isPartOf":{"@id":"https:\/\/mobilet.eu\/de\/#website"},"primaryImageOfPage":{"@id":"https:\/\/mobilet.eu\/de\/blog\/#primaryimage"},"image":{"@id":"https:\/\/mobilet.eu\/de\/blog\/#primaryimage"},"thumbnailUrl":"https:\/\/mobilet.eu\/de\/wp-content\/uploads\/sites\/2\/2026\/02\/DJI_20250516_100941_279_bea_mo-scaled.jpg","datePublished":"2025-11-17T15:06:31+00:00","dateModified":"2026-02-20T22:55:03+00:00","description":"Willkommen im mobilet Blog \u2013 deinem digitalen Magazin rund um Parken, Mobilit\u00e4t und smarte St\u00e4dte. mobilet.de App","breadcrumb":{"@id":"https:\/\/mobilet.eu\/de\/blog\/#breadcrumb"},"inLanguage":"de","potentialAction":[{"@type":"ReadAction","target":["https:\/\/mobilet.eu\/de\/blog\/"]}]},{"@type":"ImageObject","inLanguage":"de","@id":"https:\/\/mobilet.eu\/de\/blog\/#primaryimage","url":"https:\/\/mobilet.eu\/de\/wp-content\/uploads\/sites\/2\/2026\/02\/DJI_20250516_100941_279_bea_mo-scaled.jpg","contentUrl":"https:\/\/mobilet.eu\/de\/wp-content\/uploads\/sites\/2\/2026\/02\/DJI_20250516_100941_279_bea_mo-scaled.jpg","width":2560,"height":1920},{"@type":"BreadcrumbList","@id":"https:\/\/mobilet.eu\/de\/blog\/#breadcrumb","itemListElement":[{"@type":"ListItem","position":1,"name":"Home","item":"https:\/\/mobilet.eu\/de\/"},{"@type":"ListItem","position":2,"name":"Mobilet Blog"}]},{"@type":"WebSite","@id":"https:\/\/mobilet.eu\/de\/#website","url":"https:\/\/mobilet.eu\/de\/","name":"mobilet.de","description":"Handyparken und mehr \u2026","publisher":{"@id":"https:\/\/mobilet.eu\/de\/#organization"},"potentialAction":[{"@type":"SearchAction","target":{"@type":"EntryPoint","urlTemplate":"https:\/\/mobilet.eu\/de\/?s={search_term_string}"},"query-input":{"@type":"PropertyValueSpecification","valueRequired":true,"valueName":"search_term_string"}}],"inLanguage":"de"},{"@type":"Organization","@id":"https:\/\/mobilet.eu\/de\/#organization","name":"stadtraum GmbH","url":"https:\/\/mobilet.eu\/de\/","logo":{"@type":"ImageObject","inLanguage":"de","@id":"https:\/\/mobilet.eu\/de\/#\/schema\/logo\/image\/","url":"https:\/\/mobilet.eu\/de\/wp-content\/uploads\/sites\/2\/2022\/11\/mobilet-handyparken-01.jpg","contentUrl":"https:\/\/mobilet.eu\/de\/wp-content\/uploads\/sites\/2\/2022\/11\/mobilet-handyparken-01.jpg","width":1920,"height":1280,"caption":"stadtraum GmbH"},"image":{"@id":"https:\/\/mobilet.eu\/de\/#\/schema\/logo\/image\/"},"sameAs":["https:\/\/www.facebook.com\/mobilet.de","https:\/\/www.instagram.com\/mobilet.de\/"]},{"@type":"Person","@id":"https:\/\/mobilet.eu\/de\/#\/schema\/person\/25b1fdb0f0c965144ae0aba5ed796eb0","name":"sarahbakir","image":{"@type":"ImageObject","inLanguage":"de","@id":"https:\/\/mobilet.eu\/de\/#\/schema\/person\/image\/","url":"https:\/\/secure.gravatar.com\/avatar\/f6f2f978ab7e2cedf0a0eeb4490070a990857a58c34f71c7ee0591298c95cf01?s=96&d=mm&r=g","contentUrl":"https:\/\/secure.gravatar.com\/avatar\/f6f2f978ab7e2cedf0a0eeb4490070a990857a58c34f71c7ee0591298c95cf01?s=96&d=mm&r=g","caption":"sarahbakir"},"url":"https:\/\/mobilet.eu\/de\/author\/sarahbakir\/"}]}},"_links":{"self":[{"href":"https:\/\/mobilet.eu\/de\/wp-json\/wp\/v2\/pages\/39798","targetHints":{"allow":["GET"]}}],"collection":[{"href":"https:\/\/mobilet.eu\/de\/wp-json\/wp\/v2\/pages"}],"about":[{"href":"https:\/\/mobilet.eu\/de\/wp-json\/wp\/v2\/types\/page"}],"author":[{"embeddable":true,"href":"https:\/\/mobilet.eu\/de\/wp-json\/wp\/v2\/users\/20"}],"replies":[{"embeddable":true,"href":"https:\/\/mobilet.eu\/de\/wp-json\/wp\/v2\/comments?post=39798"}],"version-history":[{"count":4,"href":"https:\/\/mobilet.eu\/de\/wp-json\/wp\/v2\/pages\/39798\/revisions"}],"predecessor-version":[{"id":42184,"href":"https:\/\/mobilet.eu\/de\/wp-json\/wp\/v2\/pages\/39798\/revisions\/42184"}],"wp:featuredmedia":[{"embeddable":true,"href":"https:\/\/mobilet.eu\/de\/wp-json\/wp\/v2\/media\/42181"}],"wp:attachment":[{"href":"https:\/\/mobilet.eu\/de\/wp-json\/wp\/v2\/media?parent=39798"}],"curies":[{"name":"wp","href":"https:\/\/api.w.org\/{rel}","templated":true}]}}