{"id":40,"date":"2021-03-09T13:36:15","date_gmt":"2021-03-09T12:36:15","guid":{"rendered":"https:\/\/mobilet.eu\/de\/?page_id=40"},"modified":"2025-08-08T16:02:14","modified_gmt":"2025-08-08T14:02:14","slug":"modules","status":"publish","type":"page","link":"https:\/\/mobilet.eu\/de\/modules\/","title":{"rendered":"Deine ganze Mobilit\u00e4t in einer App"},"content":{"rendered":"\n<p class=\"wp-block-paragraph\">Die l\u00e4stige Suche nach Kleingeld und das Schlangestehen am Automaten geh\u00f6ren der Vergangenheit an. Mit uns kannst du <strong>Deine Mobilit\u00e4t ganz bequem und einfach<\/strong> per Smartphone steuern. Das spart Zeit und deine Nerven. Unsere Module Handyparken, Fahrradbox und Freizeit findest du in unserer App. \u00a0<a href=\"https:\/\/mobilet.eu\/de\/download\/\">Jetzt kostenlos App herunterladen<\/a>.<\/p>\n\n\n\n<p class=\"wp-block-paragraph\">Tickets <strong>verl\u00e4ngern<\/strong>, <strong>stoppen<\/strong> oder <strong>dazu buchen<\/strong>? Kein Problem!<\/p>\n\n\n\n<p class=\"wp-block-paragraph\">Eine Standortliste mit \u00fcber <a href=\"https:\/\/mobilet.eu\/de\/staedte\/\">500 St\u00e4dten findest du hier<\/a>.<\/p>\n\n\n\n<p class=\"wp-block-paragraph\"><\/p>\n","protected":false},"excerpt":{"rendered":"<p>Die l\u00e4stige Suche nach Kleingeld und das Schlangestehen am Automaten geh\u00f6ren der Vergangenheit an. Mit uns kannst du Deine Mobilit\u00e4t &#8230; <a href=\"https:\/\/mobilet.eu\/de\/modules\/\" aria-label=\"Weiterlesen \u00fcber Deine ganze Mobilit\u00e4t in einer App\">Weiterlesen \u00fcber Deine ganze Mobilit\u00e4t in einer App<\/a><\/p>\n","protected":false},"author":1,"featured_media":18171,"parent":0,"menu_order":0,"comment_status":"closed","ping_status":"closed","template":"","meta":{"_crdt_document":"","content-type":"","footnotes":""},"class_list":["post-40","page","type-page","status-publish","has-post-thumbnail","hentry"],"yoast_head":"<!-- This site is optimized with the Yoast SEO plugin v27.4 - https:\/\/yoast.com\/product\/yoast-seo-wordpress\/ -->\n<title>Module | mobilet.de<\/title>\n<meta name=\"description\" content=\"Mit uns kannst du deine Mobilit\u00e4t ganz bequem und einfach per Smartphone steuern. Alle Module findest du in unserer App mobilet.de\" \/>\n<meta name=\"robots\" content=\"index, follow, max-snippet:-1, max-image-preview:large, max-video-preview:-1\" \/>\n<link rel=\"canonical\" href=\"https:\/\/mobilet.eu\/de\/modules\/\" \/>\n<meta property=\"og:locale\" content=\"de_DE\" \/>\n<meta property=\"og:type\" content=\"article\" \/>\n<meta property=\"og:title\" content=\"Module | mobilet.de\" \/>\n<meta property=\"og:description\" content=\"Mit uns kannst du deine Mobilit\u00e4t ganz bequem und einfach per Smartphone steuern. Alle Module findest du in unserer App mobilet.de\" \/>\n<meta property=\"og:url\" content=\"https:\/\/mobilet.eu\/de\/modules\/\" \/>\n<meta property=\"og:site_name\" content=\"mobilet.de\" \/>\n<meta property=\"article:publisher\" content=\"https:\/\/www.facebook.com\/mobilet.de\" \/>\n<meta property=\"article:modified_time\" content=\"2025-08-08T14:02:14+00:00\" \/>\n<meta property=\"og:image\" content=\"https:\/\/mobilet.eu\/de\/wp-content\/uploads\/sites\/2\/2025\/01\/mobilet_module.jpg\" \/>\n\t<meta property=\"og:image:width\" content=\"800\" \/>\n\t<meta property=\"og:image:height\" content=\"320\" \/>\n\t<meta property=\"og:image:type\" content=\"image\/jpeg\" \/>\n<meta name=\"twitter:card\" content=\"summary_large_image\" \/>\n<meta name=\"twitter:label1\" content=\"Gesch\u00e4tzte Lesezeit\" \/>\n\t<meta name=\"twitter:data1\" content=\"1\u00a0Minute\" \/>\n<script type=\"application\/ld+json\" class=\"yoast-schema-graph\">{\"@context\":\"https:\\\/\\\/schema.org\",\"@graph\":[{\"@type\":\"Article\",\"@id\":\"https:\\\/\\\/mobilet.eu\\\/de\\\/modules\\\/#article\",\"isPartOf\":{\"@id\":\"https:\\\/\\\/mobilet.eu\\\/de\\\/modules\\\/\"},\"author\":{\"name\":\"mobilet\",\"@id\":\"https:\\\/\\\/mobilet.eu\\\/de\\\/#\\\/schema\\\/person\\\/f072f532366811d5c5c467acf7647d59\"},\"headline\":\"Deine ganze Mobilit\u00e4t in einer App\",\"datePublished\":\"2021-03-09T12:36:15+00:00\",\"dateModified\":\"2025-08-08T14:02:14+00:00\",\"mainEntityOfPage\":{\"@id\":\"https:\\\/\\\/mobilet.eu\\\/de\\\/modules\\\/\"},\"wordCount\":76,\"publisher\":{\"@id\":\"https:\\\/\\\/mobilet.eu\\\/de\\\/#organization\"},\"image\":{\"@id\":\"https:\\\/\\\/mobilet.eu\\\/de\\\/modules\\\/#primaryimage\"},\"thumbnailUrl\":\"https:\\\/\\\/mobilet.eu\\\/de\\\/wp-content\\\/uploads\\\/sites\\\/2\\\/2025\\\/01\\\/mobilet_module.jpg\",\"inLanguage\":\"de\"},{\"@type\":\"WebPage\",\"@id\":\"https:\\\/\\\/mobilet.eu\\\/de\\\/modules\\\/\",\"url\":\"https:\\\/\\\/mobilet.eu\\\/de\\\/modules\\\/\",\"name\":\"Module | mobilet.de\",\"isPartOf\":{\"@id\":\"https:\\\/\\\/mobilet.eu\\\/de\\\/#website\"},\"primaryImageOfPage\":{\"@id\":\"https:\\\/\\\/mobilet.eu\\\/de\\\/modules\\\/#primaryimage\"},\"image\":{\"@id\":\"https:\\\/\\\/mobilet.eu\\\/de\\\/modules\\\/#primaryimage\"},\"thumbnailUrl\":\"https:\\\/\\\/mobilet.eu\\\/de\\\/wp-content\\\/uploads\\\/sites\\\/2\\\/2025\\\/01\\\/mobilet_module.jpg\",\"datePublished\":\"2021-03-09T12:36:15+00:00\",\"dateModified\":\"2025-08-08T14:02:14+00:00\",\"description\":\"Mit uns kannst du deine Mobilit\u00e4t ganz bequem und einfach per Smartphone steuern. Alle Module findest du in unserer App mobilet.de\",\"breadcrumb\":{\"@id\":\"https:\\\/\\\/mobilet.eu\\\/de\\\/modules\\\/#breadcrumb\"},\"inLanguage\":\"de\",\"potentialAction\":[{\"@type\":\"ReadAction\",\"target\":[\"https:\\\/\\\/mobilet.eu\\\/de\\\/modules\\\/\"]}]},{\"@type\":\"ImageObject\",\"inLanguage\":\"de\",\"@id\":\"https:\\\/\\\/mobilet.eu\\\/de\\\/modules\\\/#primaryimage\",\"url\":\"https:\\\/\\\/mobilet.eu\\\/de\\\/wp-content\\\/uploads\\\/sites\\\/2\\\/2025\\\/01\\\/mobilet_module.jpg\",\"contentUrl\":\"https:\\\/\\\/mobilet.eu\\\/de\\\/wp-content\\\/uploads\\\/sites\\\/2\\\/2025\\\/01\\\/mobilet_module.jpg\",\"width\":800,\"height\":320,\"caption\":\"Mit uns kannst du deine Mobilit\u00e4t ganz bequem und einfach per Smartphone buchen. Das spart Zeit. Ganz app module hier finden.\"},{\"@type\":\"BreadcrumbList\",\"@id\":\"https:\\\/\\\/mobilet.eu\\\/de\\\/modules\\\/#breadcrumb\",\"itemListElement\":[{\"@type\":\"ListItem\",\"position\":1,\"name\":\"Home\",\"item\":\"https:\\\/\\\/mobilet.eu\\\/de\\\/\"},{\"@type\":\"ListItem\",\"position\":2,\"name\":\"Deine ganze Mobilit\u00e4t in einer App\"}]},{\"@type\":\"WebSite\",\"@id\":\"https:\\\/\\\/mobilet.eu\\\/de\\\/#website\",\"url\":\"https:\\\/\\\/mobilet.eu\\\/de\\\/\",\"name\":\"mobilet.de\",\"description\":\"Handyparken und mehr \u2026\",\"publisher\":{\"@id\":\"https:\\\/\\\/mobilet.eu\\\/de\\\/#organization\"},\"potentialAction\":[{\"@type\":\"SearchAction\",\"target\":{\"@type\":\"EntryPoint\",\"urlTemplate\":\"https:\\\/\\\/mobilet.eu\\\/de\\\/?s={search_term_string}\"},\"query-input\":{\"@type\":\"PropertyValueSpecification\",\"valueRequired\":true,\"valueName\":\"search_term_string\"}}],\"inLanguage\":\"de\"},{\"@type\":\"Organization\",\"@id\":\"https:\\\/\\\/mobilet.eu\\\/de\\\/#organization\",\"name\":\"stadtraum GmbH\",\"url\":\"https:\\\/\\\/mobilet.eu\\\/de\\\/\",\"logo\":{\"@type\":\"ImageObject\",\"inLanguage\":\"de\",\"@id\":\"https:\\\/\\\/mobilet.eu\\\/de\\\/#\\\/schema\\\/logo\\\/image\\\/\",\"url\":\"https:\\\/\\\/mobilet.eu\\\/de\\\/wp-content\\\/uploads\\\/sites\\\/2\\\/2022\\\/11\\\/mobilet-handyparken-01.jpg\",\"contentUrl\":\"https:\\\/\\\/mobilet.eu\\\/de\\\/wp-content\\\/uploads\\\/sites\\\/2\\\/2022\\\/11\\\/mobilet-handyparken-01.jpg\",\"width\":1920,\"height\":1280,\"caption\":\"stadtraum GmbH\"},\"image\":{\"@id\":\"https:\\\/\\\/mobilet.eu\\\/de\\\/#\\\/schema\\\/logo\\\/image\\\/\"},\"sameAs\":[\"https:\\\/\\\/www.facebook.com\\\/mobilet.de\",\"https:\\\/\\\/www.instagram.com\\\/mobilet.de\\\/\"]},{\"@type\":\"Person\",\"@id\":\"https:\\\/\\\/mobilet.eu\\\/de\\\/#\\\/schema\\\/person\\\/f072f532366811d5c5c467acf7647d59\",\"name\":\"mobilet\",\"image\":{\"@type\":\"ImageObject\",\"inLanguage\":\"de\",\"@id\":\"https:\\\/\\\/secure.gravatar.com\\\/avatar\\\/90c7185b319bf503d1d9ea791eea593db7441ccd2ba5402f2c30ab85a70bb223?s=96&d=mm&r=g\",\"url\":\"https:\\\/\\\/secure.gravatar.com\\\/avatar\\\/90c7185b319bf503d1d9ea791eea593db7441ccd2ba5402f2c30ab85a70bb223?s=96&d=mm&r=g\",\"contentUrl\":\"https:\\\/\\\/secure.gravatar.com\\\/avatar\\\/90c7185b319bf503d1d9ea791eea593db7441ccd2ba5402f2c30ab85a70bb223?s=96&d=mm&r=g\",\"caption\":\"mobilet\"},\"sameAs\":[\"https:\\\/\\\/mobilet.eu\"],\"url\":\"https:\\\/\\\/mobilet.eu\\\/de\\\/author\\\/admin\\\/\"}]}<\/script>\n<!-- \/ Yoast SEO plugin. -->","yoast_head_json":{"title":"Module | mobilet.de","description":"Mit uns kannst du deine Mobilit\u00e4t ganz bequem und einfach per Smartphone steuern. Alle Module findest du in unserer App mobilet.de","robots":{"index":"index","follow":"follow","max-snippet":"max-snippet:-1","max-image-preview":"max-image-preview:large","max-video-preview":"max-video-preview:-1"},"canonical":"https:\/\/mobilet.eu\/de\/modules\/","og_locale":"de_DE","og_type":"article","og_title":"Module | mobilet.de","og_description":"Mit uns kannst du deine Mobilit\u00e4t ganz bequem und einfach per Smartphone steuern. Alle Module findest du in unserer App mobilet.de","og_url":"https:\/\/mobilet.eu\/de\/modules\/","og_site_name":"mobilet.de","article_publisher":"https:\/\/www.facebook.com\/mobilet.de","article_modified_time":"2025-08-08T14:02:14+00:00","og_image":[{"width":800,"height":320,"url":"https:\/\/mobilet.eu\/de\/wp-content\/uploads\/sites\/2\/2025\/01\/mobilet_module.jpg","type":"image\/jpeg"}],"twitter_card":"summary_large_image","twitter_misc":{"Gesch\u00e4tzte Lesezeit":"1\u00a0Minute"},"schema":{"@context":"https:\/\/schema.org","@graph":[{"@type":"Article","@id":"https:\/\/mobilet.eu\/de\/modules\/#article","isPartOf":{"@id":"https:\/\/mobilet.eu\/de\/modules\/"},"author":{"name":"mobilet","@id":"https:\/\/mobilet.eu\/de\/#\/schema\/person\/f072f532366811d5c5c467acf7647d59"},"headline":"Deine ganze Mobilit\u00e4t in einer App","datePublished":"2021-03-09T12:36:15+00:00","dateModified":"2025-08-08T14:02:14+00:00","mainEntityOfPage":{"@id":"https:\/\/mobilet.eu\/de\/modules\/"},"wordCount":76,"publisher":{"@id":"https:\/\/mobilet.eu\/de\/#organization"},"image":{"@id":"https:\/\/mobilet.eu\/de\/modules\/#primaryimage"},"thumbnailUrl":"https:\/\/mobilet.eu\/de\/wp-content\/uploads\/sites\/2\/2025\/01\/mobilet_module.jpg","inLanguage":"de"},{"@type":"WebPage","@id":"https:\/\/mobilet.eu\/de\/modules\/","url":"https:\/\/mobilet.eu\/de\/modules\/","name":"Module | mobilet.de","isPartOf":{"@id":"https:\/\/mobilet.eu\/de\/#website"},"primaryImageOfPage":{"@id":"https:\/\/mobilet.eu\/de\/modules\/#primaryimage"},"image":{"@id":"https:\/\/mobilet.eu\/de\/modules\/#primaryimage"},"thumbnailUrl":"https:\/\/mobilet.eu\/de\/wp-content\/uploads\/sites\/2\/2025\/01\/mobilet_module.jpg","datePublished":"2021-03-09T12:36:15+00:00","dateModified":"2025-08-08T14:02:14+00:00","description":"Mit uns kannst du deine Mobilit\u00e4t ganz bequem und einfach per Smartphone steuern. Alle Module findest du in unserer App mobilet.de","breadcrumb":{"@id":"https:\/\/mobilet.eu\/de\/modules\/#breadcrumb"},"inLanguage":"de","potentialAction":[{"@type":"ReadAction","target":["https:\/\/mobilet.eu\/de\/modules\/"]}]},{"@type":"ImageObject","inLanguage":"de","@id":"https:\/\/mobilet.eu\/de\/modules\/#primaryimage","url":"https:\/\/mobilet.eu\/de\/wp-content\/uploads\/sites\/2\/2025\/01\/mobilet_module.jpg","contentUrl":"https:\/\/mobilet.eu\/de\/wp-content\/uploads\/sites\/2\/2025\/01\/mobilet_module.jpg","width":800,"height":320,"caption":"Mit uns kannst du deine Mobilit\u00e4t ganz bequem und einfach per Smartphone buchen. Das spart Zeit. Ganz app module hier finden."},{"@type":"BreadcrumbList","@id":"https:\/\/mobilet.eu\/de\/modules\/#breadcrumb","itemListElement":[{"@type":"ListItem","position":1,"name":"Home","item":"https:\/\/mobilet.eu\/de\/"},{"@type":"ListItem","position":2,"name":"Deine ganze Mobilit\u00e4t in einer App"}]},{"@type":"WebSite","@id":"https:\/\/mobilet.eu\/de\/#website","url":"https:\/\/mobilet.eu\/de\/","name":"mobilet.de","description":"Handyparken und mehr \u2026","publisher":{"@id":"https:\/\/mobilet.eu\/de\/#organization"},"potentialAction":[{"@type":"SearchAction","target":{"@type":"EntryPoint","urlTemplate":"https:\/\/mobilet.eu\/de\/?s={search_term_string}"},"query-input":{"@type":"PropertyValueSpecification","valueRequired":true,"valueName":"search_term_string"}}],"inLanguage":"de"},{"@type":"Organization","@id":"https:\/\/mobilet.eu\/de\/#organization","name":"stadtraum GmbH","url":"https:\/\/mobilet.eu\/de\/","logo":{"@type":"ImageObject","inLanguage":"de","@id":"https:\/\/mobilet.eu\/de\/#\/schema\/logo\/image\/","url":"https:\/\/mobilet.eu\/de\/wp-content\/uploads\/sites\/2\/2022\/11\/mobilet-handyparken-01.jpg","contentUrl":"https:\/\/mobilet.eu\/de\/wp-content\/uploads\/sites\/2\/2022\/11\/mobilet-handyparken-01.jpg","width":1920,"height":1280,"caption":"stadtraum GmbH"},"image":{"@id":"https:\/\/mobilet.eu\/de\/#\/schema\/logo\/image\/"},"sameAs":["https:\/\/www.facebook.com\/mobilet.de","https:\/\/www.instagram.com\/mobilet.de\/"]},{"@type":"Person","@id":"https:\/\/mobilet.eu\/de\/#\/schema\/person\/f072f532366811d5c5c467acf7647d59","name":"mobilet","image":{"@type":"ImageObject","inLanguage":"de","@id":"https:\/\/secure.gravatar.com\/avatar\/90c7185b319bf503d1d9ea791eea593db7441ccd2ba5402f2c30ab85a70bb223?s=96&d=mm&r=g","url":"https:\/\/secure.gravatar.com\/avatar\/90c7185b319bf503d1d9ea791eea593db7441ccd2ba5402f2c30ab85a70bb223?s=96&d=mm&r=g","contentUrl":"https:\/\/secure.gravatar.com\/avatar\/90c7185b319bf503d1d9ea791eea593db7441ccd2ba5402f2c30ab85a70bb223?s=96&d=mm&r=g","caption":"mobilet"},"sameAs":["https:\/\/mobilet.eu"],"url":"https:\/\/mobilet.eu\/de\/author\/admin\/"}]}},"_links":{"self":[{"href":"https:\/\/mobilet.eu\/de\/wp-json\/wp\/v2\/pages\/40","targetHints":{"allow":["GET"]}}],"collection":[{"href":"https:\/\/mobilet.eu\/de\/wp-json\/wp\/v2\/pages"}],"about":[{"href":"https:\/\/mobilet.eu\/de\/wp-json\/wp\/v2\/types\/page"}],"author":[{"embeddable":true,"href":"https:\/\/mobilet.eu\/de\/wp-json\/wp\/v2\/users\/1"}],"replies":[{"embeddable":true,"href":"https:\/\/mobilet.eu\/de\/wp-json\/wp\/v2\/comments?post=40"}],"version-history":[{"count":31,"href":"https:\/\/mobilet.eu\/de\/wp-json\/wp\/v2\/pages\/40\/revisions"}],"predecessor-version":[{"id":29377,"href":"https:\/\/mobilet.eu\/de\/wp-json\/wp\/v2\/pages\/40\/revisions\/29377"}],"wp:featuredmedia":[{"embeddable":true,"href":"https:\/\/mobilet.eu\/de\/wp-json\/wp\/v2\/media\/18171"}],"wp:attachment":[{"href":"https:\/\/mobilet.eu\/de\/wp-json\/wp\/v2\/media?parent=40"}],"curies":[{"name":"wp","href":"https:\/\/api.w.org\/{rel}","templated":true}]}}