{"id":42,"date":"2021-03-09T13:36:15","date_gmt":"2021-03-09T12:36:15","guid":{"rendered":"https:\/\/mobilet.eu\/de\/modules-2\/"},"modified":"2025-10-29T10:27:03","modified_gmt":"2025-10-29T09:27:03","slug":"staedte","status":"publish","type":"page","link":"https:\/\/mobilet.eu\/de\/staedte\/","title":{"rendered":"St\u00e4dte"},"content":{"rendered":"\n<p class=\"wp-block-paragraph\">Die Digitalisierung umfasst bereits viele Lebensbereiche und das elektronische Ticket bietet zahlreiche Vorteile gegen\u00fcber dem herk\u00f6mmlichen Papierticket.&nbsp;Kein Schlangestehen am Automaten und keine Suche nach passendem Kleingeld. <\/p>\n\n\n\n<p class=\"wp-block-paragraph\">Die App erm\u00f6glicht dir somit eine einfache und mobile Alternative zum Automaten &#8211; du brauchst also nur dein Smartphone und die Reise kann beginnen.<\/p>\n\n\n\n<p class=\"wp-block-paragraph\">Lade dir mobilet.de im AppStore\/ PlayStore herunter, hinterlege ein Zahlungsmittel und w\u00e4hle eine der St\u00e4dte aus. Die jeweiligen Parkzonen werden dir angezeigt. Dann einfach das Ticket starten.<\/p>\n\n\n\n<ul class=\"wp-block-list\">\n<li>mobilet ist umweltfreundlich, weil du kein Papierticket brauchst<\/li>\n\n\n\n<li>mobilet hilft Kosten zu sparen, weil du nur f\u00fcr die tats\u00e4chliche Parkzeit bezahlst<\/li>\n\n\n\n<li>mobilet verhindert Kn\u00f6llchen, weil du die Parkzeit bequem von unterwegs verl\u00e4ngern kannst<\/li>\n\n\n\n<li>mobilet ist gepr\u00fcft und zertifiziert<\/li>\n\n\n\n<li>mobilet bietet zahlreiche Module auf der Mobilit\u00e4tsplattform<\/li>\n\n\n\n<li>mobilet ist f\u00fcr die St\u00e4dte dein st\u00e4ndiger Begleiter <\/li>\n<\/ul>\n\n\n\n<p class=\"wp-block-paragraph\">In zahlreichen St\u00e4dten in Deutschland kannst du schon heute die Vorteile des mobilen Ticketing beim <a href=\"https:\/\/mobilet.eu\/de\/module\/handyparken\/\">Parken<\/a>, beim <a href=\"https:\/\/mobilet.eu\/de\/module\/strombox\/\">Laden des Elektroautos<\/a>, beim sicheren Abstellen des Fahrrades in einer komfortablen <a href=\"https:\/\/mobilet.eu\/de\/module\/fahrradbox\/\">Fahrradbox&nbsp;<\/a>oder beim Kauf der <a href=\"https:\/\/mobilet.eu\/de\/module\/kurtaxe\/\">Tageskurkarte <\/a>in Seeb\u00e4dern an Nord- und Ostsee und in Kurorten nutzen. Du hast somit alle deine Tickets auf einen Blick. mobilet ist die digitale Plattform f\u00fcr urbane Mobilit\u00e4t. <\/p>\n\n\n\n<p class=\"wp-block-paragraph\">Wir vernetzen die Verkehrsdienstleistungen der St\u00e4dte smart, effizient und kosteng\u00fcnstig. Mobilit\u00e4tsangebote, deren Bezahlung bislang am Ticketautomaten mit M\u00fcnzzahlung erfolgte, werden jetzt digital \u00fcber das Smartphone bezahlt. Innovative L\u00f6sungen f\u00fcr die Mobilit\u00e4t der Zukunft werden \u00fcber die Integration der Ladeinfrastruktur f\u00fcr Elektroautos und das sichere Abstellen von Fahrr\u00e4dern angeboten.&nbsp;<\/p>\n\n\n\n<p class=\"wp-block-paragraph\">mobilet ist somit ein stetiger Begleiter im Alltag und im Urlaub und sorgt f\u00fcr weniger Stress und mehr Flexibilit\u00e4t. Eine \u00dcbersicht \u00fcber alle unsere St\u00e4dte findest du hier. F\u00fcr Aktionen, Infos und alles rund um neue mobilet-St\u00e4dte besuche auch gerne unsere Social Media Kan\u00e4le (Instagram, Facebook, LinkedIn). <\/p>\n\n\n\n<p class=\"wp-block-paragraph\">Mehr \u00fcber unsere Arbeitsweise und das Unternehmen erf\u00e4hrst du <a href=\"https:\/\/www.stadtraum.com\/stadtraum\/index.html\">hier<\/a> oder unter <a href=\"https:\/\/mobilet.eu\/de\/\">mobilet.de<\/a>.<\/p>\n\n\n\n<p class=\"wp-block-paragraph\"><\/p>\n","protected":false},"excerpt":{"rendered":"<p>Die Digitalisierung umfasst bereits viele Lebensbereiche und das elektronische Ticket bietet zahlreiche Vorteile gegen\u00fcber dem herk\u00f6mmlichen Papierticket.&nbsp;Kein Schlangestehen am Automaten &#8230; <a href=\"https:\/\/mobilet.eu\/de\/staedte\/\" aria-label=\"Weiterlesen \u00fcber St\u00e4dte\">Weiterlesen \u00fcber St\u00e4dte<\/a><\/p>\n","protected":false},"author":1,"featured_media":3988,"parent":0,"menu_order":0,"comment_status":"closed","ping_status":"closed","template":"","meta":{"_crdt_document":"","content-type":"","footnotes":""},"class_list":["post-42","page","type-page","status-publish","has-post-thumbnail","hentry"],"yoast_head":"<!-- This site is optimized with the Yoast SEO plugin v27.4 - https:\/\/yoast.com\/product\/yoast-seo-wordpress\/ -->\n<title>St\u00e4dte | mobilet.de<\/title>\n<meta name=\"description\" content=\"\u00fcber 450 St\u00e4dte! Parken per App mit mobilet - bezahle deine Tickets nun bargeldlos und stressfrei deutschlandweit\" \/>\n<meta name=\"robots\" content=\"index, follow, max-snippet:-1, max-image-preview:large, max-video-preview:-1\" \/>\n<link rel=\"canonical\" href=\"https:\/\/mobilet.eu\/de\/staedte\/\" \/>\n<meta property=\"og:locale\" content=\"de_DE\" \/>\n<meta property=\"og:type\" content=\"article\" \/>\n<meta property=\"og:title\" content=\"St\u00e4dte | mobilet.de\" \/>\n<meta property=\"og:description\" content=\"\u00fcber 450 St\u00e4dte! Parken per App mit mobilet - bezahle deine Tickets nun bargeldlos und stressfrei deutschlandweit\" \/>\n<meta property=\"og:url\" content=\"https:\/\/mobilet.eu\/de\/staedte\/\" \/>\n<meta property=\"og:site_name\" content=\"mobilet.de\" \/>\n<meta property=\"article:publisher\" content=\"https:\/\/www.facebook.com\/mobilet.de\" \/>\n<meta property=\"article:modified_time\" content=\"2025-10-29T09:27:03+00:00\" \/>\n<meta property=\"og:image\" content=\"https:\/\/mobilet.eu\/de\/wp-content\/uploads\/sites\/2\/2021\/07\/thale-stadt.jpg\" \/>\n\t<meta property=\"og:image:width\" content=\"1960\" \/>\n\t<meta property=\"og:image:height\" content=\"1307\" \/>\n\t<meta property=\"og:image:type\" content=\"image\/jpeg\" \/>\n<meta name=\"twitter:card\" content=\"summary_large_image\" \/>\n<meta name=\"twitter:image\" content=\"https:\/\/mobilet.eu\/de\/wp-content\/uploads\/sites\/2\/2021\/07\/thale-stadt.jpg\" \/>\n<meta name=\"twitter:label1\" content=\"Gesch\u00e4tzte Lesezeit\" \/>\n\t<meta name=\"twitter:data1\" content=\"2\u00a0Minuten\" \/>\n<script type=\"application\/ld+json\" class=\"yoast-schema-graph\">{\"@context\":\"https:\\\/\\\/schema.org\",\"@graph\":[{\"@type\":\"Article\",\"@id\":\"https:\\\/\\\/mobilet.eu\\\/de\\\/staedte\\\/#article\",\"isPartOf\":{\"@id\":\"https:\\\/\\\/mobilet.eu\\\/de\\\/staedte\\\/\"},\"author\":{\"name\":\"mobilet\",\"@id\":\"https:\\\/\\\/mobilet.eu\\\/de\\\/#\\\/schema\\\/person\\\/f072f532366811d5c5c467acf7647d59\"},\"headline\":\"St\u00e4dte\",\"datePublished\":\"2021-03-09T12:36:15+00:00\",\"dateModified\":\"2025-10-29T09:27:03+00:00\",\"mainEntityOfPage\":{\"@id\":\"https:\\\/\\\/mobilet.eu\\\/de\\\/staedte\\\/\"},\"wordCount\":341,\"publisher\":{\"@id\":\"https:\\\/\\\/mobilet.eu\\\/de\\\/#organization\"},\"image\":{\"@id\":\"https:\\\/\\\/mobilet.eu\\\/de\\\/staedte\\\/#primaryimage\"},\"thumbnailUrl\":\"https:\\\/\\\/mobilet.eu\\\/de\\\/wp-content\\\/uploads\\\/sites\\\/2\\\/2021\\\/10\\\/stadt-rostock_2-scaled.jpeg\",\"inLanguage\":\"de\"},{\"@type\":\"WebPage\",\"@id\":\"https:\\\/\\\/mobilet.eu\\\/de\\\/staedte\\\/\",\"url\":\"https:\\\/\\\/mobilet.eu\\\/de\\\/staedte\\\/\",\"name\":\"St\u00e4dte | mobilet.de\",\"isPartOf\":{\"@id\":\"https:\\\/\\\/mobilet.eu\\\/de\\\/#website\"},\"primaryImageOfPage\":{\"@id\":\"https:\\\/\\\/mobilet.eu\\\/de\\\/staedte\\\/#primaryimage\"},\"image\":{\"@id\":\"https:\\\/\\\/mobilet.eu\\\/de\\\/staedte\\\/#primaryimage\"},\"thumbnailUrl\":\"https:\\\/\\\/mobilet.eu\\\/de\\\/wp-content\\\/uploads\\\/sites\\\/2\\\/2021\\\/10\\\/stadt-rostock_2-scaled.jpeg\",\"datePublished\":\"2021-03-09T12:36:15+00:00\",\"dateModified\":\"2025-10-29T09:27:03+00:00\",\"description\":\"\u00fcber 450 St\u00e4dte! Parken per App mit mobilet - bezahle deine Tickets nun bargeldlos und stressfrei deutschlandweit\",\"breadcrumb\":{\"@id\":\"https:\\\/\\\/mobilet.eu\\\/de\\\/staedte\\\/#breadcrumb\"},\"inLanguage\":\"de\",\"potentialAction\":[{\"@type\":\"ReadAction\",\"target\":[\"https:\\\/\\\/mobilet.eu\\\/de\\\/staedte\\\/\"]}]},{\"@type\":\"ImageObject\",\"inLanguage\":\"de\",\"@id\":\"https:\\\/\\\/mobilet.eu\\\/de\\\/staedte\\\/#primaryimage\",\"url\":\"https:\\\/\\\/mobilet.eu\\\/de\\\/wp-content\\\/uploads\\\/sites\\\/2\\\/2021\\\/10\\\/stadt-rostock_2-scaled.jpeg\",\"contentUrl\":\"https:\\\/\\\/mobilet.eu\\\/de\\\/wp-content\\\/uploads\\\/sites\\\/2\\\/2021\\\/10\\\/stadt-rostock_2-scaled.jpeg\",\"width\":2560,\"height\":1734,\"caption\":\"\u00fcber 400 St\u00e4dte! Parken per App mit mobilet - bezahle deine Tickets nun bargeldlos und stressfrei deutschlandweit\"},{\"@type\":\"BreadcrumbList\",\"@id\":\"https:\\\/\\\/mobilet.eu\\\/de\\\/staedte\\\/#breadcrumb\",\"itemListElement\":[{\"@type\":\"ListItem\",\"position\":1,\"name\":\"Home\",\"item\":\"https:\\\/\\\/mobilet.eu\\\/de\\\/\"},{\"@type\":\"ListItem\",\"position\":2,\"name\":\"St\u00e4dte\"}]},{\"@type\":\"WebSite\",\"@id\":\"https:\\\/\\\/mobilet.eu\\\/de\\\/#website\",\"url\":\"https:\\\/\\\/mobilet.eu\\\/de\\\/\",\"name\":\"mobilet.de\",\"description\":\"Handyparken und mehr \u2026\",\"publisher\":{\"@id\":\"https:\\\/\\\/mobilet.eu\\\/de\\\/#organization\"},\"potentialAction\":[{\"@type\":\"SearchAction\",\"target\":{\"@type\":\"EntryPoint\",\"urlTemplate\":\"https:\\\/\\\/mobilet.eu\\\/de\\\/?s={search_term_string}\"},\"query-input\":{\"@type\":\"PropertyValueSpecification\",\"valueRequired\":true,\"valueName\":\"search_term_string\"}}],\"inLanguage\":\"de\"},{\"@type\":\"Organization\",\"@id\":\"https:\\\/\\\/mobilet.eu\\\/de\\\/#organization\",\"name\":\"stadtraum GmbH\",\"url\":\"https:\\\/\\\/mobilet.eu\\\/de\\\/\",\"logo\":{\"@type\":\"ImageObject\",\"inLanguage\":\"de\",\"@id\":\"https:\\\/\\\/mobilet.eu\\\/de\\\/#\\\/schema\\\/logo\\\/image\\\/\",\"url\":\"https:\\\/\\\/mobilet.eu\\\/de\\\/wp-content\\\/uploads\\\/sites\\\/2\\\/2022\\\/11\\\/mobilet-handyparken-01.jpg\",\"contentUrl\":\"https:\\\/\\\/mobilet.eu\\\/de\\\/wp-content\\\/uploads\\\/sites\\\/2\\\/2022\\\/11\\\/mobilet-handyparken-01.jpg\",\"width\":1920,\"height\":1280,\"caption\":\"stadtraum GmbH\"},\"image\":{\"@id\":\"https:\\\/\\\/mobilet.eu\\\/de\\\/#\\\/schema\\\/logo\\\/image\\\/\"},\"sameAs\":[\"https:\\\/\\\/www.facebook.com\\\/mobilet.de\",\"https:\\\/\\\/www.instagram.com\\\/mobilet.de\\\/\"]},{\"@type\":\"Person\",\"@id\":\"https:\\\/\\\/mobilet.eu\\\/de\\\/#\\\/schema\\\/person\\\/f072f532366811d5c5c467acf7647d59\",\"name\":\"mobilet\",\"image\":{\"@type\":\"ImageObject\",\"inLanguage\":\"de\",\"@id\":\"https:\\\/\\\/secure.gravatar.com\\\/avatar\\\/90c7185b319bf503d1d9ea791eea593db7441ccd2ba5402f2c30ab85a70bb223?s=96&d=mm&r=g\",\"url\":\"https:\\\/\\\/secure.gravatar.com\\\/avatar\\\/90c7185b319bf503d1d9ea791eea593db7441ccd2ba5402f2c30ab85a70bb223?s=96&d=mm&r=g\",\"contentUrl\":\"https:\\\/\\\/secure.gravatar.com\\\/avatar\\\/90c7185b319bf503d1d9ea791eea593db7441ccd2ba5402f2c30ab85a70bb223?s=96&d=mm&r=g\",\"caption\":\"mobilet\"},\"sameAs\":[\"https:\\\/\\\/mobilet.eu\"],\"url\":\"https:\\\/\\\/mobilet.eu\\\/de\\\/author\\\/admin\\\/\"}]}<\/script>\n<!-- \/ Yoast SEO plugin. -->","yoast_head_json":{"title":"St\u00e4dte | mobilet.de","description":"\u00fcber 450 St\u00e4dte! Parken per App mit mobilet - bezahle deine Tickets nun bargeldlos und stressfrei deutschlandweit","robots":{"index":"index","follow":"follow","max-snippet":"max-snippet:-1","max-image-preview":"max-image-preview:large","max-video-preview":"max-video-preview:-1"},"canonical":"https:\/\/mobilet.eu\/de\/staedte\/","og_locale":"de_DE","og_type":"article","og_title":"St\u00e4dte | mobilet.de","og_description":"\u00fcber 450 St\u00e4dte! Parken per App mit mobilet - bezahle deine Tickets nun bargeldlos und stressfrei deutschlandweit","og_url":"https:\/\/mobilet.eu\/de\/staedte\/","og_site_name":"mobilet.de","article_publisher":"https:\/\/www.facebook.com\/mobilet.de","article_modified_time":"2025-10-29T09:27:03+00:00","og_image":[{"width":1960,"height":1307,"url":"https:\/\/mobilet.eu\/de\/wp-content\/uploads\/sites\/2\/2021\/07\/thale-stadt.jpg","type":"image\/jpeg"}],"twitter_card":"summary_large_image","twitter_image":"https:\/\/mobilet.eu\/de\/wp-content\/uploads\/sites\/2\/2021\/07\/thale-stadt.jpg","twitter_misc":{"Gesch\u00e4tzte Lesezeit":"2\u00a0Minuten"},"schema":{"@context":"https:\/\/schema.org","@graph":[{"@type":"Article","@id":"https:\/\/mobilet.eu\/de\/staedte\/#article","isPartOf":{"@id":"https:\/\/mobilet.eu\/de\/staedte\/"},"author":{"name":"mobilet","@id":"https:\/\/mobilet.eu\/de\/#\/schema\/person\/f072f532366811d5c5c467acf7647d59"},"headline":"St\u00e4dte","datePublished":"2021-03-09T12:36:15+00:00","dateModified":"2025-10-29T09:27:03+00:00","mainEntityOfPage":{"@id":"https:\/\/mobilet.eu\/de\/staedte\/"},"wordCount":341,"publisher":{"@id":"https:\/\/mobilet.eu\/de\/#organization"},"image":{"@id":"https:\/\/mobilet.eu\/de\/staedte\/#primaryimage"},"thumbnailUrl":"https:\/\/mobilet.eu\/de\/wp-content\/uploads\/sites\/2\/2021\/10\/stadt-rostock_2-scaled.jpeg","inLanguage":"de"},{"@type":"WebPage","@id":"https:\/\/mobilet.eu\/de\/staedte\/","url":"https:\/\/mobilet.eu\/de\/staedte\/","name":"St\u00e4dte | mobilet.de","isPartOf":{"@id":"https:\/\/mobilet.eu\/de\/#website"},"primaryImageOfPage":{"@id":"https:\/\/mobilet.eu\/de\/staedte\/#primaryimage"},"image":{"@id":"https:\/\/mobilet.eu\/de\/staedte\/#primaryimage"},"thumbnailUrl":"https:\/\/mobilet.eu\/de\/wp-content\/uploads\/sites\/2\/2021\/10\/stadt-rostock_2-scaled.jpeg","datePublished":"2021-03-09T12:36:15+00:00","dateModified":"2025-10-29T09:27:03+00:00","description":"\u00fcber 450 St\u00e4dte! Parken per App mit mobilet - bezahle deine Tickets nun bargeldlos und stressfrei deutschlandweit","breadcrumb":{"@id":"https:\/\/mobilet.eu\/de\/staedte\/#breadcrumb"},"inLanguage":"de","potentialAction":[{"@type":"ReadAction","target":["https:\/\/mobilet.eu\/de\/staedte\/"]}]},{"@type":"ImageObject","inLanguage":"de","@id":"https:\/\/mobilet.eu\/de\/staedte\/#primaryimage","url":"https:\/\/mobilet.eu\/de\/wp-content\/uploads\/sites\/2\/2021\/10\/stadt-rostock_2-scaled.jpeg","contentUrl":"https:\/\/mobilet.eu\/de\/wp-content\/uploads\/sites\/2\/2021\/10\/stadt-rostock_2-scaled.jpeg","width":2560,"height":1734,"caption":"\u00fcber 400 St\u00e4dte! Parken per App mit mobilet - bezahle deine Tickets nun bargeldlos und stressfrei deutschlandweit"},{"@type":"BreadcrumbList","@id":"https:\/\/mobilet.eu\/de\/staedte\/#breadcrumb","itemListElement":[{"@type":"ListItem","position":1,"name":"Home","item":"https:\/\/mobilet.eu\/de\/"},{"@type":"ListItem","position":2,"name":"St\u00e4dte"}]},{"@type":"WebSite","@id":"https:\/\/mobilet.eu\/de\/#website","url":"https:\/\/mobilet.eu\/de\/","name":"mobilet.de","description":"Handyparken und mehr \u2026","publisher":{"@id":"https:\/\/mobilet.eu\/de\/#organization"},"potentialAction":[{"@type":"SearchAction","target":{"@type":"EntryPoint","urlTemplate":"https:\/\/mobilet.eu\/de\/?s={search_term_string}"},"query-input":{"@type":"PropertyValueSpecification","valueRequired":true,"valueName":"search_term_string"}}],"inLanguage":"de"},{"@type":"Organization","@id":"https:\/\/mobilet.eu\/de\/#organization","name":"stadtraum GmbH","url":"https:\/\/mobilet.eu\/de\/","logo":{"@type":"ImageObject","inLanguage":"de","@id":"https:\/\/mobilet.eu\/de\/#\/schema\/logo\/image\/","url":"https:\/\/mobilet.eu\/de\/wp-content\/uploads\/sites\/2\/2022\/11\/mobilet-handyparken-01.jpg","contentUrl":"https:\/\/mobilet.eu\/de\/wp-content\/uploads\/sites\/2\/2022\/11\/mobilet-handyparken-01.jpg","width":1920,"height":1280,"caption":"stadtraum GmbH"},"image":{"@id":"https:\/\/mobilet.eu\/de\/#\/schema\/logo\/image\/"},"sameAs":["https:\/\/www.facebook.com\/mobilet.de","https:\/\/www.instagram.com\/mobilet.de\/"]},{"@type":"Person","@id":"https:\/\/mobilet.eu\/de\/#\/schema\/person\/f072f532366811d5c5c467acf7647d59","name":"mobilet","image":{"@type":"ImageObject","inLanguage":"de","@id":"https:\/\/secure.gravatar.com\/avatar\/90c7185b319bf503d1d9ea791eea593db7441ccd2ba5402f2c30ab85a70bb223?s=96&d=mm&r=g","url":"https:\/\/secure.gravatar.com\/avatar\/90c7185b319bf503d1d9ea791eea593db7441ccd2ba5402f2c30ab85a70bb223?s=96&d=mm&r=g","contentUrl":"https:\/\/secure.gravatar.com\/avatar\/90c7185b319bf503d1d9ea791eea593db7441ccd2ba5402f2c30ab85a70bb223?s=96&d=mm&r=g","caption":"mobilet"},"sameAs":["https:\/\/mobilet.eu"],"url":"https:\/\/mobilet.eu\/de\/author\/admin\/"}]}},"_links":{"self":[{"href":"https:\/\/mobilet.eu\/de\/wp-json\/wp\/v2\/pages\/42","targetHints":{"allow":["GET"]}}],"collection":[{"href":"https:\/\/mobilet.eu\/de\/wp-json\/wp\/v2\/pages"}],"about":[{"href":"https:\/\/mobilet.eu\/de\/wp-json\/wp\/v2\/types\/page"}],"author":[{"embeddable":true,"href":"https:\/\/mobilet.eu\/de\/wp-json\/wp\/v2\/users\/1"}],"replies":[{"embeddable":true,"href":"https:\/\/mobilet.eu\/de\/wp-json\/wp\/v2\/comments?post=42"}],"version-history":[{"count":33,"href":"https:\/\/mobilet.eu\/de\/wp-json\/wp\/v2\/pages\/42\/revisions"}],"predecessor-version":[{"id":37242,"href":"https:\/\/mobilet.eu\/de\/wp-json\/wp\/v2\/pages\/42\/revisions\/37242"}],"wp:featuredmedia":[{"embeddable":true,"href":"https:\/\/mobilet.eu\/de\/wp-json\/wp\/v2\/media\/3988"}],"wp:attachment":[{"href":"https:\/\/mobilet.eu\/de\/wp-json\/wp\/v2\/media?parent=42"}],"curies":[{"name":"wp","href":"https:\/\/api.w.org\/{rel}","templated":true}]}}