{"id":48,"date":"2021-03-09T13:54:47","date_gmt":"2021-03-09T12:54:47","guid":{"rendered":"https:\/\/mobilet.eu\/de\/?page_id=48"},"modified":"2025-10-29T10:12:03","modified_gmt":"2025-10-29T09:12:03","slug":"home","status":"publish","type":"page","link":"https:\/\/mobilet.eu\/de\/","title":{"rendered":"Das ist mobilet."},"content":{"rendered":"\n<p class=\"wp-block-paragraph\"><strong>mobilet<\/strong>&nbsp;ist deine Mobilit\u00e4tsapp, die das Reisen durch Stadt und Land ganz einfach macht. Mit mobilet kannst du Handyparken, deine Tageskurabgabe bezahlen, dein E-Auto laden, Fahrradboxen mieten und mehr. Deine <strong>Mobilit\u00e4tsplattform<\/strong> f\u00fcr die Tasche. Das Zuhause f\u00fcr all deine Tickets.<\/p>\n\n\n\n<p class=\"wp-block-paragraph\">\u00dcberzeuge dich selbst von unserer App. <a href=\"https:\/\/mobilet.eu\/de\/download\/\">Jetzt kostenlos App herunterladen<\/a>. <\/p>\n\n\n\n<div id=\"textblock\" class=\"wp-block-group textblock\"><div class=\"wp-block-group__inner-container is-layout-constrained wp-block-group-is-layout-constrained\">\n<p class=\"wp-block-paragraph\">Zwischen Eisen und Stahl, Trinkhallen und Schreberg\u00e4rten \u2013 hier ist unser Ursprung und unsere Heimat. mobilet is aus&#8217;m Pott!<\/p>\n\n\n\n<p class=\"wp-block-paragraph\">Entdecke jetzt alle Vorteile vom Handyparken mit mobilet in deiner Stadt im Pott. Registriere dich verpasse keine Home Neuigkeiten und erhalte 2 Euro als Guthaben f\u00fcr deinen n\u00e4chstes Parkticket geschenkt!<\/p>\n\n\n\n<p class=\"wp-block-paragraph\">Zwischen Eisen und Stahl, Trinkhallen und Schreberg\u00e4rten \u2013 hier ist unser Ursprung und unsere Heimat. mobilet is aus&#8217;m Pott!<\/p>\n\n\n\n<p class=\"wp-block-paragraph\">Entdecke jetzt alle Vorteile vom Handyparken mit mobilet in deiner Stadt im Pott. Registriere dich f\u00fcr unseren  Home keine Neuigkeiten und erhalte 2 Euro als Guthaben f\u00fcr deinen n\u00e4chstes Parkticket geschenkt!<\/p>\n\n\n\n<p class=\"wp-block-paragraph\">Zwischen Eisen und Stahl, Trinkhallen und Schreberg\u00e4rten \u2013 hier ist unser Ursprung und unsere Heimat. mobilet is aus&#8217;m Pott!<\/p>\n\n\n\n<p class=\"wp-block-paragraph\">Entdecke jetzt alle Vorteile vom Handyparken mit mobilet in deiner Stadt im Pott. Registriere dich f\u00fcr unseren keine Neuigkeiten und erhalte 2 Euro als Guthaben f\u00fcr deinen n\u00e4chstes Parkticket geschenkt!<\/p>\n\n\n\n<p class=\"wp-block-paragraph\">Zwischen Eisen und Stahl, Trinkhallen und Schreberg\u00e4rten \u2013 hier ist unser Ursprung und unsere Heimat. mobilet is aus&#8217;m Pott!<\/p>\n\n\n\n<p class=\"wp-block-paragraph\">Entdecke jetzt alle Vorteile vom Handyparken mit mobilet in deiner Stadt im Pott. Registriere dich f\u00fcr unseren verpasse keine Neuigkeiten und erhalte 2 Home Euro als Guthaben f\u00fcr deinen n\u00e4chstes Parkticket geschenkt!<\/p>\n\n\n\n<p class=\"wp-block-paragraph\">Zwischen Eisen Home und Stahl, Trinkhallen und Schreberg\u00e4rten \u2013 hier ist unser Ursprung und unsere Heimat. mobilet is aus&#8217;m Pott!<\/p>\n\n\n\n<p class=\"wp-block-paragraph\">Entdecke jetzt alle Vorteile vom Handyparken mit mobilet in deiner Stadt im Pott. Registriere dich f\u00fcr unseren Neuigkeiten und erhalte 2 Euro als Guthaben f\u00fcr deinen n\u00e4chstes Parkticket Home geschenkt!<\/p>\n<\/div><\/div>\n","protected":false},"excerpt":{"rendered":"<p>mobilet&nbsp;ist deine Mobilit\u00e4tsapp, die das Reisen durch Stadt und Land ganz einfach macht. Mit mobilet kannst du Handyparken, deine Tageskurabgabe &#8230; <a href=\"https:\/\/mobilet.eu\/de\/\" aria-label=\"Weiterlesen \u00fcber Das ist mobilet.\">Weiterlesen \u00fcber Das ist mobilet.<\/a><\/p>\n","protected":false},"author":1,"featured_media":29288,"parent":0,"menu_order":0,"comment_status":"closed","ping_status":"closed","template":"","meta":{"_crdt_document":"","content-type":"","footnotes":""},"class_list":["post-48","page","type-page","status-publish","has-post-thumbnail","hentry"],"yoast_head":"<!-- This site is optimized with the Yoast SEO plugin v27.3 - https:\/\/yoast.com\/product\/yoast-seo-wordpress\/ -->\n<title>Home - Mobilit\u00e4tsplattform | mobilet.de<\/title>\n<meta name=\"description\" content=\"Mit mobilet.de kannst du Handyparken, deine Kurtaxe bezahlen, dein E-Auto laden, Fahrradboxen mieten und mehr.\" \/>\n<meta name=\"robots\" content=\"index, follow, max-snippet:-1, max-image-preview:large, max-video-preview:-1\" \/>\n<link rel=\"canonical\" href=\"https:\/\/mobilet.eu\/de\/\" \/>\n<meta property=\"og:locale\" content=\"de_DE\" \/>\n<meta property=\"og:type\" content=\"article\" \/>\n<meta property=\"og:title\" content=\"Handyparken und mehr ...\" \/>\n<meta property=\"og:description\" content=\"Mit mobilet.de kannst du Handyparken, deine Kurtaxe bezahlen, dein E-Auto laden, Fahrradboxen mieten und mehr.\" \/>\n<meta property=\"og:url\" content=\"https:\/\/mobilet.eu\/de\/\" \/>\n<meta property=\"og:site_name\" content=\"mobilet.de\" \/>\n<meta property=\"article:publisher\" content=\"https:\/\/www.facebook.com\/mobilet.de\" \/>\n<meta property=\"article:modified_time\" content=\"2025-10-29T09:12:03+00:00\" \/>\n<meta property=\"og:image\" content=\"https:\/\/mobilet.eu\/de\/wp-content\/uploads\/sites\/2\/2025\/07\/Header-mobilet-Webseite_20250113_web.jpg\" \/>\n\t<meta property=\"og:image:width\" content=\"2000\" \/>\n\t<meta property=\"og:image:height\" content=\"800\" \/>\n\t<meta property=\"og:image:type\" content=\"image\/jpeg\" \/>\n<meta name=\"twitter:card\" content=\"summary_large_image\" \/>\n<meta name=\"twitter:title\" content=\"Handyparken und mehr ...\" \/>\n<meta name=\"twitter:label1\" content=\"Gesch\u00e4tzte Lesezeit\" \/>\n\t<meta name=\"twitter:data1\" content=\"2\u00a0Minuten\" \/>\n<script type=\"application\/ld+json\" class=\"yoast-schema-graph\">{\"@context\":\"https:\\\/\\\/schema.org\",\"@graph\":[{\"@type\":\"Article\",\"@id\":\"https:\\\/\\\/mobilet.eu\\\/de\\\/#article\",\"isPartOf\":{\"@id\":\"https:\\\/\\\/mobilet.eu\\\/de\\\/\"},\"author\":{\"name\":\"mobilet\",\"@id\":\"https:\\\/\\\/mobilet.eu\\\/de\\\/#\\\/schema\\\/person\\\/f072f532366811d5c5c467acf7647d59\"},\"headline\":\"Das ist mobilet.\",\"datePublished\":\"2021-03-09T12:54:47+00:00\",\"dateModified\":\"2025-10-29T09:12:03+00:00\",\"mainEntityOfPage\":{\"@id\":\"https:\\\/\\\/mobilet.eu\\\/de\\\/\"},\"wordCount\":321,\"publisher\":{\"@id\":\"https:\\\/\\\/mobilet.eu\\\/de\\\/#organization\"},\"image\":{\"@id\":\"https:\\\/\\\/mobilet.eu\\\/de\\\/#primaryimage\"},\"thumbnailUrl\":\"https:\\\/\\\/mobilet.eu\\\/de\\\/wp-content\\\/uploads\\\/sites\\\/2\\\/2025\\\/07\\\/Header-mobilet-Webseite_20250113_web.jpg\",\"inLanguage\":\"de\"},{\"@type\":\"WebPage\",\"@id\":\"https:\\\/\\\/mobilet.eu\\\/de\\\/\",\"url\":\"https:\\\/\\\/mobilet.eu\\\/de\\\/\",\"name\":\"Home - Mobilit\u00e4tsplattform | mobilet.de\",\"isPartOf\":{\"@id\":\"https:\\\/\\\/mobilet.eu\\\/de\\\/#website\"},\"primaryImageOfPage\":{\"@id\":\"https:\\\/\\\/mobilet.eu\\\/de\\\/#primaryimage\"},\"image\":{\"@id\":\"https:\\\/\\\/mobilet.eu\\\/de\\\/#primaryimage\"},\"thumbnailUrl\":\"https:\\\/\\\/mobilet.eu\\\/de\\\/wp-content\\\/uploads\\\/sites\\\/2\\\/2025\\\/07\\\/Header-mobilet-Webseite_20250113_web.jpg\",\"datePublished\":\"2021-03-09T12:54:47+00:00\",\"dateModified\":\"2025-10-29T09:12:03+00:00\",\"description\":\"Mit mobilet.de kannst du Handyparken, deine Kurtaxe bezahlen, dein E-Auto laden, Fahrradboxen mieten und mehr.\",\"breadcrumb\":{\"@id\":\"https:\\\/\\\/mobilet.eu\\\/de\\\/#breadcrumb\"},\"inLanguage\":\"de\",\"potentialAction\":[{\"@type\":\"ReadAction\",\"target\":[\"https:\\\/\\\/mobilet.eu\\\/de\\\/\"]}]},{\"@type\":\"ImageObject\",\"inLanguage\":\"de\",\"@id\":\"https:\\\/\\\/mobilet.eu\\\/de\\\/#primaryimage\",\"url\":\"https:\\\/\\\/mobilet.eu\\\/de\\\/wp-content\\\/uploads\\\/sites\\\/2\\\/2025\\\/07\\\/Header-mobilet-Webseite_20250113_web.jpg\",\"contentUrl\":\"https:\\\/\\\/mobilet.eu\\\/de\\\/wp-content\\\/uploads\\\/sites\\\/2\\\/2025\\\/07\\\/Header-mobilet-Webseite_20250113_web.jpg\",\"width\":2000,\"height\":800},{\"@type\":\"BreadcrumbList\",\"@id\":\"https:\\\/\\\/mobilet.eu\\\/de\\\/#breadcrumb\",\"itemListElement\":[{\"@type\":\"ListItem\",\"position\":1,\"name\":\"Home\",\"item\":\"https:\\\/\\\/mobilet.eu\\\/de\\\/\"},{\"@type\":\"ListItem\",\"position\":2,\"name\":\"Das ist mobilet.\"}]},{\"@type\":\"WebSite\",\"@id\":\"https:\\\/\\\/mobilet.eu\\\/de\\\/#website\",\"url\":\"https:\\\/\\\/mobilet.eu\\\/de\\\/\",\"name\":\"mobilet.de\",\"description\":\"Handyparken und mehr \u2026\",\"publisher\":{\"@id\":\"https:\\\/\\\/mobilet.eu\\\/de\\\/#organization\"},\"potentialAction\":[{\"@type\":\"SearchAction\",\"target\":{\"@type\":\"EntryPoint\",\"urlTemplate\":\"https:\\\/\\\/mobilet.eu\\\/de\\\/?s={search_term_string}\"},\"query-input\":{\"@type\":\"PropertyValueSpecification\",\"valueRequired\":true,\"valueName\":\"search_term_string\"}}],\"inLanguage\":\"de\"},{\"@type\":\"Organization\",\"@id\":\"https:\\\/\\\/mobilet.eu\\\/de\\\/#organization\",\"name\":\"stadtraum GmbH\",\"url\":\"https:\\\/\\\/mobilet.eu\\\/de\\\/\",\"logo\":{\"@type\":\"ImageObject\",\"inLanguage\":\"de\",\"@id\":\"https:\\\/\\\/mobilet.eu\\\/de\\\/#\\\/schema\\\/logo\\\/image\\\/\",\"url\":\"https:\\\/\\\/mobilet.eu\\\/de\\\/wp-content\\\/uploads\\\/sites\\\/2\\\/2022\\\/11\\\/mobilet-handyparken-01.jpg\",\"contentUrl\":\"https:\\\/\\\/mobilet.eu\\\/de\\\/wp-content\\\/uploads\\\/sites\\\/2\\\/2022\\\/11\\\/mobilet-handyparken-01.jpg\",\"width\":1920,\"height\":1280,\"caption\":\"stadtraum GmbH\"},\"image\":{\"@id\":\"https:\\\/\\\/mobilet.eu\\\/de\\\/#\\\/schema\\\/logo\\\/image\\\/\"},\"sameAs\":[\"https:\\\/\\\/www.facebook.com\\\/mobilet.de\",\"https:\\\/\\\/www.instagram.com\\\/mobilet.de\\\/\"]},{\"@type\":\"Person\",\"@id\":\"https:\\\/\\\/mobilet.eu\\\/de\\\/#\\\/schema\\\/person\\\/f072f532366811d5c5c467acf7647d59\",\"name\":\"mobilet\",\"image\":{\"@type\":\"ImageObject\",\"inLanguage\":\"de\",\"@id\":\"https:\\\/\\\/secure.gravatar.com\\\/avatar\\\/90c7185b319bf503d1d9ea791eea593db7441ccd2ba5402f2c30ab85a70bb223?s=96&d=mm&r=g\",\"url\":\"https:\\\/\\\/secure.gravatar.com\\\/avatar\\\/90c7185b319bf503d1d9ea791eea593db7441ccd2ba5402f2c30ab85a70bb223?s=96&d=mm&r=g\",\"contentUrl\":\"https:\\\/\\\/secure.gravatar.com\\\/avatar\\\/90c7185b319bf503d1d9ea791eea593db7441ccd2ba5402f2c30ab85a70bb223?s=96&d=mm&r=g\",\"caption\":\"mobilet\"},\"sameAs\":[\"https:\\\/\\\/mobilet.eu\"],\"url\":\"https:\\\/\\\/mobilet.eu\\\/de\\\/author\\\/admin\\\/\"}]}<\/script>\n<!-- \/ Yoast SEO plugin. -->","yoast_head_json":{"title":"Home - Mobilit\u00e4tsplattform | mobilet.de","description":"Mit mobilet.de kannst du Handyparken, deine Kurtaxe bezahlen, dein E-Auto laden, Fahrradboxen mieten und mehr.","robots":{"index":"index","follow":"follow","max-snippet":"max-snippet:-1","max-image-preview":"max-image-preview:large","max-video-preview":"max-video-preview:-1"},"canonical":"https:\/\/mobilet.eu\/de\/","og_locale":"de_DE","og_type":"article","og_title":"Handyparken und mehr ...","og_description":"Mit mobilet.de kannst du Handyparken, deine Kurtaxe bezahlen, dein E-Auto laden, Fahrradboxen mieten und mehr.","og_url":"https:\/\/mobilet.eu\/de\/","og_site_name":"mobilet.de","article_publisher":"https:\/\/www.facebook.com\/mobilet.de","article_modified_time":"2025-10-29T09:12:03+00:00","og_image":[{"width":2000,"height":800,"url":"https:\/\/mobilet.eu\/de\/wp-content\/uploads\/sites\/2\/2025\/07\/Header-mobilet-Webseite_20250113_web.jpg","type":"image\/jpeg"}],"twitter_card":"summary_large_image","twitter_title":"Handyparken und mehr ...","twitter_misc":{"Gesch\u00e4tzte Lesezeit":"2\u00a0Minuten"},"schema":{"@context":"https:\/\/schema.org","@graph":[{"@type":"Article","@id":"https:\/\/mobilet.eu\/de\/#article","isPartOf":{"@id":"https:\/\/mobilet.eu\/de\/"},"author":{"name":"mobilet","@id":"https:\/\/mobilet.eu\/de\/#\/schema\/person\/f072f532366811d5c5c467acf7647d59"},"headline":"Das ist mobilet.","datePublished":"2021-03-09T12:54:47+00:00","dateModified":"2025-10-29T09:12:03+00:00","mainEntityOfPage":{"@id":"https:\/\/mobilet.eu\/de\/"},"wordCount":321,"publisher":{"@id":"https:\/\/mobilet.eu\/de\/#organization"},"image":{"@id":"https:\/\/mobilet.eu\/de\/#primaryimage"},"thumbnailUrl":"https:\/\/mobilet.eu\/de\/wp-content\/uploads\/sites\/2\/2025\/07\/Header-mobilet-Webseite_20250113_web.jpg","inLanguage":"de"},{"@type":"WebPage","@id":"https:\/\/mobilet.eu\/de\/","url":"https:\/\/mobilet.eu\/de\/","name":"Home - Mobilit\u00e4tsplattform | mobilet.de","isPartOf":{"@id":"https:\/\/mobilet.eu\/de\/#website"},"primaryImageOfPage":{"@id":"https:\/\/mobilet.eu\/de\/#primaryimage"},"image":{"@id":"https:\/\/mobilet.eu\/de\/#primaryimage"},"thumbnailUrl":"https:\/\/mobilet.eu\/de\/wp-content\/uploads\/sites\/2\/2025\/07\/Header-mobilet-Webseite_20250113_web.jpg","datePublished":"2021-03-09T12:54:47+00:00","dateModified":"2025-10-29T09:12:03+00:00","description":"Mit mobilet.de kannst du Handyparken, deine Kurtaxe bezahlen, dein E-Auto laden, Fahrradboxen mieten und mehr.","breadcrumb":{"@id":"https:\/\/mobilet.eu\/de\/#breadcrumb"},"inLanguage":"de","potentialAction":[{"@type":"ReadAction","target":["https:\/\/mobilet.eu\/de\/"]}]},{"@type":"ImageObject","inLanguage":"de","@id":"https:\/\/mobilet.eu\/de\/#primaryimage","url":"https:\/\/mobilet.eu\/de\/wp-content\/uploads\/sites\/2\/2025\/07\/Header-mobilet-Webseite_20250113_web.jpg","contentUrl":"https:\/\/mobilet.eu\/de\/wp-content\/uploads\/sites\/2\/2025\/07\/Header-mobilet-Webseite_20250113_web.jpg","width":2000,"height":800},{"@type":"BreadcrumbList","@id":"https:\/\/mobilet.eu\/de\/#breadcrumb","itemListElement":[{"@type":"ListItem","position":1,"name":"Home","item":"https:\/\/mobilet.eu\/de\/"},{"@type":"ListItem","position":2,"name":"Das ist mobilet."}]},{"@type":"WebSite","@id":"https:\/\/mobilet.eu\/de\/#website","url":"https:\/\/mobilet.eu\/de\/","name":"mobilet.de","description":"Handyparken und mehr \u2026","publisher":{"@id":"https:\/\/mobilet.eu\/de\/#organization"},"potentialAction":[{"@type":"SearchAction","target":{"@type":"EntryPoint","urlTemplate":"https:\/\/mobilet.eu\/de\/?s={search_term_string}"},"query-input":{"@type":"PropertyValueSpecification","valueRequired":true,"valueName":"search_term_string"}}],"inLanguage":"de"},{"@type":"Organization","@id":"https:\/\/mobilet.eu\/de\/#organization","name":"stadtraum GmbH","url":"https:\/\/mobilet.eu\/de\/","logo":{"@type":"ImageObject","inLanguage":"de","@id":"https:\/\/mobilet.eu\/de\/#\/schema\/logo\/image\/","url":"https:\/\/mobilet.eu\/de\/wp-content\/uploads\/sites\/2\/2022\/11\/mobilet-handyparken-01.jpg","contentUrl":"https:\/\/mobilet.eu\/de\/wp-content\/uploads\/sites\/2\/2022\/11\/mobilet-handyparken-01.jpg","width":1920,"height":1280,"caption":"stadtraum GmbH"},"image":{"@id":"https:\/\/mobilet.eu\/de\/#\/schema\/logo\/image\/"},"sameAs":["https:\/\/www.facebook.com\/mobilet.de","https:\/\/www.instagram.com\/mobilet.de\/"]},{"@type":"Person","@id":"https:\/\/mobilet.eu\/de\/#\/schema\/person\/f072f532366811d5c5c467acf7647d59","name":"mobilet","image":{"@type":"ImageObject","inLanguage":"de","@id":"https:\/\/secure.gravatar.com\/avatar\/90c7185b319bf503d1d9ea791eea593db7441ccd2ba5402f2c30ab85a70bb223?s=96&d=mm&r=g","url":"https:\/\/secure.gravatar.com\/avatar\/90c7185b319bf503d1d9ea791eea593db7441ccd2ba5402f2c30ab85a70bb223?s=96&d=mm&r=g","contentUrl":"https:\/\/secure.gravatar.com\/avatar\/90c7185b319bf503d1d9ea791eea593db7441ccd2ba5402f2c30ab85a70bb223?s=96&d=mm&r=g","caption":"mobilet"},"sameAs":["https:\/\/mobilet.eu"],"url":"https:\/\/mobilet.eu\/de\/author\/admin\/"}]}},"_links":{"self":[{"href":"https:\/\/mobilet.eu\/de\/wp-json\/wp\/v2\/pages\/48","targetHints":{"allow":["GET"]}}],"collection":[{"href":"https:\/\/mobilet.eu\/de\/wp-json\/wp\/v2\/pages"}],"about":[{"href":"https:\/\/mobilet.eu\/de\/wp-json\/wp\/v2\/types\/page"}],"author":[{"embeddable":true,"href":"https:\/\/mobilet.eu\/de\/wp-json\/wp\/v2\/users\/1"}],"replies":[{"embeddable":true,"href":"https:\/\/mobilet.eu\/de\/wp-json\/wp\/v2\/comments?post=48"}],"version-history":[{"count":39,"href":"https:\/\/mobilet.eu\/de\/wp-json\/wp\/v2\/pages\/48\/revisions"}],"predecessor-version":[{"id":37230,"href":"https:\/\/mobilet.eu\/de\/wp-json\/wp\/v2\/pages\/48\/revisions\/37230"}],"wp:featuredmedia":[{"embeddable":true,"href":"https:\/\/mobilet.eu\/de\/wp-json\/wp\/v2\/media\/29288"}],"wp:attachment":[{"href":"https:\/\/mobilet.eu\/de\/wp-json\/wp\/v2\/media?parent=48"}],"curies":[{"name":"wp","href":"https:\/\/api.w.org\/{rel}","templated":true}]}}