{"id":1522,"date":"2024-09-16T15:19:30","date_gmt":"2024-09-16T13:19:30","guid":{"rendered":"https:\/\/mobilet.eu\/pl\/?page_id=1522"},"modified":"2024-10-28T18:19:12","modified_gmt":"2024-10-28T17:19:12","slug":"naklejka-mobilet","status":"publish","type":"page","link":"https:\/\/mobilet.eu\/pl\/naklejka-mobilet\/","title":{"rendered":"Naklejka Mobilet"},"content":{"rendered":"\n<h2 class=\"wp-block-heading h1\"><strong>Informacje o winietach parkingowych<\/strong><\/h2>\n\n\n\n<p class=\"wp-block-paragraph\">Naklejka Mobilet, nazywana czasem winiet\u0105, s\u0142u\u017cy do <strong>oznaczenia pojazdu<\/strong>, kt\u00f3rego kierowca <a href=\"https:\/\/mobilet.eu\/pl\/uslugi\/oplaty-parkingowe\/\">p\u0142aci za parkowanie<\/a> korzystaj\u0105c z <a href=\"https:\/\/pobierz.mobilet.pl\">naszej aplikacji<\/a>. Winiet\u0119 umieszcza si\u0119 na przedniej szybie samochodu, <strong>przyklejaj\u0105c od wewn\u0119trznej strony<\/strong>. Dzi\u0119ki temu pracownik odpowiedzialny za kontrol\u0119 wnoszenia op\u0142at nie ma w\u0105tpliwo\u015bci odno\u015bnie u\u017cytej metody wniesienia op\u0142aty. Mobilet zast\u0119puje papierowe wydruki z parkomatu, a kontroler od razu sprawdza numer rejestracyjny samochodu w bazie Mobilet i status p\u0142ano\u015bci.<\/p>\n\n\n\n<p class=\"wp-block-paragraph\">Chocia\u017c aktualnie w <a href=\"https:\/\/mobilet.eu\/pl\/miasta\/\">miastach gdzie dost\u0119pny jest Mobilet<\/a> winiety nie s\u0105 obowi\u0105zkowe, rekomendujemy ich u\u017cywanie. <strong>UWAGA: Naklejki Mobilet s\u0105 bezp\u0142atne<\/strong>, jednak nie wysy\u0142amy pojedynczych naklejek klientom. D\u0105\u017cymy do tego, aby by\u0142y dost\u0119pne one w jak najwi\u0119kszej liczbie miejsc.<\/p>\n\n\n\n<p class=\"wp-block-paragraph\"><\/p>\n","protected":false},"excerpt":{"rendered":"<p>Informacje o winietach parkingowych Naklejka Mobilet, nazywana czasem winiet\u0105, s\u0142u\u017cy do oznaczenia pojazdu, kt\u00f3rego kierowca p\u0142aci za parkowanie korzystaj\u0105c z [&hellip;]<\/p>\n","protected":false},"author":2,"featured_media":2305,"parent":0,"menu_order":0,"comment_status":"closed","ping_status":"closed","template":"","meta":{"_crdt_document":"","footnotes":""},"class_list":["post-1522","page","type-page","status-publish","has-post-thumbnail","hentry"],"yoast_head":"<!-- This site is optimized with the Yoast SEO plugin v27.1.1 - https:\/\/yoast.com\/product\/yoast-seo-wordpress\/ -->\n<title>Naklejka Mobilet | mobilet.pl<\/title>\n<meta name=\"description\" content=\"Naklejki, inaczej winiety Mobilet u\u0142atwiaj\u0105 parkowanie z aplikacj\u0105 Mobilet. Sprawd\u017a, jak je zdoby\u0107 lub samodzielnie wydrukuj wz\u00f3r grafiki.\" \/>\n<meta name=\"robots\" content=\"index, follow, max-snippet:-1, max-image-preview:large, max-video-preview:-1\" \/>\n<link rel=\"canonical\" href=\"https:\/\/mobilet.eu\/pl\/naklejka-mobilet\/\" \/>\n<meta property=\"og:locale\" content=\"pl_PL\" \/>\n<meta property=\"og:type\" content=\"article\" \/>\n<meta property=\"og:title\" content=\"Naklejka Mobilet | mobilet.pl\" \/>\n<meta property=\"og:description\" content=\"Naklejki, inaczej winiety Mobilet u\u0142atwiaj\u0105 parkowanie z aplikacj\u0105 Mobilet. Sprawd\u017a, jak je zdoby\u0107 lub samodzielnie wydrukuj wz\u00f3r grafiki.\" \/>\n<meta property=\"og:url\" content=\"https:\/\/mobilet.eu\/pl\/naklejka-mobilet\/\" \/>\n<meta property=\"og:site_name\" content=\"mobilet.pl\" \/>\n<meta property=\"article:modified_time\" content=\"2024-10-28T17:19:12+00:00\" \/>\n<meta property=\"og:image\" content=\"https:\/\/mobilet.eu\/pl\/wp-content\/uploads\/sites\/6\/2024\/10\/naklejka4-mobilet.jpg\" \/>\n\t<meta property=\"og:image:width\" content=\"1920\" \/>\n\t<meta property=\"og:image:height\" content=\"960\" \/>\n\t<meta property=\"og:image:type\" content=\"image\/jpeg\" \/>\n<meta name=\"twitter:card\" content=\"summary_large_image\" \/>\n<meta name=\"twitter:label1\" content=\"Szacowany czas czytania\" \/>\n\t<meta name=\"twitter:data1\" content=\"1 minuta\" \/>\n<script type=\"application\/ld+json\" class=\"yoast-schema-graph\">{\"@context\":\"https:\/\/schema.org\",\"@graph\":[{\"@type\":\"WebPage\",\"@id\":\"https:\/\/mobilet.eu\/pl\/naklejka-mobilet\/\",\"url\":\"https:\/\/mobilet.eu\/pl\/naklejka-mobilet\/\",\"name\":\"Naklejka Mobilet | mobilet.pl\",\"isPartOf\":{\"@id\":\"https:\/\/mobilet.eu\/pl\/#website\"},\"primaryImageOfPage\":{\"@id\":\"https:\/\/mobilet.eu\/pl\/naklejka-mobilet\/#primaryimage\"},\"image\":{\"@id\":\"https:\/\/mobilet.eu\/pl\/naklejka-mobilet\/#primaryimage\"},\"thumbnailUrl\":\"https:\/\/mobilet.eu\/pl\/wp-content\/uploads\/sites\/6\/2024\/10\/naklejka4-mobilet.jpg\",\"datePublished\":\"2024-09-16T13:19:30+00:00\",\"dateModified\":\"2024-10-28T17:19:12+00:00\",\"description\":\"Naklejki, inaczej winiety Mobilet u\u0142atwiaj\u0105 parkowanie z aplikacj\u0105 Mobilet. Sprawd\u017a, jak je zdoby\u0107 lub samodzielnie wydrukuj wz\u00f3r grafiki.\",\"breadcrumb\":{\"@id\":\"https:\/\/mobilet.eu\/pl\/naklejka-mobilet\/#breadcrumb\"},\"inLanguage\":\"pl-PL\",\"potentialAction\":[{\"@type\":\"ReadAction\",\"target\":[\"https:\/\/mobilet.eu\/pl\/naklejka-mobilet\/\"]}]},{\"@type\":\"ImageObject\",\"inLanguage\":\"pl-PL\",\"@id\":\"https:\/\/mobilet.eu\/pl\/naklejka-mobilet\/#primaryimage\",\"url\":\"https:\/\/mobilet.eu\/pl\/wp-content\/uploads\/sites\/6\/2024\/10\/naklejka4-mobilet.jpg\",\"contentUrl\":\"https:\/\/mobilet.eu\/pl\/wp-content\/uploads\/sites\/6\/2024\/10\/naklejka4-mobilet.jpg\",\"width\":1920,\"height\":960,\"caption\":\"Przednia szyba zaparkowanego samochodu z widoczn\u0105 naklejk\u0105, czyli winiet\u0105 Mobilet.\"},{\"@type\":\"BreadcrumbList\",\"@id\":\"https:\/\/mobilet.eu\/pl\/naklejka-mobilet\/#breadcrumb\",\"itemListElement\":[{\"@type\":\"ListItem\",\"position\":1,\"name\":\"Home\",\"item\":\"https:\/\/mobilet.eu\/pl\/\"},{\"@type\":\"ListItem\",\"position\":2,\"name\":\"Naklejka Mobilet\"}]},{\"@type\":\"WebSite\",\"@id\":\"https:\/\/mobilet.eu\/pl\/#website\",\"url\":\"https:\/\/mobilet.eu\/pl\/\",\"name\":\"mobilet.pl\",\"description\":\"Mobilet - Mobilne p\u0142atno\u015bci za parkingi i komunikacj\u0119\",\"potentialAction\":[{\"@type\":\"SearchAction\",\"target\":{\"@type\":\"EntryPoint\",\"urlTemplate\":\"https:\/\/mobilet.eu\/pl\/?s={search_term_string}\"},\"query-input\":{\"@type\":\"PropertyValueSpecification\",\"valueRequired\":true,\"valueName\":\"search_term_string\"}}],\"inLanguage\":\"pl-PL\"}]}<\/script>\n<!-- \/ Yoast SEO plugin. -->","yoast_head_json":{"title":"Naklejka Mobilet | mobilet.pl","description":"Naklejki, inaczej winiety Mobilet u\u0142atwiaj\u0105 parkowanie z aplikacj\u0105 Mobilet. Sprawd\u017a, jak je zdoby\u0107 lub samodzielnie wydrukuj wz\u00f3r grafiki.","robots":{"index":"index","follow":"follow","max-snippet":"max-snippet:-1","max-image-preview":"max-image-preview:large","max-video-preview":"max-video-preview:-1"},"canonical":"https:\/\/mobilet.eu\/pl\/naklejka-mobilet\/","og_locale":"pl_PL","og_type":"article","og_title":"Naklejka Mobilet | mobilet.pl","og_description":"Naklejki, inaczej winiety Mobilet u\u0142atwiaj\u0105 parkowanie z aplikacj\u0105 Mobilet. Sprawd\u017a, jak je zdoby\u0107 lub samodzielnie wydrukuj wz\u00f3r grafiki.","og_url":"https:\/\/mobilet.eu\/pl\/naklejka-mobilet\/","og_site_name":"mobilet.pl","article_modified_time":"2024-10-28T17:19:12+00:00","og_image":[{"width":1920,"height":960,"url":"https:\/\/mobilet.eu\/pl\/wp-content\/uploads\/sites\/6\/2024\/10\/naklejka4-mobilet.jpg","type":"image\/jpeg"}],"twitter_card":"summary_large_image","twitter_misc":{"Szacowany czas czytania":"1 minuta"},"schema":{"@context":"https:\/\/schema.org","@graph":[{"@type":"WebPage","@id":"https:\/\/mobilet.eu\/pl\/naklejka-mobilet\/","url":"https:\/\/mobilet.eu\/pl\/naklejka-mobilet\/","name":"Naklejka Mobilet | mobilet.pl","isPartOf":{"@id":"https:\/\/mobilet.eu\/pl\/#website"},"primaryImageOfPage":{"@id":"https:\/\/mobilet.eu\/pl\/naklejka-mobilet\/#primaryimage"},"image":{"@id":"https:\/\/mobilet.eu\/pl\/naklejka-mobilet\/#primaryimage"},"thumbnailUrl":"https:\/\/mobilet.eu\/pl\/wp-content\/uploads\/sites\/6\/2024\/10\/naklejka4-mobilet.jpg","datePublished":"2024-09-16T13:19:30+00:00","dateModified":"2024-10-28T17:19:12+00:00","description":"Naklejki, inaczej winiety Mobilet u\u0142atwiaj\u0105 parkowanie z aplikacj\u0105 Mobilet. Sprawd\u017a, jak je zdoby\u0107 lub samodzielnie wydrukuj wz\u00f3r grafiki.","breadcrumb":{"@id":"https:\/\/mobilet.eu\/pl\/naklejka-mobilet\/#breadcrumb"},"inLanguage":"pl-PL","potentialAction":[{"@type":"ReadAction","target":["https:\/\/mobilet.eu\/pl\/naklejka-mobilet\/"]}]},{"@type":"ImageObject","inLanguage":"pl-PL","@id":"https:\/\/mobilet.eu\/pl\/naklejka-mobilet\/#primaryimage","url":"https:\/\/mobilet.eu\/pl\/wp-content\/uploads\/sites\/6\/2024\/10\/naklejka4-mobilet.jpg","contentUrl":"https:\/\/mobilet.eu\/pl\/wp-content\/uploads\/sites\/6\/2024\/10\/naklejka4-mobilet.jpg","width":1920,"height":960,"caption":"Przednia szyba zaparkowanego samochodu z widoczn\u0105 naklejk\u0105, czyli winiet\u0105 Mobilet."},{"@type":"BreadcrumbList","@id":"https:\/\/mobilet.eu\/pl\/naklejka-mobilet\/#breadcrumb","itemListElement":[{"@type":"ListItem","position":1,"name":"Home","item":"https:\/\/mobilet.eu\/pl\/"},{"@type":"ListItem","position":2,"name":"Naklejka Mobilet"}]},{"@type":"WebSite","@id":"https:\/\/mobilet.eu\/pl\/#website","url":"https:\/\/mobilet.eu\/pl\/","name":"mobilet.pl","description":"Mobilet - Mobilne p\u0142atno\u015bci za parkingi i komunikacj\u0119","potentialAction":[{"@type":"SearchAction","target":{"@type":"EntryPoint","urlTemplate":"https:\/\/mobilet.eu\/pl\/?s={search_term_string}"},"query-input":{"@type":"PropertyValueSpecification","valueRequired":true,"valueName":"search_term_string"}}],"inLanguage":"pl-PL"}]}},"_links":{"self":[{"href":"https:\/\/mobilet.eu\/pl\/wp-json\/wp\/v2\/pages\/1522","targetHints":{"allow":["GET"]}}],"collection":[{"href":"https:\/\/mobilet.eu\/pl\/wp-json\/wp\/v2\/pages"}],"about":[{"href":"https:\/\/mobilet.eu\/pl\/wp-json\/wp\/v2\/types\/page"}],"author":[{"embeddable":true,"href":"https:\/\/mobilet.eu\/pl\/wp-json\/wp\/v2\/users\/2"}],"replies":[{"embeddable":true,"href":"https:\/\/mobilet.eu\/pl\/wp-json\/wp\/v2\/comments?post=1522"}],"version-history":[{"count":11,"href":"https:\/\/mobilet.eu\/pl\/wp-json\/wp\/v2\/pages\/1522\/revisions"}],"predecessor-version":[{"id":2307,"href":"https:\/\/mobilet.eu\/pl\/wp-json\/wp\/v2\/pages\/1522\/revisions\/2307"}],"wp:featuredmedia":[{"embeddable":true,"href":"https:\/\/mobilet.eu\/pl\/wp-json\/wp\/v2\/media\/2305"}],"wp:attachment":[{"href":"https:\/\/mobilet.eu\/pl\/wp-json\/wp\/v2\/media?parent=1522"}],"curies":[{"name":"wp","href":"https:\/\/api.w.org\/{rel}","templated":true}]}}