{"id":1941,"date":"2024-10-10T13:05:33","date_gmt":"2024-10-10T11:05:33","guid":{"rendered":"https:\/\/mobilet.eu\/pl\/?page_id=1941"},"modified":"2024-11-14T12:20:07","modified_gmt":"2024-11-14T11:20:07","slug":"polityka-cookies","status":"publish","type":"page","link":"https:\/\/mobilet.eu\/pl\/polityka-cookies\/","title":{"rendered":"Polityka Cookies"},"content":{"rendered":"\n<h2 class=\"h1 wp-block-heading\"><strong>Zarz\u0105dzaj plikami cookie<\/strong><\/h2>\n\n\n\n<p class=\"wp-block-paragraph\">Poni\u017cszy przycisk pozwoli Ci zmodyfikowa\u0107 wybory dotycz\u0105ce prywatno\u015bci i ciasteczek, dokonane przez ciebie podczas pierwszej wizyty na naszej stronie.<\/p>\n\n\n<a href=\"#\" class=\"_brlbs-btn-cookie-preference borlabs-cookie-preference\">Indywidualne ustawienia<\/a>\n\n\n\n<h2 class=\"h1\"><strong>Informacje o polityce plik\u00f3w cookie<\/strong><\/h2>\n<p>\nCieszymy si\u0119, \u017ce odwiedzi\u0142e\u015b\/a\u015b nasz\u0105 stron\u0119 internetow\u0105. Chcemy, aby\u015b czu\u0142 si\u0119 na niej komfortowo, dlatego przygotowali\u015bmy dla Ciebie niniejsz\u0105 polityk\u0119 plik\u00f3w cookie \n(czyli popularnych \u201eciasteczek\u201d). Dzi\u0119ki niej dowiesz si\u0119 m.in.:\n<\/p>\n<ul>\n<li>Czym s\u0105 pliki cookie? <\/li>\n<li>Jakie pliki cookie i po co stosujemy?<\/li>\n<li>Jak wp\u0142ywaj\u0105 one na Twoj\u0105 prywatno\u015b\u0107?<\/li>\n<li>Jakie uprawnienia przys\u0142uguj\u0105 Ci na mocy RODO  oraz prawa telekomunikacyjnego.<\/li>\n<\/ul>\n<h2>1. Czym s\u0105 pliki cookie?<\/h2>\n<p>\nNajpro\u015bciej rzecz ujmuj\u0105c, pliki cookie to niewielkie pliki tekstowe, kt\u00f3re s\u0105 zapisywane na Twoim komputerze lub smartfonie podczas wy\u015bwietlania naszej strony internetowej. Istniej\u0105 r\u00f3\u017cne rodzaje plik\u00f3w cookie. My podzielili\u015bmy je dla Ciebie na dwie grupy:\n<\/p>\n<ul>\n<ul>\n<li>niezb\u0119dne do korzystania z naszej strony internetowej<\/li>\n<li>pozosta\u0142e<\/li>\n<\/ul>\n<\/ul>\n<p>\nPliki cookie, kt\u00f3re s\u0105 niezb\u0119dne do korzystania z naszej strony internetowej s\u0142u\u017c\u0105 m.in. do zapewnienia stabilno\u015bci jej funkcjonowania (mierz\u0105 ruch, zabezpieczaj\u0105c nas przed jej przeci\u0105\u017ceniem), zapami\u0119tania wybranych przez Ciebie preferencji dot. prywatno\u015bci, wype\u0142nienia udost\u0119pnionych przez nas formularzy on-line, zapisania zawarto\u015bci koszyka oraz monitorowania statusu zalogowania. Te pliki cookie stosujemy domy\u015blnie, czyli zapisujemy je na Twoim komputerze lub  smartfonie w momencie wej\u015bcia na nasz\u0105 stron\u0119 internetow\u0105 (zgodnie z art. 173 ust. 3 ustawy prawo telekomunikacyjne).\n<\/p>\n<p>\nPozosta\u0142e pliki cookie wykorzystujemy jednie w\u00f3wczas, gdy wyrazisz nam na to zgod\u0119. Przeczytasz o nich wi\u0119cej w nast\u0119pnej cz\u0119\u015bci naszej Polityki.\n<\/p>\n<h2>2. Z jakich plik\u00f3w cookies korzystamy?<\/h2>\n\n\n<div class=\"BorlabsCookie\"><h3 class=\"_brlbs _brlbs-cg-essential\">Niezb\u0119dne<\/h3><p class=\"_brlbs _brlbs-cg-essential\">Niezb\u0119dne pliki cookie zapewniaj\u0105 podstawowe funkcje i s\u0105 wymagane do prawid\u0142owego funkcjonowania strony internetowej.<\/p><h4 class=\"_brlbs _brlbs-c-borlabs-cookie\">Borlabs Cookie<\/h4><div class=\"_brlbs-responsive-table\"><table class=\"_brlbs _brlbs-c-borlabs-cookie\"><tr><th scope=\"row\">Nazwa<\/th><td>Borlabs Cookie<\/td><\/tr><tr><th scope=\"row\">Dostawca<\/th><td>W\u0142a\u015bciciel tej strony internetowej<\/td><\/tr><tr><th scope=\"row\">Cel<\/th><td>Zapisuje preferencje odwiedzaj\u0105cych wybrane w Cookie Box od Borlabs Cookie.<\/td><\/tr><tr><th scope=\"row\">Nazwa pliku cookie<\/th><td>borlabs-cookie<\/td><\/tr><tr><th scope=\"row\">Data wyga\u015bni\u0119cia plik\u00f3w cookie<\/th><td>1 rok<\/td><\/tr><\/table><\/div><h3 class=\"_brlbs _brlbs-cg-statistics\">Statystyczne<\/h3><p class=\"_brlbs _brlbs-cg-statistics\">Statystyczne pliki cookie gromadz\u0105 informacje w spos\u00f3b anonimowy. Informacje te pomagaj\u0105 nam zrozumie\u0107, w jaki spos\u00f3b nasi go\u015bcie korzystaj\u0105 z naszej strony internetowej.<\/p><h4 class=\"_brlbs _brlbs-c-google-analytics\">Google Analytics<\/h4><div class=\"_brlbs-responsive-table\"><table class=\"_brlbs _brlbs-c-google-analytics\"><tr><th scope=\"row\">Nazwa<\/th><td>Google Analytics<\/td><\/tr><tr><th scope=\"row\">Dostawca<\/th><td>Google Ireland Limited, Gordon House, Barrow Street, Dublin 4, Ireland<\/td><\/tr><tr><th scope=\"row\">Cel<\/th><td>Plik cookie Google wykorzystywany do analizy strony internetowej. Generuje dane statystyczne o tym, w jaki spos\u00f3b odwiedzaj\u0105cy z niej korzysta.<\/td><\/tr><tr><th scope=\"row\">Polityka prywatno\u015bci<\/th><td><a href=\"https:\/\/policies.google.com\/privacy?hl=en\" target=\"_blank\" rel=\"nofollow noopener noreferrer\">https:\/\/policies.google.com\/privacy?hl=en<\/a><\/td><\/tr><tr><th scope=\"row\">Nazwa pliku cookie<\/th><td>_ga,_gat,_gid<\/td><\/tr><tr><th scope=\"row\">Data wyga\u015bni\u0119cia plik\u00f3w cookie<\/th><td>2 miesi\u0119cy<\/td><\/tr><\/table><\/div><h4 class=\"_brlbs _brlbs-c-google-tag-manager\">Google Tag Manager<\/h4><div class=\"_brlbs-responsive-table\"><table class=\"_brlbs _brlbs-c-google-tag-manager\"><tr><th scope=\"row\">Nazwa<\/th><td>Google Tag Manager<\/td><\/tr><tr><th scope=\"row\">Dostawca<\/th><td>Google Ireland Limited, Gordon House, Barrow Street, Dublin 4, Ireland<\/td><\/tr><tr><th scope=\"row\">Cel<\/th><td>Plik cookie Google s\u0142u\u017cy do kontrolowania zaawansowanej obs\u0142ugi skrypt\u00f3w i zdarze\u0144.<\/td><\/tr><tr><th scope=\"row\">Polityka prywatno\u015bci<\/th><td><a href=\"https:\/\/policies.google.com\/privacy?hl=en\" target=\"_blank\" rel=\"nofollow noopener noreferrer\">https:\/\/policies.google.com\/privacy?hl=en<\/a><\/td><\/tr><tr><th scope=\"row\">Nazwa pliku cookie<\/th><td>_ga,_gat,_gid<\/td><\/tr><tr><th scope=\"row\">Data wyga\u015bni\u0119cia plik\u00f3w cookie<\/th><td>2 lata<\/td><\/tr><\/table><\/div><h3 class=\"_brlbs _brlbs-cg-marketing\">Marketingowe<\/h3><p class=\"_brlbs _brlbs-cg-marketing\">Marketingowe pliki cookie s\u0105 u\u017cywane przez zewn\u0119trznych reklamodawc\u00f3w lub wydawc\u00f3w do wy\u015bwietlania spersonalizowanych reklam. Robi\u0105 to, \u015bledz\u0105c u\u017cytkownik\u00f3w na stronach internetowych.<\/p><h3 class=\"_brlbs _brlbs-cg-external-media\">Media zewn\u0119trzne<\/h3><p class=\"_brlbs _brlbs-cg-external-media\">Tre\u015bci z platform wideo i platform medi\u00f3w spo\u0142eczno\u015bciowych s\u0105 domy\u015blnie blokowane. Je\u015bli pliki cookie medi\u00f3w zewn\u0119trznych zosta\u0142y zaakceptowane, dost\u0119p do tych zawarto\u015bci nie wymaga ju\u017c r\u0119cznej zgody.<\/p><\/div>\n\n\n\n<h2>3. Zgoda na instalacj\u0119 plik\u00f3w cookie<\/h2>\n<p>\nPodczas Twojej wizyty na naszej stronie internetowej zostanie wy\u015bwietlony baner informuj\u0105cy, \u017ce wykorzystuje ona pliki cookie. Je\u015bli wybierzesz opcj\u0119 &#8222;Akceptuj\u0119&#8221;, b\u0119dzie to oznacza\u0107, \u017ce akceptujesz wszystkie pliki cookie, kt\u00f3re s\u0105 umieszczone na naszej stronie internetowej oraz potwierdzasz, \u017ce zapozna\u0142e\u015b si\u0119 z informacjami na temat plik\u00f3w cookie oraz cel\u00f3w ich stosowania, a tak\u017ce przypadk\u00f3w, w kt\u00f3rych dane zgromadzone z pomoc\u0105 plik\u00f3w cookie s\u0105 przekazywane naszym partnerom.   \n<\/p>\n<p>\nPami\u0119taj, \u017ce w przypadku niezb\u0119dnych plik\u00f3w cookie Twoja zgoda nie jest wymagana, poniewa\u017c pliki tego rodzaju zapewniaj\u0105 pe\u0142ne i nieprzerwane funkcjonowanie naszej strony. Te pliki cookie zwolnione s\u0105 z obowi\u0105zku uzyskania Twojej zgody zgodnie z art. 173 ust. 3 ustawy prawo telekomunikacyjne.\n<\/p>\n<h2>4. Brak zgody na instalacj\u0119 plik\u00f3w cookie<\/h2>\n<p>\nJe\u015bli nie chcesz, aby nasze pliki cookie by\u0142y zapisywane na Twoim urz\u0105dzeniu, mo\u017cesz wybra\u0107 opcj\u0119 \u201cNie akceptuj\u0119\u201d. Wybieraj\u0105c t\u0119 opcj\u0119  odrzucisz wszystkie, pr\u00f3cz technicznie niezb\u0119dnych, plik\u00f3w cookie, kt\u00f3re stosujemy na naszej stronie. \n<\/p>\n<h2>5. Modyfikowanie ustawie\u0144 plik\u00f3w cookie<\/h2>\n<p>\nMo\u017cesz szczeg\u00f3\u0142owo zarz\u0105dza\u0107 swoimi preferencjami dotycz\u0105cymi plik\u00f3w cookie, poprzez wyb\u00f3r przycisku &#8222;Indywidualne ustawienia&#8221; na wy\u015bwietlonym Ci banerze cookie, lub na niniejszej stronie.\n<\/p>\n<h2>6. Dane osobowe<\/h2>\n<p>\nPoniewa\u017c niekt\u00f3re z wykorzystywanych przez nas plik\u00f3w cookie stanowi\u0105 dane osobowe chcemy, aby\u015b zna\u0142\/a prawa, kt\u00f3re przys\u0142uguj\u0105 Ci na gruncie RODO:\n<\/p>\n<ul>\n<li>Administratorem Twoich danych osobowych, czyli podmiotem decyduj\u0105cym o celach i sposobach przetwarzania, jest Mobile Traffic DATA Sp. z o.o. (KRS 0000314214) z siedzib\u0105 w Poznaniu, ul. Dru\u017cbickiego 11, kod pocztowy 61-693, e-mail: ado@mobilet.pl, tel. +48 61 657 04 93, wchodz\u0105ca w sk\u0142ad Grupy Stadtraum. <\/li>\n<li>Twoje dane osobowe b\u0119d\u0105 przetwarzane w celu zapewnienia podstawowych funkcji naszej strony internetowej. Je\u017celi wyrazi\u0142e\u015b stosown\u0105 (dobrowoln\u0105) zgod\u0119, Twoje dane b\u0119d\u0105 przetwarzane r\u00f3wnie\u017c w celu dostarczenia Ci us\u0142ug, ofert i komunikat\u00f3w dopasowanych do Twoich preferencji oraz w celu analizowania ruchu na stronie i zapewnienia funkcji spo\u0142eczno\u015bciowych (w zale\u017cno\u015bci od zaznaczonych przez Ciebie preferencji).<\/li>\n<li>Wi\u0119cej informacji na temat zasad przetwarzania danych osobowych i przys\u0142uguj\u0105cych Ci praw znajdziesz w naszej <a href=\"..\/polityka-prywatnosci\">Polityce prywatno\u015bci.<\/a><\/li>\n<\/ul>\n<h2>7. Wycofanie zgody<\/h2>\n<p>\nPami\u0119taj, \u017ce w ka\u017cdym momencie mo\u017cesz zmieni\u0107 wyra\u017cone przez siebie zgody klikaj\u0105c <a href=\"#\" class=\"borlabs-cookie-preference\">tutaj<\/a>\n<\/p>\n<h2>8. Zmiany w polityce plik\u00f3w cookie<\/h2>\n<p>\nZastrzegamy sobie prawo do zmiany niniejszej polityki plik\u00f3w cookie w dowolnym momencie. Wszelkie zmiany w polityce plik\u00f3w cookie b\u0119d\u0105 publikowane na stronie wska\u017c adres strony internetowej.\n<\/p>\n\n\n\n<p class=\"wp-block-paragraph\"><\/p>\n","protected":false},"excerpt":{"rendered":"<p>Zarz\u0105dzaj plikami cookie Poni\u017cszy przycisk pozwoli Ci zmodyfikowa\u0107 wybory dotycz\u0105ce prywatno\u015bci i ciasteczek, dokonane przez ciebie podczas pierwszej wizyty na [&hellip;]<\/p>\n","protected":false},"author":2,"featured_media":2075,"parent":0,"menu_order":0,"comment_status":"closed","ping_status":"closed","template":"","meta":{"_crdt_document":"","footnotes":""},"class_list":["post-1941","page","type-page","status-publish","has-post-thumbnail","hentry"],"yoast_head":"<!-- This site is optimized with the Yoast SEO plugin v27.3 - https:\/\/yoast.com\/product\/yoast-seo-wordpress\/ -->\n<title>Polityka Cookies | mobilet.pl<\/title>\n<meta name=\"description\" content=\"Sprawd\u017a, w jaki spos\u00f3b dbamy o Twoj\u0105 prywatno\u015b\u0107 zarz\u0105dzaj\u0105c plikami cookie. Poznaj swoje uprawnienia i edytuj ustawienia prywatno\u015bci.\" \/>\n<meta name=\"robots\" content=\"index, follow, max-snippet:-1, max-image-preview:large, max-video-preview:-1\" \/>\n<link rel=\"canonical\" href=\"https:\/\/mobilet.eu\/pl\/polityka-cookies\/\" \/>\n<meta property=\"og:locale\" content=\"pl_PL\" \/>\n<meta property=\"og:type\" content=\"article\" \/>\n<meta property=\"og:title\" content=\"Polityka Cookies | mobilet.pl\" \/>\n<meta property=\"og:description\" content=\"Sprawd\u017a, w jaki spos\u00f3b dbamy o Twoj\u0105 prywatno\u015b\u0107 zarz\u0105dzaj\u0105c plikami cookie. Poznaj swoje uprawnienia i edytuj ustawienia prywatno\u015bci.\" \/>\n<meta property=\"og:url\" content=\"https:\/\/mobilet.eu\/pl\/polityka-cookies\/\" \/>\n<meta property=\"og:site_name\" content=\"mobilet.pl\" \/>\n<meta property=\"article:modified_time\" content=\"2024-11-14T11:20:07+00:00\" \/>\n<meta property=\"og:image\" content=\"https:\/\/mobilet.eu\/pl\/wp-content\/uploads\/sites\/6\/2024\/10\/mobilet-ciasteczka.jpg\" \/>\n\t<meta property=\"og:image:width\" content=\"1920\" \/>\n\t<meta property=\"og:image:height\" content=\"960\" \/>\n\t<meta property=\"og:image:type\" content=\"image\/jpeg\" \/>\n<meta name=\"twitter:card\" content=\"summary_large_image\" \/>\n<meta name=\"twitter:label1\" content=\"Szacowany czas czytania\" \/>\n\t<meta name=\"twitter:data1\" content=\"4 minuty\" \/>\n<script type=\"application\/ld+json\" class=\"yoast-schema-graph\">{\"@context\":\"https:\\\/\\\/schema.org\",\"@graph\":[{\"@type\":\"WebPage\",\"@id\":\"https:\\\/\\\/mobilet.eu\\\/pl\\\/polityka-cookies\\\/\",\"url\":\"https:\\\/\\\/mobilet.eu\\\/pl\\\/polityka-cookies\\\/\",\"name\":\"Polityka Cookies | mobilet.pl\",\"isPartOf\":{\"@id\":\"https:\\\/\\\/mobilet.eu\\\/pl\\\/#website\"},\"primaryImageOfPage\":{\"@id\":\"https:\\\/\\\/mobilet.eu\\\/pl\\\/polityka-cookies\\\/#primaryimage\"},\"image\":{\"@id\":\"https:\\\/\\\/mobilet.eu\\\/pl\\\/polityka-cookies\\\/#primaryimage\"},\"thumbnailUrl\":\"https:\\\/\\\/mobilet.eu\\\/pl\\\/wp-content\\\/uploads\\\/sites\\\/6\\\/2024\\\/10\\\/mobilet-ciasteczka.jpg\",\"datePublished\":\"2024-10-10T11:05:33+00:00\",\"dateModified\":\"2024-11-14T11:20:07+00:00\",\"description\":\"Sprawd\u017a, w jaki spos\u00f3b dbamy o Twoj\u0105 prywatno\u015b\u0107 zarz\u0105dzaj\u0105c plikami cookie. Poznaj swoje uprawnienia i edytuj ustawienia prywatno\u015bci.\",\"breadcrumb\":{\"@id\":\"https:\\\/\\\/mobilet.eu\\\/pl\\\/polityka-cookies\\\/#breadcrumb\"},\"inLanguage\":\"pl-PL\",\"potentialAction\":[{\"@type\":\"ReadAction\",\"target\":[\"https:\\\/\\\/mobilet.eu\\\/pl\\\/polityka-cookies\\\/\"]}]},{\"@type\":\"ImageObject\",\"inLanguage\":\"pl-PL\",\"@id\":\"https:\\\/\\\/mobilet.eu\\\/pl\\\/polityka-cookies\\\/#primaryimage\",\"url\":\"https:\\\/\\\/mobilet.eu\\\/pl\\\/wp-content\\\/uploads\\\/sites\\\/6\\\/2024\\\/10\\\/mobilet-ciasteczka.jpg\",\"contentUrl\":\"https:\\\/\\\/mobilet.eu\\\/pl\\\/wp-content\\\/uploads\\\/sites\\\/6\\\/2024\\\/10\\\/mobilet-ciasteczka.jpg\",\"width\":1920,\"height\":960,\"caption\":\"Zbli\u017cenie na ciasteczka symbolizuj\u0105ce polityk\u0119 cookies Mobiletu.\"},{\"@type\":\"BreadcrumbList\",\"@id\":\"https:\\\/\\\/mobilet.eu\\\/pl\\\/polityka-cookies\\\/#breadcrumb\",\"itemListElement\":[{\"@type\":\"ListItem\",\"position\":1,\"name\":\"Home\",\"item\":\"https:\\\/\\\/mobilet.eu\\\/pl\\\/\"},{\"@type\":\"ListItem\",\"position\":2,\"name\":\"Polityka Cookies\"}]},{\"@type\":\"WebSite\",\"@id\":\"https:\\\/\\\/mobilet.eu\\\/pl\\\/#website\",\"url\":\"https:\\\/\\\/mobilet.eu\\\/pl\\\/\",\"name\":\"mobilet.pl\",\"description\":\"Mobilet - Mobilne p\u0142atno\u015bci za parkingi i komunikacj\u0119\",\"potentialAction\":[{\"@type\":\"SearchAction\",\"target\":{\"@type\":\"EntryPoint\",\"urlTemplate\":\"https:\\\/\\\/mobilet.eu\\\/pl\\\/?s={search_term_string}\"},\"query-input\":{\"@type\":\"PropertyValueSpecification\",\"valueRequired\":true,\"valueName\":\"search_term_string\"}}],\"inLanguage\":\"pl-PL\"}]}<\/script>\n<!-- \/ Yoast SEO plugin. -->","yoast_head_json":{"title":"Polityka Cookies | mobilet.pl","description":"Sprawd\u017a, w jaki spos\u00f3b dbamy o Twoj\u0105 prywatno\u015b\u0107 zarz\u0105dzaj\u0105c plikami cookie. Poznaj swoje uprawnienia i edytuj ustawienia prywatno\u015bci.","robots":{"index":"index","follow":"follow","max-snippet":"max-snippet:-1","max-image-preview":"max-image-preview:large","max-video-preview":"max-video-preview:-1"},"canonical":"https:\/\/mobilet.eu\/pl\/polityka-cookies\/","og_locale":"pl_PL","og_type":"article","og_title":"Polityka Cookies | mobilet.pl","og_description":"Sprawd\u017a, w jaki spos\u00f3b dbamy o Twoj\u0105 prywatno\u015b\u0107 zarz\u0105dzaj\u0105c plikami cookie. Poznaj swoje uprawnienia i edytuj ustawienia prywatno\u015bci.","og_url":"https:\/\/mobilet.eu\/pl\/polityka-cookies\/","og_site_name":"mobilet.pl","article_modified_time":"2024-11-14T11:20:07+00:00","og_image":[{"width":1920,"height":960,"url":"https:\/\/mobilet.eu\/pl\/wp-content\/uploads\/sites\/6\/2024\/10\/mobilet-ciasteczka.jpg","type":"image\/jpeg"}],"twitter_card":"summary_large_image","twitter_misc":{"Szacowany czas czytania":"4 minuty"},"schema":{"@context":"https:\/\/schema.org","@graph":[{"@type":"WebPage","@id":"https:\/\/mobilet.eu\/pl\/polityka-cookies\/","url":"https:\/\/mobilet.eu\/pl\/polityka-cookies\/","name":"Polityka Cookies | mobilet.pl","isPartOf":{"@id":"https:\/\/mobilet.eu\/pl\/#website"},"primaryImageOfPage":{"@id":"https:\/\/mobilet.eu\/pl\/polityka-cookies\/#primaryimage"},"image":{"@id":"https:\/\/mobilet.eu\/pl\/polityka-cookies\/#primaryimage"},"thumbnailUrl":"https:\/\/mobilet.eu\/pl\/wp-content\/uploads\/sites\/6\/2024\/10\/mobilet-ciasteczka.jpg","datePublished":"2024-10-10T11:05:33+00:00","dateModified":"2024-11-14T11:20:07+00:00","description":"Sprawd\u017a, w jaki spos\u00f3b dbamy o Twoj\u0105 prywatno\u015b\u0107 zarz\u0105dzaj\u0105c plikami cookie. Poznaj swoje uprawnienia i edytuj ustawienia prywatno\u015bci.","breadcrumb":{"@id":"https:\/\/mobilet.eu\/pl\/polityka-cookies\/#breadcrumb"},"inLanguage":"pl-PL","potentialAction":[{"@type":"ReadAction","target":["https:\/\/mobilet.eu\/pl\/polityka-cookies\/"]}]},{"@type":"ImageObject","inLanguage":"pl-PL","@id":"https:\/\/mobilet.eu\/pl\/polityka-cookies\/#primaryimage","url":"https:\/\/mobilet.eu\/pl\/wp-content\/uploads\/sites\/6\/2024\/10\/mobilet-ciasteczka.jpg","contentUrl":"https:\/\/mobilet.eu\/pl\/wp-content\/uploads\/sites\/6\/2024\/10\/mobilet-ciasteczka.jpg","width":1920,"height":960,"caption":"Zbli\u017cenie na ciasteczka symbolizuj\u0105ce polityk\u0119 cookies Mobiletu."},{"@type":"BreadcrumbList","@id":"https:\/\/mobilet.eu\/pl\/polityka-cookies\/#breadcrumb","itemListElement":[{"@type":"ListItem","position":1,"name":"Home","item":"https:\/\/mobilet.eu\/pl\/"},{"@type":"ListItem","position":2,"name":"Polityka Cookies"}]},{"@type":"WebSite","@id":"https:\/\/mobilet.eu\/pl\/#website","url":"https:\/\/mobilet.eu\/pl\/","name":"mobilet.pl","description":"Mobilet - Mobilne p\u0142atno\u015bci za parkingi i komunikacj\u0119","potentialAction":[{"@type":"SearchAction","target":{"@type":"EntryPoint","urlTemplate":"https:\/\/mobilet.eu\/pl\/?s={search_term_string}"},"query-input":{"@type":"PropertyValueSpecification","valueRequired":true,"valueName":"search_term_string"}}],"inLanguage":"pl-PL"}]}},"_links":{"self":[{"href":"https:\/\/mobilet.eu\/pl\/wp-json\/wp\/v2\/pages\/1941","targetHints":{"allow":["GET"]}}],"collection":[{"href":"https:\/\/mobilet.eu\/pl\/wp-json\/wp\/v2\/pages"}],"about":[{"href":"https:\/\/mobilet.eu\/pl\/wp-json\/wp\/v2\/types\/page"}],"author":[{"embeddable":true,"href":"https:\/\/mobilet.eu\/pl\/wp-json\/wp\/v2\/users\/2"}],"replies":[{"embeddable":true,"href":"https:\/\/mobilet.eu\/pl\/wp-json\/wp\/v2\/comments?post=1941"}],"version-history":[{"count":21,"href":"https:\/\/mobilet.eu\/pl\/wp-json\/wp\/v2\/pages\/1941\/revisions"}],"predecessor-version":[{"id":2473,"href":"https:\/\/mobilet.eu\/pl\/wp-json\/wp\/v2\/pages\/1941\/revisions\/2473"}],"wp:featuredmedia":[{"embeddable":true,"href":"https:\/\/mobilet.eu\/pl\/wp-json\/wp\/v2\/media\/2075"}],"wp:attachment":[{"href":"https:\/\/mobilet.eu\/pl\/wp-json\/wp\/v2\/media?parent=1941"}],"curies":[{"name":"wp","href":"https:\/\/api.w.org\/{rel}","templated":true}]}}