{"id":3176,"date":"2025-01-25T21:56:20","date_gmt":"2025-01-25T20:56:20","guid":{"rendered":"https:\/\/mobilet.eu\/pl\/?page_id=3176"},"modified":"2025-09-16T12:22:24","modified_gmt":"2025-09-16T10:22:24","slug":"blog","status":"publish","type":"page","link":"https:\/\/mobilet.eu\/pl\/blog\/","title":{"rendered":"Blog Mobilet"},"content":{"rendered":"\n<figure class=\"wp-block-gallery has-nested-images columns-default is-cropped wp-block-gallery-1 is-layout-flex wp-block-gallery-is-layout-flex\">\n<figure class=\"wp-block-image size-large\"><img loading=\"lazy\" decoding=\"async\" width=\"1024\" height=\"684\" data-id=\"34622\" src=\"https:\/\/mobilet.eu\/pl\/wp-content\/uploads\/sites\/6\/2025\/09\/Boleslawiec_-_Ratusz-1024x684.jpg\" alt=\"\" class=\"wp-image-34622\" srcset=\"https:\/\/mobilet.eu\/pl\/wp-content\/uploads\/sites\/6\/2025\/09\/Boleslawiec_-_Ratusz-1024x684.jpg 1024w, https:\/\/mobilet.eu\/pl\/wp-content\/uploads\/sites\/6\/2025\/09\/Boleslawiec_-_Ratusz-300x200.jpg 300w, https:\/\/mobilet.eu\/pl\/wp-content\/uploads\/sites\/6\/2025\/09\/Boleslawiec_-_Ratusz-768x513.jpg 768w, https:\/\/mobilet.eu\/pl\/wp-content\/uploads\/sites\/6\/2025\/09\/Boleslawiec_-_Ratusz-800x534.jpg 800w\" sizes=\"auto, (max-width: 1024px) 100vw, 1024px\" \/><\/figure>\n<\/figure>\n","protected":false},"excerpt":{"rendered":"","protected":false},"author":2,"featured_media":661,"parent":0,"menu_order":0,"comment_status":"closed","ping_status":"closed","template":"","meta":{"_crdt_document":"","footnotes":""},"class_list":["post-3176","page","type-page","status-publish","has-post-thumbnail","hentry"],"yoast_head":"<!-- This site is optimized with the Yoast SEO plugin v27.3 - https:\/\/yoast.com\/product\/yoast-seo-wordpress\/ -->\n<title>Blog Mobilet | mobilet.pl<\/title>\n<meta name=\"description\" content=\"Sprawd\u017a nowo\u015bci, promocje i konkursy od Mobiletu. Tu znajdziesz porady, inspiracje i publikacje o podr\u00f3\u017cach, mobilno\u015bci i miejskim \u017cyciu.\" \/>\n<meta name=\"robots\" content=\"index, follow, max-snippet:-1, max-image-preview:large, max-video-preview:-1\" \/>\n<link rel=\"canonical\" href=\"https:\/\/mobilet.eu\/pl\/blog\/\" \/>\n<meta property=\"og:locale\" content=\"pl_PL\" \/>\n<meta property=\"og:type\" content=\"article\" \/>\n<meta property=\"og:title\" content=\"Blog Mobilet | mobilet.pl\" \/>\n<meta property=\"og:description\" content=\"Sprawd\u017a nowo\u015bci, promocje i konkursy od Mobiletu. Tu znajdziesz porady, inspiracje i publikacje o podr\u00f3\u017cach, mobilno\u015bci i miejskim \u017cyciu.\" \/>\n<meta property=\"og:url\" content=\"https:\/\/mobilet.eu\/pl\/blog\/\" \/>\n<meta property=\"og:site_name\" content=\"mobilet.pl\" \/>\n<meta property=\"article:modified_time\" content=\"2025-09-16T10:22:24+00:00\" \/>\n<meta property=\"og:image\" content=\"https:\/\/mobilet.eu\/pl\/wp-content\/uploads\/sites\/6\/2024\/07\/regulamin-mobilet-2.jpg\" \/>\n\t<meta property=\"og:image:width\" content=\"1920\" \/>\n\t<meta property=\"og:image:height\" content=\"960\" \/>\n\t<meta property=\"og:image:type\" content=\"image\/jpeg\" \/>\n<meta name=\"twitter:card\" content=\"summary_large_image\" \/>\n<meta name=\"twitter:label1\" content=\"Szacowany czas czytania\" \/>\n\t<meta name=\"twitter:data1\" content=\"1 minuta\" \/>\n<script type=\"application\/ld+json\" class=\"yoast-schema-graph\">{\"@context\":\"https:\\\/\\\/schema.org\",\"@graph\":[{\"@type\":\"WebPage\",\"@id\":\"https:\\\/\\\/mobilet.eu\\\/pl\\\/blog\\\/\",\"url\":\"https:\\\/\\\/mobilet.eu\\\/pl\\\/blog\\\/\",\"name\":\"Blog Mobilet | mobilet.pl\",\"isPartOf\":{\"@id\":\"https:\\\/\\\/mobilet.eu\\\/pl\\\/#website\"},\"primaryImageOfPage\":{\"@id\":\"https:\\\/\\\/mobilet.eu\\\/pl\\\/blog\\\/#primaryimage\"},\"image\":{\"@id\":\"https:\\\/\\\/mobilet.eu\\\/pl\\\/blog\\\/#primaryimage\"},\"thumbnailUrl\":\"https:\\\/\\\/mobilet.eu\\\/pl\\\/wp-content\\\/uploads\\\/sites\\\/6\\\/2024\\\/07\\\/regulamin-mobilet-2.jpg\",\"datePublished\":\"2025-01-25T20:56:20+00:00\",\"dateModified\":\"2025-09-16T10:22:24+00:00\",\"description\":\"Sprawd\u017a nowo\u015bci, promocje i konkursy od Mobiletu. Tu znajdziesz porady, inspiracje i publikacje o podr\u00f3\u017cach, mobilno\u015bci i miejskim \u017cyciu.\",\"breadcrumb\":{\"@id\":\"https:\\\/\\\/mobilet.eu\\\/pl\\\/blog\\\/#breadcrumb\"},\"inLanguage\":\"pl-PL\",\"potentialAction\":[{\"@type\":\"ReadAction\",\"target\":[\"https:\\\/\\\/mobilet.eu\\\/pl\\\/blog\\\/\"]}]},{\"@type\":\"ImageObject\",\"inLanguage\":\"pl-PL\",\"@id\":\"https:\\\/\\\/mobilet.eu\\\/pl\\\/blog\\\/#primaryimage\",\"url\":\"https:\\\/\\\/mobilet.eu\\\/pl\\\/wp-content\\\/uploads\\\/sites\\\/6\\\/2024\\\/07\\\/regulamin-mobilet-2.jpg\",\"contentUrl\":\"https:\\\/\\\/mobilet.eu\\\/pl\\\/wp-content\\\/uploads\\\/sites\\\/6\\\/2024\\\/07\\\/regulamin-mobilet-2.jpg\",\"width\":1920,\"height\":960,\"caption\":\"M\u0119\u017cczyzna w czerwonej bluzie przegl\u0105da nowy regulamin systemu Mobilet na smartfonie\"},{\"@type\":\"BreadcrumbList\",\"@id\":\"https:\\\/\\\/mobilet.eu\\\/pl\\\/blog\\\/#breadcrumb\",\"itemListElement\":[{\"@type\":\"ListItem\",\"position\":1,\"name\":\"Home\",\"item\":\"https:\\\/\\\/mobilet.eu\\\/pl\\\/\"},{\"@type\":\"ListItem\",\"position\":2,\"name\":\"Blog Mobilet\"}]},{\"@type\":\"WebSite\",\"@id\":\"https:\\\/\\\/mobilet.eu\\\/pl\\\/#website\",\"url\":\"https:\\\/\\\/mobilet.eu\\\/pl\\\/\",\"name\":\"mobilet.pl\",\"description\":\"Mobilet - Mobilne p\u0142atno\u015bci za parkingi i komunikacj\u0119\",\"potentialAction\":[{\"@type\":\"SearchAction\",\"target\":{\"@type\":\"EntryPoint\",\"urlTemplate\":\"https:\\\/\\\/mobilet.eu\\\/pl\\\/?s={search_term_string}\"},\"query-input\":{\"@type\":\"PropertyValueSpecification\",\"valueRequired\":true,\"valueName\":\"search_term_string\"}}],\"inLanguage\":\"pl-PL\"}]}<\/script>\n<!-- \/ Yoast SEO plugin. -->","yoast_head_json":{"title":"Blog Mobilet | mobilet.pl","description":"Sprawd\u017a nowo\u015bci, promocje i konkursy od Mobiletu. Tu znajdziesz porady, inspiracje i publikacje o podr\u00f3\u017cach, mobilno\u015bci i miejskim \u017cyciu.","robots":{"index":"index","follow":"follow","max-snippet":"max-snippet:-1","max-image-preview":"max-image-preview:large","max-video-preview":"max-video-preview:-1"},"canonical":"https:\/\/mobilet.eu\/pl\/blog\/","og_locale":"pl_PL","og_type":"article","og_title":"Blog Mobilet | mobilet.pl","og_description":"Sprawd\u017a nowo\u015bci, promocje i konkursy od Mobiletu. Tu znajdziesz porady, inspiracje i publikacje o podr\u00f3\u017cach, mobilno\u015bci i miejskim \u017cyciu.","og_url":"https:\/\/mobilet.eu\/pl\/blog\/","og_site_name":"mobilet.pl","article_modified_time":"2025-09-16T10:22:24+00:00","og_image":[{"width":1920,"height":960,"url":"https:\/\/mobilet.eu\/pl\/wp-content\/uploads\/sites\/6\/2024\/07\/regulamin-mobilet-2.jpg","type":"image\/jpeg"}],"twitter_card":"summary_large_image","twitter_misc":{"Szacowany czas czytania":"1 minuta"},"schema":{"@context":"https:\/\/schema.org","@graph":[{"@type":"WebPage","@id":"https:\/\/mobilet.eu\/pl\/blog\/","url":"https:\/\/mobilet.eu\/pl\/blog\/","name":"Blog Mobilet | mobilet.pl","isPartOf":{"@id":"https:\/\/mobilet.eu\/pl\/#website"},"primaryImageOfPage":{"@id":"https:\/\/mobilet.eu\/pl\/blog\/#primaryimage"},"image":{"@id":"https:\/\/mobilet.eu\/pl\/blog\/#primaryimage"},"thumbnailUrl":"https:\/\/mobilet.eu\/pl\/wp-content\/uploads\/sites\/6\/2024\/07\/regulamin-mobilet-2.jpg","datePublished":"2025-01-25T20:56:20+00:00","dateModified":"2025-09-16T10:22:24+00:00","description":"Sprawd\u017a nowo\u015bci, promocje i konkursy od Mobiletu. Tu znajdziesz porady, inspiracje i publikacje o podr\u00f3\u017cach, mobilno\u015bci i miejskim \u017cyciu.","breadcrumb":{"@id":"https:\/\/mobilet.eu\/pl\/blog\/#breadcrumb"},"inLanguage":"pl-PL","potentialAction":[{"@type":"ReadAction","target":["https:\/\/mobilet.eu\/pl\/blog\/"]}]},{"@type":"ImageObject","inLanguage":"pl-PL","@id":"https:\/\/mobilet.eu\/pl\/blog\/#primaryimage","url":"https:\/\/mobilet.eu\/pl\/wp-content\/uploads\/sites\/6\/2024\/07\/regulamin-mobilet-2.jpg","contentUrl":"https:\/\/mobilet.eu\/pl\/wp-content\/uploads\/sites\/6\/2024\/07\/regulamin-mobilet-2.jpg","width":1920,"height":960,"caption":"M\u0119\u017cczyzna w czerwonej bluzie przegl\u0105da nowy regulamin systemu Mobilet na smartfonie"},{"@type":"BreadcrumbList","@id":"https:\/\/mobilet.eu\/pl\/blog\/#breadcrumb","itemListElement":[{"@type":"ListItem","position":1,"name":"Home","item":"https:\/\/mobilet.eu\/pl\/"},{"@type":"ListItem","position":2,"name":"Blog Mobilet"}]},{"@type":"WebSite","@id":"https:\/\/mobilet.eu\/pl\/#website","url":"https:\/\/mobilet.eu\/pl\/","name":"mobilet.pl","description":"Mobilet - Mobilne p\u0142atno\u015bci za parkingi i komunikacj\u0119","potentialAction":[{"@type":"SearchAction","target":{"@type":"EntryPoint","urlTemplate":"https:\/\/mobilet.eu\/pl\/?s={search_term_string}"},"query-input":{"@type":"PropertyValueSpecification","valueRequired":true,"valueName":"search_term_string"}}],"inLanguage":"pl-PL"}]}},"_links":{"self":[{"href":"https:\/\/mobilet.eu\/pl\/wp-json\/wp\/v2\/pages\/3176","targetHints":{"allow":["GET"]}}],"collection":[{"href":"https:\/\/mobilet.eu\/pl\/wp-json\/wp\/v2\/pages"}],"about":[{"href":"https:\/\/mobilet.eu\/pl\/wp-json\/wp\/v2\/types\/page"}],"author":[{"embeddable":true,"href":"https:\/\/mobilet.eu\/pl\/wp-json\/wp\/v2\/users\/2"}],"replies":[{"embeddable":true,"href":"https:\/\/mobilet.eu\/pl\/wp-json\/wp\/v2\/comments?post=3176"}],"version-history":[{"count":5,"href":"https:\/\/mobilet.eu\/pl\/wp-json\/wp\/v2\/pages\/3176\/revisions"}],"predecessor-version":[{"id":34624,"href":"https:\/\/mobilet.eu\/pl\/wp-json\/wp\/v2\/pages\/3176\/revisions\/34624"}],"wp:featuredmedia":[{"embeddable":true,"href":"https:\/\/mobilet.eu\/pl\/wp-json\/wp\/v2\/media\/661"}],"wp:attachment":[{"href":"https:\/\/mobilet.eu\/pl\/wp-json\/wp\/v2\/media?parent=3176"}],"curies":[{"name":"wp","href":"https:\/\/api.w.org\/{rel}","templated":true}]}}