{"id":35,"date":"2024-06-26T12:09:51","date_gmt":"2024-06-26T10:09:51","guid":{"rendered":"https:\/\/mobilet.eu\/pl\/?page_id=35"},"modified":"2025-01-28T19:06:46","modified_gmt":"2025-01-28T18:06:46","slug":"miasta","status":"publish","type":"page","link":"https:\/\/mobilet.eu\/pl\/miasta\/","title":{"rendered":"Miasta"},"content":{"rendered":"","protected":false},"excerpt":{"rendered":"","protected":false},"author":2,"featured_media":3218,"parent":0,"menu_order":0,"comment_status":"closed","ping_status":"closed","template":"","meta":{"_crdt_document":"","footnotes":""},"class_list":["post-35","page","type-page","status-publish","has-post-thumbnail","hentry"],"yoast_head":"<!-- This site is optimized with the Yoast SEO plugin v27.3 - https:\/\/yoast.com\/product\/yoast-seo-wordpress\/ -->\n<title>Miasta | mobilet.pl<\/title>\n<meta name=\"description\" content=\"Sprawd\u017a list\u0119 miast, w kt\u00f3rych skorzystasz z Mobiletu. Zobacz, czy w Twoim mie\u015bcie kupisz e-bilety i zap\u0142acisz za parking smartfonem.\" \/>\n<meta name=\"robots\" content=\"index, follow, max-snippet:-1, max-image-preview:large, max-video-preview:-1\" \/>\n<link rel=\"canonical\" href=\"https:\/\/mobilet.eu\/pl\/miasta\/\" \/>\n<meta property=\"og:locale\" content=\"pl_PL\" \/>\n<meta property=\"og:type\" content=\"article\" \/>\n<meta property=\"og:title\" content=\"Miasta | mobilet.pl\" \/>\n<meta property=\"og:description\" content=\"Sprawd\u017a list\u0119 miast, w kt\u00f3rych skorzystasz z Mobiletu. Zobacz, czy w Twoim mie\u015bcie kupisz e-bilety i zap\u0142acisz za parking smartfonem.\" \/>\n<meta property=\"og:url\" content=\"https:\/\/mobilet.eu\/pl\/miasta\/\" \/>\n<meta property=\"og:site_name\" content=\"mobilet.pl\" \/>\n<meta property=\"article:modified_time\" content=\"2025-01-28T18:06:46+00:00\" \/>\n<meta property=\"og:image\" content=\"https:\/\/mobilet.eu\/pl\/wp-content\/uploads\/sites\/6\/2025\/01\/miasta-mobilet.jpg\" \/>\n\t<meta property=\"og:image:width\" content=\"1920\" \/>\n\t<meta property=\"og:image:height\" content=\"960\" \/>\n\t<meta property=\"og:image:type\" content=\"image\/jpeg\" \/>\n<meta name=\"twitter:card\" content=\"summary_large_image\" \/>\n<script type=\"application\/ld+json\" class=\"yoast-schema-graph\">{\"@context\":\"https:\\\/\\\/schema.org\",\"@graph\":[{\"@type\":\"WebPage\",\"@id\":\"https:\\\/\\\/mobilet.eu\\\/pl\\\/miasta\\\/\",\"url\":\"https:\\\/\\\/mobilet.eu\\\/pl\\\/miasta\\\/\",\"name\":\"Miasta | mobilet.pl\",\"isPartOf\":{\"@id\":\"https:\\\/\\\/mobilet.eu\\\/pl\\\/#website\"},\"primaryImageOfPage\":{\"@id\":\"https:\\\/\\\/mobilet.eu\\\/pl\\\/miasta\\\/#primaryimage\"},\"image\":{\"@id\":\"https:\\\/\\\/mobilet.eu\\\/pl\\\/miasta\\\/#primaryimage\"},\"thumbnailUrl\":\"https:\\\/\\\/mobilet.eu\\\/pl\\\/wp-content\\\/uploads\\\/sites\\\/6\\\/2025\\\/01\\\/miasta-mobilet.jpg\",\"datePublished\":\"2024-06-26T10:09:51+00:00\",\"dateModified\":\"2025-01-28T18:06:46+00:00\",\"description\":\"Sprawd\u017a list\u0119 miast, w kt\u00f3rych skorzystasz z Mobiletu. Zobacz, czy w Twoim mie\u015bcie kupisz e-bilety i zap\u0142acisz za parking smartfonem.\",\"breadcrumb\":{\"@id\":\"https:\\\/\\\/mobilet.eu\\\/pl\\\/miasta\\\/#breadcrumb\"},\"inLanguage\":\"pl-PL\",\"potentialAction\":[{\"@type\":\"ReadAction\",\"target\":[\"https:\\\/\\\/mobilet.eu\\\/pl\\\/miasta\\\/\"]}]},{\"@type\":\"ImageObject\",\"inLanguage\":\"pl-PL\",\"@id\":\"https:\\\/\\\/mobilet.eu\\\/pl\\\/miasta\\\/#primaryimage\",\"url\":\"https:\\\/\\\/mobilet.eu\\\/pl\\\/wp-content\\\/uploads\\\/sites\\\/6\\\/2025\\\/01\\\/miasta-mobilet.jpg\",\"contentUrl\":\"https:\\\/\\\/mobilet.eu\\\/pl\\\/wp-content\\\/uploads\\\/sites\\\/6\\\/2025\\\/01\\\/miasta-mobilet.jpg\",\"width\":1920,\"height\":960,\"caption\":\"Stary rynek w Poznaniu, jednym z miast, gdzie mo\u017cna kupowa\u0107 online bilety parkingowe i bilety komunikacji miejskiej za pomoc\u0105 aplikacji Mobilet\"},{\"@type\":\"BreadcrumbList\",\"@id\":\"https:\\\/\\\/mobilet.eu\\\/pl\\\/miasta\\\/#breadcrumb\",\"itemListElement\":[{\"@type\":\"ListItem\",\"position\":1,\"name\":\"Home\",\"item\":\"https:\\\/\\\/mobilet.eu\\\/pl\\\/\"},{\"@type\":\"ListItem\",\"position\":2,\"name\":\"Miasta\"}]},{\"@type\":\"WebSite\",\"@id\":\"https:\\\/\\\/mobilet.eu\\\/pl\\\/#website\",\"url\":\"https:\\\/\\\/mobilet.eu\\\/pl\\\/\",\"name\":\"mobilet.pl\",\"description\":\"Mobilet - Mobilne p\u0142atno\u015bci za parkingi i komunikacj\u0119\",\"potentialAction\":[{\"@type\":\"SearchAction\",\"target\":{\"@type\":\"EntryPoint\",\"urlTemplate\":\"https:\\\/\\\/mobilet.eu\\\/pl\\\/?s={search_term_string}\"},\"query-input\":{\"@type\":\"PropertyValueSpecification\",\"valueRequired\":true,\"valueName\":\"search_term_string\"}}],\"inLanguage\":\"pl-PL\"}]}<\/script>\n<!-- \/ Yoast SEO plugin. -->","yoast_head_json":{"title":"Miasta | mobilet.pl","description":"Sprawd\u017a list\u0119 miast, w kt\u00f3rych skorzystasz z Mobiletu. Zobacz, czy w Twoim mie\u015bcie kupisz e-bilety i zap\u0142acisz za parking smartfonem.","robots":{"index":"index","follow":"follow","max-snippet":"max-snippet:-1","max-image-preview":"max-image-preview:large","max-video-preview":"max-video-preview:-1"},"canonical":"https:\/\/mobilet.eu\/pl\/miasta\/","og_locale":"pl_PL","og_type":"article","og_title":"Miasta | mobilet.pl","og_description":"Sprawd\u017a list\u0119 miast, w kt\u00f3rych skorzystasz z Mobiletu. Zobacz, czy w Twoim mie\u015bcie kupisz e-bilety i zap\u0142acisz za parking smartfonem.","og_url":"https:\/\/mobilet.eu\/pl\/miasta\/","og_site_name":"mobilet.pl","article_modified_time":"2025-01-28T18:06:46+00:00","og_image":[{"width":1920,"height":960,"url":"https:\/\/mobilet.eu\/pl\/wp-content\/uploads\/sites\/6\/2025\/01\/miasta-mobilet.jpg","type":"image\/jpeg"}],"twitter_card":"summary_large_image","schema":{"@context":"https:\/\/schema.org","@graph":[{"@type":"WebPage","@id":"https:\/\/mobilet.eu\/pl\/miasta\/","url":"https:\/\/mobilet.eu\/pl\/miasta\/","name":"Miasta | mobilet.pl","isPartOf":{"@id":"https:\/\/mobilet.eu\/pl\/#website"},"primaryImageOfPage":{"@id":"https:\/\/mobilet.eu\/pl\/miasta\/#primaryimage"},"image":{"@id":"https:\/\/mobilet.eu\/pl\/miasta\/#primaryimage"},"thumbnailUrl":"https:\/\/mobilet.eu\/pl\/wp-content\/uploads\/sites\/6\/2025\/01\/miasta-mobilet.jpg","datePublished":"2024-06-26T10:09:51+00:00","dateModified":"2025-01-28T18:06:46+00:00","description":"Sprawd\u017a list\u0119 miast, w kt\u00f3rych skorzystasz z Mobiletu. Zobacz, czy w Twoim mie\u015bcie kupisz e-bilety i zap\u0142acisz za parking smartfonem.","breadcrumb":{"@id":"https:\/\/mobilet.eu\/pl\/miasta\/#breadcrumb"},"inLanguage":"pl-PL","potentialAction":[{"@type":"ReadAction","target":["https:\/\/mobilet.eu\/pl\/miasta\/"]}]},{"@type":"ImageObject","inLanguage":"pl-PL","@id":"https:\/\/mobilet.eu\/pl\/miasta\/#primaryimage","url":"https:\/\/mobilet.eu\/pl\/wp-content\/uploads\/sites\/6\/2025\/01\/miasta-mobilet.jpg","contentUrl":"https:\/\/mobilet.eu\/pl\/wp-content\/uploads\/sites\/6\/2025\/01\/miasta-mobilet.jpg","width":1920,"height":960,"caption":"Stary rynek w Poznaniu, jednym z miast, gdzie mo\u017cna kupowa\u0107 online bilety parkingowe i bilety komunikacji miejskiej za pomoc\u0105 aplikacji Mobilet"},{"@type":"BreadcrumbList","@id":"https:\/\/mobilet.eu\/pl\/miasta\/#breadcrumb","itemListElement":[{"@type":"ListItem","position":1,"name":"Home","item":"https:\/\/mobilet.eu\/pl\/"},{"@type":"ListItem","position":2,"name":"Miasta"}]},{"@type":"WebSite","@id":"https:\/\/mobilet.eu\/pl\/#website","url":"https:\/\/mobilet.eu\/pl\/","name":"mobilet.pl","description":"Mobilet - Mobilne p\u0142atno\u015bci za parkingi i komunikacj\u0119","potentialAction":[{"@type":"SearchAction","target":{"@type":"EntryPoint","urlTemplate":"https:\/\/mobilet.eu\/pl\/?s={search_term_string}"},"query-input":{"@type":"PropertyValueSpecification","valueRequired":true,"valueName":"search_term_string"}}],"inLanguage":"pl-PL"}]}},"_links":{"self":[{"href":"https:\/\/mobilet.eu\/pl\/wp-json\/wp\/v2\/pages\/35","targetHints":{"allow":["GET"]}}],"collection":[{"href":"https:\/\/mobilet.eu\/pl\/wp-json\/wp\/v2\/pages"}],"about":[{"href":"https:\/\/mobilet.eu\/pl\/wp-json\/wp\/v2\/types\/page"}],"author":[{"embeddable":true,"href":"https:\/\/mobilet.eu\/pl\/wp-json\/wp\/v2\/users\/2"}],"replies":[{"embeddable":true,"href":"https:\/\/mobilet.eu\/pl\/wp-json\/wp\/v2\/comments?post=35"}],"version-history":[{"count":18,"href":"https:\/\/mobilet.eu\/pl\/wp-json\/wp\/v2\/pages\/35\/revisions"}],"predecessor-version":[{"id":1703,"href":"https:\/\/mobilet.eu\/pl\/wp-json\/wp\/v2\/pages\/35\/revisions\/1703"}],"wp:featuredmedia":[{"embeddable":true,"href":"https:\/\/mobilet.eu\/pl\/wp-json\/wp\/v2\/media\/3218"}],"wp:attachment":[{"href":"https:\/\/mobilet.eu\/pl\/wp-json\/wp\/v2\/media?parent=35"}],"curies":[{"name":"wp","href":"https:\/\/api.w.org\/{rel}","templated":true}]}}