{"id":37,"date":"2024-06-26T12:10:33","date_gmt":"2024-06-26T10:10:33","guid":{"rendered":"https:\/\/mobilet.eu\/pl\/?page_id=37"},"modified":"2025-11-10T19:12:36","modified_gmt":"2025-11-10T18:12:36","slug":"o-nas","status":"publish","type":"page","link":"https:\/\/mobilet.eu\/pl\/o-nas\/","title":{"rendered":"Marka Mobilet"},"content":{"rendered":"\n<h2 class=\"wp-block-heading h1\">Standard<strong> p\u0142atno\u015bci mobilnych<\/strong><\/h2>\n\n\n\n<p class=\"wp-block-paragraph\">Mobilet to <strong>pozna\u0144ska marka<\/strong>, powo\u0142ana do \u017cycia <strong>w 2007 roku<\/strong>, kiedy to udost\u0119pnili\u015bmy nasz\u0105 pierwsz\u0105, innowacyjn\u0105 aplikacj\u0119 mobiln\u0105, kt\u00f3ra pozwala\u0142a p\u0142aci\u0107 za post\u00f3j na miejskich parkingach &#8211; bez u\u017cycia parkomat\u00f3w. W\u00f3wczas, u progu ery smartfon\u00f3w, ca\u0142e otoczenie technologiczne wygl\u0105da\u0142o zupe\u0142nie inaczej ni\u017c dzi\u015b, a Mobilet by\u0142 jednym z pierwszych tego typu rozwi\u0105za\u0144 w Europie. Nasz system szybko si\u0119 rozwija\u0142, zyskuj\u0105c popularno\u015b\u0107 w\u015br\u00f3d u\u017cytkownik\u00f3w i <a href=\"https:\/\/2013.mobiletrends.pl\/mobiletrendsawards.php\" target=\"_blank\" rel=\"noreferrer noopener\">uznanie w bran\u017cy<\/a>. Powstawa\u0142y te\u017c kolejne funkcjonalno\u015bci i coraz to nowsze wersje aplikacji.<\/p>\n\n\n\n<p class=\"wp-block-paragraph\">Dzi\u015b Mobilet to <strong>og\u00f3lnopolski standard<\/strong> p\u0142atno\u015bci mobilnych i platforma mobilno\u015bci miejskiej dla smart city. Sp\u00f3\u0142ka Mobile-Traffic-Data, kt\u00f3ra zarz\u0105dza ca\u0142ym systemem nieustannie pracuje nad rozwojem produktu i <a href=\"https:\/\/mobilet.eu\/pl\/o-nas\/kariera\">rozbudowuje zesp\u00f3\u0142<\/a> wsp\u00f3\u0142pracownik\u00f3w. Mobilet jest dost\u0119pny w <a href=\"https:\/\/mobilet.eu\/pl\/miasta\/\">229 polskich miastach<\/a>, a od kilku lat <a href=\"https:\/\/mobilet.eu\/de\/\" target=\"_blank\" rel=\"noreferrer noopener\">r\u00f3wnie\u017c w Niemczech<\/a>.<\/p>\n\n\n\n<h2 class=\"wp-block-heading\">Wielkopolska jako\u015b\u0107<\/h2>\n\n\n\n<p class=\"wp-block-paragraph\">Przyk\u0142adamy szczeg\u00f3ln\u0105 wag\u0119 do poziomu obs\u0142ugi naszych Klient\u00f3w \u2013 zar\u00f3wno indywidualnych u\u017cytkownik\u00f3w aplikacji, jak i naszych partner\u00f3w, z kt\u00f3rymi wsp\u00f3\u0142pracujemy. Podejmujemy szereg dzia\u0142a\u0144, dzi\u0119ki kt\u00f3rym mo\u017cliwe jest stabilne funkcjonowanie sytemu. Ws\u0142uchujemy si\u0119 w Wasze potrzeby. Nasza <a href=\"https:\/\/mobilet.eu\/pl\/pomoc\/\">infolinia<\/a> od d\u0142u\u017cszego czasu dost\u0119pna jest 24h\/dob\u0119. Dbamy o dobre relacje z kontrahentami w miastach i w obszarze biznesu.<\/p>\n\n\n\n<h2 class=\"wp-block-heading\">Zmieniamy si\u0119 dla Was<\/h2>\n\n\n\n<p class=\"wp-block-paragraph\">Niedawna modernizacja marki Mobilet jest zapowiedzi\u0105 nadchodz\u0105cych zmian. Od\u015bwie\u017cone, uproszczone <strong>logo<\/strong> i identyfikacja wizualna, zwi\u0105zane s\u0105 z naszymi planami na najbli\u017cszy czas. Zdecydowali\u015bmy si\u0119 te\u017c ujednolici\u0107 <strong>pisowni\u0119 marki Mobilet<\/strong>.<\/p>\n\n\n\n<p class=\"wp-block-paragraph\">Na pocz\u0105tku 2025 roku chcemy udost\u0119pni\u0107 <strong>Mobilet 3.0<\/strong>. B\u0119dzie to ca\u0142kowicie nowa aplikacja, zbudowana od podstaw, z nowym interfejsem, zgodnie ze wsp\u00f3\u0142czesnymi standardami UX\/UI. Nowy Mobilet przyniesie <strong>znacz\u0105ce u\u0142atwienia<\/strong> w zarz\u0105dzaniu aktywnymi biletami, \u017ar\u00f3d\u0142ami p\u0142atno\u015bci oraz lokalizacj\u0105, a tak\u017ce mo\u017cliwo\u015b\u0107 p\u0142atno\u015bci przez <strong>Apple Pay i Google Pay<\/strong>.<\/p>\n\n\n\n<p class=\"wp-block-paragraph\">Mobilet w wersji 3.0 jest tworzony z u\u017cyciem architektury i technologii, kt\u00f3re pozwalaj\u0105 w elastyczny spos\u00f3b rozwija\u0107 system. Pracujemy wi\u0119c r\u00f3wnolegle nad <strong>nowymi funkcjami<\/strong> dotychczasowych us\u0142ug, tj. modu\u0142\u00f3w <a href=\"https:\/\/mobilet.eu\/pl\/uslugi\/oplaty-parkingowe\/\">p\u0142atno\u015bci za parkingi<\/a> i <a href=\"https:\/\/mobilet.eu\/pl\/uslugi\/komunikacja-miejska\/\">komunikacji miejskiej<\/a>, a tak\u017ce przygotowujemy zupe\u0142nie <strong>nowe us\u0142ugi<\/strong>.<\/p>\n\n\n\n<div class=\"wp-block-columns is-layout-flex wp-container-core-columns-is-layout-8f761849 wp-block-columns-is-layout-flex\">\n<div class=\"wp-block-column is-layout-flow wp-block-column-is-layout-flow\" style=\"flex-basis:50%\">\n<figure class=\"wp-block-image size-full\"><img loading=\"lazy\" decoding=\"async\" width=\"800\" height=\"731\" src=\"https:\/\/mobilet.eu\/pl\/wp-content\/uploads\/sites\/6\/2024\/10\/aplikacja-mobilet-3-0.jpg\" alt=\"Wizualizacja nowej wersji aplikacji Mobilet - planowane uruchomienie w 2025 roku\" class=\"wp-image-2188\" srcset=\"https:\/\/mobilet.eu\/pl\/wp-content\/uploads\/sites\/6\/2024\/10\/aplikacja-mobilet-3-0.jpg 800w, https:\/\/mobilet.eu\/pl\/wp-content\/uploads\/sites\/6\/2024\/10\/aplikacja-mobilet-3-0-300x274.jpg 300w, https:\/\/mobilet.eu\/pl\/wp-content\/uploads\/sites\/6\/2024\/10\/aplikacja-mobilet-3-0-768x702.jpg 768w\" sizes=\"auto, (max-width: 800px) 100vw, 800px\" \/><\/figure>\n<\/div>\n<\/div>\n\n\n\n<p class=\"wp-block-paragraph\"><\/p>\n","protected":false},"excerpt":{"rendered":"<p>Standard p\u0142atno\u015bci mobilnych Mobilet to pozna\u0144ska marka, powo\u0142ana do \u017cycia w 2007 roku, kiedy to udost\u0119pnili\u015bmy nasz\u0105 pierwsz\u0105, innowacyjn\u0105 aplikacj\u0119 [&hellip;]<\/p>\n","protected":false},"author":2,"featured_media":1559,"parent":0,"menu_order":0,"comment_status":"closed","ping_status":"closed","template":"","meta":{"_crdt_document":"","footnotes":""},"class_list":["post-37","page","type-page","status-publish","has-post-thumbnail","hentry"],"yoast_head":"<!-- This site is optimized with the Yoast SEO plugin v27.1.1 - https:\/\/yoast.com\/product\/yoast-seo-wordpress\/ -->\n<title>Marka Mobilet | mobilet.pl<\/title>\n<meta name=\"description\" content=\"Znasz aplikacj\u0119 Mobilet? Zobacz kim jeste\u015bmy i co osi\u0105gn\u0119li\u015bmy przez ostatnie 17 lat! Poznaj histori\u0119 marki i nasze plany na przysz\u0142o\u015b\u0107.\" \/>\n<meta name=\"robots\" content=\"index, follow, max-snippet:-1, max-image-preview:large, max-video-preview:-1\" \/>\n<link rel=\"canonical\" href=\"https:\/\/mobilet.eu\/pl\/o-nas\/\" \/>\n<meta property=\"og:locale\" content=\"pl_PL\" \/>\n<meta property=\"og:type\" content=\"article\" \/>\n<meta property=\"og:title\" content=\"Marka Mobilet | mobilet.pl\" \/>\n<meta property=\"og:description\" content=\"Znasz aplikacj\u0119 Mobilet? Zobacz kim jeste\u015bmy i co osi\u0105gn\u0119li\u015bmy przez ostatnie 17 lat! Poznaj histori\u0119 marki i nasze plany na przysz\u0142o\u015b\u0107.\" \/>\n<meta property=\"og:url\" content=\"https:\/\/mobilet.eu\/pl\/o-nas\/\" \/>\n<meta property=\"og:site_name\" content=\"mobilet.pl\" \/>\n<meta property=\"article:modified_time\" content=\"2025-11-10T18:12:36+00:00\" \/>\n<meta property=\"og:image\" content=\"https:\/\/mobilet.eu\/pl\/wp-content\/uploads\/sites\/6\/2024\/09\/mobilet-o-nas.png\" \/>\n\t<meta property=\"og:image:width\" content=\"1920\" \/>\n\t<meta property=\"og:image:height\" content=\"960\" \/>\n\t<meta property=\"og:image:type\" content=\"image\/png\" \/>\n<meta name=\"twitter:card\" content=\"summary_large_image\" \/>\n<meta name=\"twitter:label1\" content=\"Szacowany czas czytania\" \/>\n\t<meta name=\"twitter:data1\" content=\"3 minuty\" \/>\n<script type=\"application\/ld+json\" class=\"yoast-schema-graph\">{\"@context\":\"https:\/\/schema.org\",\"@graph\":[{\"@type\":\"WebPage\",\"@id\":\"https:\/\/mobilet.eu\/pl\/o-nas\/\",\"url\":\"https:\/\/mobilet.eu\/pl\/o-nas\/\",\"name\":\"Marka Mobilet | mobilet.pl\",\"isPartOf\":{\"@id\":\"https:\/\/mobilet.eu\/pl\/#website\"},\"primaryImageOfPage\":{\"@id\":\"https:\/\/mobilet.eu\/pl\/o-nas\/#primaryimage\"},\"image\":{\"@id\":\"https:\/\/mobilet.eu\/pl\/o-nas\/#primaryimage\"},\"thumbnailUrl\":\"https:\/\/mobilet.eu\/pl\/wp-content\/uploads\/sites\/6\/2024\/09\/mobilet-o-nas.png\",\"datePublished\":\"2024-06-26T10:10:33+00:00\",\"dateModified\":\"2025-11-10T18:12:36+00:00\",\"description\":\"Znasz aplikacj\u0119 Mobilet? Zobacz kim jeste\u015bmy i co osi\u0105gn\u0119li\u015bmy przez ostatnie 17 lat! Poznaj histori\u0119 marki i nasze plany na przysz\u0142o\u015b\u0107.\",\"breadcrumb\":{\"@id\":\"https:\/\/mobilet.eu\/pl\/o-nas\/#breadcrumb\"},\"inLanguage\":\"pl-PL\",\"potentialAction\":[{\"@type\":\"ReadAction\",\"target\":[\"https:\/\/mobilet.eu\/pl\/o-nas\/\"]}]},{\"@type\":\"ImageObject\",\"inLanguage\":\"pl-PL\",\"@id\":\"https:\/\/mobilet.eu\/pl\/o-nas\/#primaryimage\",\"url\":\"https:\/\/mobilet.eu\/pl\/wp-content\/uploads\/sites\/6\/2024\/09\/mobilet-o-nas.png\",\"contentUrl\":\"https:\/\/mobilet.eu\/pl\/wp-content\/uploads\/sites\/6\/2024\/09\/mobilet-o-nas.png\",\"width\":1920,\"height\":960,\"caption\":\"Widok Starego Rynku w Poznaniu wpisany w litery b\u0119d\u0105ce fragmentem logo Mobilet\"},{\"@type\":\"BreadcrumbList\",\"@id\":\"https:\/\/mobilet.eu\/pl\/o-nas\/#breadcrumb\",\"itemListElement\":[{\"@type\":\"ListItem\",\"position\":1,\"name\":\"Home\",\"item\":\"https:\/\/mobilet.eu\/pl\/\"},{\"@type\":\"ListItem\",\"position\":2,\"name\":\"Marka Mobilet\"}]},{\"@type\":\"WebSite\",\"@id\":\"https:\/\/mobilet.eu\/pl\/#website\",\"url\":\"https:\/\/mobilet.eu\/pl\/\",\"name\":\"mobilet.pl\",\"description\":\"Mobilet - Mobilne p\u0142atno\u015bci za parkingi i komunikacj\u0119\",\"potentialAction\":[{\"@type\":\"SearchAction\",\"target\":{\"@type\":\"EntryPoint\",\"urlTemplate\":\"https:\/\/mobilet.eu\/pl\/?s={search_term_string}\"},\"query-input\":{\"@type\":\"PropertyValueSpecification\",\"valueRequired\":true,\"valueName\":\"search_term_string\"}}],\"inLanguage\":\"pl-PL\"}]}<\/script>\n<!-- \/ Yoast SEO plugin. -->","yoast_head_json":{"title":"Marka Mobilet | mobilet.pl","description":"Znasz aplikacj\u0119 Mobilet? Zobacz kim jeste\u015bmy i co osi\u0105gn\u0119li\u015bmy przez ostatnie 17 lat! Poznaj histori\u0119 marki i nasze plany na przysz\u0142o\u015b\u0107.","robots":{"index":"index","follow":"follow","max-snippet":"max-snippet:-1","max-image-preview":"max-image-preview:large","max-video-preview":"max-video-preview:-1"},"canonical":"https:\/\/mobilet.eu\/pl\/o-nas\/","og_locale":"pl_PL","og_type":"article","og_title":"Marka Mobilet | mobilet.pl","og_description":"Znasz aplikacj\u0119 Mobilet? Zobacz kim jeste\u015bmy i co osi\u0105gn\u0119li\u015bmy przez ostatnie 17 lat! Poznaj histori\u0119 marki i nasze plany na przysz\u0142o\u015b\u0107.","og_url":"https:\/\/mobilet.eu\/pl\/o-nas\/","og_site_name":"mobilet.pl","article_modified_time":"2025-11-10T18:12:36+00:00","og_image":[{"width":1920,"height":960,"url":"https:\/\/mobilet.eu\/pl\/wp-content\/uploads\/sites\/6\/2024\/09\/mobilet-o-nas.png","type":"image\/png"}],"twitter_card":"summary_large_image","twitter_misc":{"Szacowany czas czytania":"3 minuty"},"schema":{"@context":"https:\/\/schema.org","@graph":[{"@type":"WebPage","@id":"https:\/\/mobilet.eu\/pl\/o-nas\/","url":"https:\/\/mobilet.eu\/pl\/o-nas\/","name":"Marka Mobilet | mobilet.pl","isPartOf":{"@id":"https:\/\/mobilet.eu\/pl\/#website"},"primaryImageOfPage":{"@id":"https:\/\/mobilet.eu\/pl\/o-nas\/#primaryimage"},"image":{"@id":"https:\/\/mobilet.eu\/pl\/o-nas\/#primaryimage"},"thumbnailUrl":"https:\/\/mobilet.eu\/pl\/wp-content\/uploads\/sites\/6\/2024\/09\/mobilet-o-nas.png","datePublished":"2024-06-26T10:10:33+00:00","dateModified":"2025-11-10T18:12:36+00:00","description":"Znasz aplikacj\u0119 Mobilet? Zobacz kim jeste\u015bmy i co osi\u0105gn\u0119li\u015bmy przez ostatnie 17 lat! Poznaj histori\u0119 marki i nasze plany na przysz\u0142o\u015b\u0107.","breadcrumb":{"@id":"https:\/\/mobilet.eu\/pl\/o-nas\/#breadcrumb"},"inLanguage":"pl-PL","potentialAction":[{"@type":"ReadAction","target":["https:\/\/mobilet.eu\/pl\/o-nas\/"]}]},{"@type":"ImageObject","inLanguage":"pl-PL","@id":"https:\/\/mobilet.eu\/pl\/o-nas\/#primaryimage","url":"https:\/\/mobilet.eu\/pl\/wp-content\/uploads\/sites\/6\/2024\/09\/mobilet-o-nas.png","contentUrl":"https:\/\/mobilet.eu\/pl\/wp-content\/uploads\/sites\/6\/2024\/09\/mobilet-o-nas.png","width":1920,"height":960,"caption":"Widok Starego Rynku w Poznaniu wpisany w litery b\u0119d\u0105ce fragmentem logo Mobilet"},{"@type":"BreadcrumbList","@id":"https:\/\/mobilet.eu\/pl\/o-nas\/#breadcrumb","itemListElement":[{"@type":"ListItem","position":1,"name":"Home","item":"https:\/\/mobilet.eu\/pl\/"},{"@type":"ListItem","position":2,"name":"Marka Mobilet"}]},{"@type":"WebSite","@id":"https:\/\/mobilet.eu\/pl\/#website","url":"https:\/\/mobilet.eu\/pl\/","name":"mobilet.pl","description":"Mobilet - Mobilne p\u0142atno\u015bci za parkingi i komunikacj\u0119","potentialAction":[{"@type":"SearchAction","target":{"@type":"EntryPoint","urlTemplate":"https:\/\/mobilet.eu\/pl\/?s={search_term_string}"},"query-input":{"@type":"PropertyValueSpecification","valueRequired":true,"valueName":"search_term_string"}}],"inLanguage":"pl-PL"}]}},"_links":{"self":[{"href":"https:\/\/mobilet.eu\/pl\/wp-json\/wp\/v2\/pages\/37","targetHints":{"allow":["GET"]}}],"collection":[{"href":"https:\/\/mobilet.eu\/pl\/wp-json\/wp\/v2\/pages"}],"about":[{"href":"https:\/\/mobilet.eu\/pl\/wp-json\/wp\/v2\/types\/page"}],"author":[{"embeddable":true,"href":"https:\/\/mobilet.eu\/pl\/wp-json\/wp\/v2\/users\/2"}],"replies":[{"embeddable":true,"href":"https:\/\/mobilet.eu\/pl\/wp-json\/wp\/v2\/comments?post=37"}],"version-history":[{"count":25,"href":"https:\/\/mobilet.eu\/pl\/wp-json\/wp\/v2\/pages\/37\/revisions"}],"predecessor-version":[{"id":37583,"href":"https:\/\/mobilet.eu\/pl\/wp-json\/wp\/v2\/pages\/37\/revisions\/37583"}],"wp:featuredmedia":[{"embeddable":true,"href":"https:\/\/mobilet.eu\/pl\/wp-json\/wp\/v2\/media\/1559"}],"wp:attachment":[{"href":"https:\/\/mobilet.eu\/pl\/wp-json\/wp\/v2\/media?parent=37"}],"curies":[{"name":"wp","href":"https:\/\/api.w.org\/{rel}","templated":true}]}}