{"id":39,"date":"2024-06-26T12:11:03","date_gmt":"2024-06-26T10:11:03","guid":{"rendered":"https:\/\/mobilet.eu\/pl\/?page_id=39"},"modified":"2024-10-16T19:13:48","modified_gmt":"2024-10-16T17:13:48","slug":"uslugi","status":"publish","type":"page","link":"https:\/\/mobilet.eu\/pl\/uslugi\/","title":{"rendered":"Us\u0142ugi Mobilet"},"content":{"rendered":"\n<p class=\"wp-block-paragraph\"><a href=\"https:\/\/pobierz.mobilet.pl\">Pobieraj\u0105c Mobilet<\/a> na sw\u00f3j telefon, automatycznie zyskujesz dost\u0119p do bilet\u00f3w na <a href=\"https:\/\/mobilet.eu\/pl\/uslugi\/komunikacja-miejska\/\">transport publiczny<\/a> i korzystn\u0105 <a href=\"https:\/\/mobilet.eu\/pl\/uslugi\/oplaty-parkingowe\/\">alternatyw\u0119 dla parkomat\u00f3w<\/a>, zar\u00f3wno w Twojej miejscowo\u015bci i regionie, jak i <a href=\"https:\/\/mobilet.eu\/pl\/miasta\/\">w 229 miastach<\/a>. Dzi\u0119ki setkom um\u00f3w, kt\u00f3re zawarli\u015bmy z naszymi partnerami, Mobilet jest <strong>oficjaln\u0105, wygodn\u0105 i bezpieczn\u0105<\/strong> form\u0105 e-p\u0142atno\u015bci za bilety i parkingi w ca\u0142ej Polsce.  <\/p>\n\n\n\n<p class=\"wp-block-paragraph\">Wiemy, \u017ce poruszaj\u0105c si\u0119 po mie\u015bcie bywasz i pieszym, i pasa\u017cerem, i kierowc\u0105. Chcemy, by Mobilet by\u0142 Twoj\u0105 osobist\u0105 <strong>platform\u0105 mobilno\u015bci<\/strong>, dlatego ca\u0142y czas pracujemy nad nowymi us\u0142ugami i funkcjami aplikacji.<\/p>\n\n\n\n<p class=\"wp-block-paragraph\"><\/p>\n","protected":false},"excerpt":{"rendered":"<p>Pobieraj\u0105c Mobilet na sw\u00f3j telefon, automatycznie zyskujesz dost\u0119p do bilet\u00f3w na transport publiczny i korzystn\u0105 alternatyw\u0119 dla parkomat\u00f3w, zar\u00f3wno w [&hellip;]<\/p>\n","protected":false},"author":20,"featured_media":454,"parent":0,"menu_order":0,"comment_status":"closed","ping_status":"closed","template":"","meta":{"_crdt_document":"","footnotes":""},"class_list":["post-39","page","type-page","status-publish","has-post-thumbnail","hentry"],"yoast_head":"<!-- This site is optimized with the Yoast SEO plugin v27.1.1 - https:\/\/yoast.com\/product\/yoast-seo-wordpress\/ -->\n<title>Us\u0142ugi Mobilet | mobilet.pl<\/title>\n<meta name=\"description\" content=\"Poznaj Mobilet, Twoj\u0105 osobist\u0105 platform\u0119 mobilno\u015bci, kt\u00f3ra dzia\u0142a w ponad 200 miastach i u\u0142atwia p\u0142atno\u015bci za transport publiczny i parkingi.\" \/>\n<meta name=\"robots\" content=\"index, follow, max-snippet:-1, max-image-preview:large, max-video-preview:-1\" \/>\n<link rel=\"canonical\" href=\"https:\/\/mobilet.eu\/pl\/uslugi\/\" \/>\n<meta property=\"og:locale\" content=\"pl_PL\" \/>\n<meta property=\"og:type\" content=\"article\" \/>\n<meta property=\"og:title\" content=\"Us\u0142ugi Mobilet | mobilet.pl\" \/>\n<meta property=\"og:description\" content=\"Poznaj Mobilet, Twoj\u0105 osobist\u0105 platform\u0119 mobilno\u015bci, kt\u00f3ra dzia\u0142a w ponad 200 miastach i u\u0142atwia p\u0142atno\u015bci za transport publiczny i parkingi.\" \/>\n<meta property=\"og:url\" content=\"https:\/\/mobilet.eu\/pl\/uslugi\/\" \/>\n<meta property=\"og:site_name\" content=\"mobilet.pl\" \/>\n<meta property=\"article:modified_time\" content=\"2024-10-16T17:13:48+00:00\" \/>\n<meta property=\"og:image\" content=\"https:\/\/mobilet.eu\/pl\/wp-content\/uploads\/sites\/6\/2024\/07\/uslugi-featured.jpg\" \/>\n\t<meta property=\"og:image:width\" content=\"1920\" \/>\n\t<meta property=\"og:image:height\" content=\"960\" \/>\n\t<meta property=\"og:image:type\" content=\"image\/jpeg\" \/>\n<meta name=\"twitter:card\" content=\"summary_large_image\" \/>\n<meta name=\"twitter:label1\" content=\"Szacowany czas czytania\" \/>\n\t<meta name=\"twitter:data1\" content=\"1 minuta\" \/>\n<script type=\"application\/ld+json\" class=\"yoast-schema-graph\">{\"@context\":\"https:\/\/schema.org\",\"@graph\":[{\"@type\":\"WebPage\",\"@id\":\"https:\/\/mobilet.eu\/pl\/uslugi\/\",\"url\":\"https:\/\/mobilet.eu\/pl\/uslugi\/\",\"name\":\"Us\u0142ugi Mobilet | mobilet.pl\",\"isPartOf\":{\"@id\":\"https:\/\/mobilet.eu\/pl\/#website\"},\"primaryImageOfPage\":{\"@id\":\"https:\/\/mobilet.eu\/pl\/uslugi\/#primaryimage\"},\"image\":{\"@id\":\"https:\/\/mobilet.eu\/pl\/uslugi\/#primaryimage\"},\"thumbnailUrl\":\"https:\/\/mobilet.eu\/pl\/wp-content\/uploads\/sites\/6\/2024\/07\/uslugi-featured.jpg\",\"datePublished\":\"2024-06-26T10:11:03+00:00\",\"dateModified\":\"2024-10-16T17:13:48+00:00\",\"description\":\"Poznaj Mobilet, Twoj\u0105 osobist\u0105 platform\u0119 mobilno\u015bci, kt\u00f3ra dzia\u0142a w ponad 200 miastach i u\u0142atwia p\u0142atno\u015bci za transport publiczny i parkingi.\",\"breadcrumb\":{\"@id\":\"https:\/\/mobilet.eu\/pl\/uslugi\/#breadcrumb\"},\"inLanguage\":\"pl-PL\",\"potentialAction\":[{\"@type\":\"ReadAction\",\"target\":[\"https:\/\/mobilet.eu\/pl\/uslugi\/\"]}]},{\"@type\":\"ImageObject\",\"inLanguage\":\"pl-PL\",\"@id\":\"https:\/\/mobilet.eu\/pl\/uslugi\/#primaryimage\",\"url\":\"https:\/\/mobilet.eu\/pl\/wp-content\/uploads\/sites\/6\/2024\/07\/uslugi-featured.jpg\",\"contentUrl\":\"https:\/\/mobilet.eu\/pl\/wp-content\/uploads\/sites\/6\/2024\/07\/uslugi-featured.jpg\",\"width\":1920,\"height\":960,\"caption\":\"Nocna panorama centrum miasta, w kt\u00f3rym dost\u0119pne s\u0105 us\u0142ugi Mobilet - p\u0142atno\u015bci na parkowanie oraz zakup bilet\u00f3w online na przejazdy komunikacj\u0105 miejsk\u0105 za pomoc\u0105 aplikacji w telefonie.\"},{\"@type\":\"BreadcrumbList\",\"@id\":\"https:\/\/mobilet.eu\/pl\/uslugi\/#breadcrumb\",\"itemListElement\":[{\"@type\":\"ListItem\",\"position\":1,\"name\":\"Home\",\"item\":\"https:\/\/mobilet.eu\/pl\/\"},{\"@type\":\"ListItem\",\"position\":2,\"name\":\"Us\u0142ugi Mobilet\"}]},{\"@type\":\"WebSite\",\"@id\":\"https:\/\/mobilet.eu\/pl\/#website\",\"url\":\"https:\/\/mobilet.eu\/pl\/\",\"name\":\"mobilet.pl\",\"description\":\"Mobilet - Mobilne p\u0142atno\u015bci za parkingi i komunikacj\u0119\",\"potentialAction\":[{\"@type\":\"SearchAction\",\"target\":{\"@type\":\"EntryPoint\",\"urlTemplate\":\"https:\/\/mobilet.eu\/pl\/?s={search_term_string}\"},\"query-input\":{\"@type\":\"PropertyValueSpecification\",\"valueRequired\":true,\"valueName\":\"search_term_string\"}}],\"inLanguage\":\"pl-PL\"}]}<\/script>\n<!-- \/ Yoast SEO plugin. -->","yoast_head_json":{"title":"Us\u0142ugi Mobilet | mobilet.pl","description":"Poznaj Mobilet, Twoj\u0105 osobist\u0105 platform\u0119 mobilno\u015bci, kt\u00f3ra dzia\u0142a w ponad 200 miastach i u\u0142atwia p\u0142atno\u015bci za transport publiczny i parkingi.","robots":{"index":"index","follow":"follow","max-snippet":"max-snippet:-1","max-image-preview":"max-image-preview:large","max-video-preview":"max-video-preview:-1"},"canonical":"https:\/\/mobilet.eu\/pl\/uslugi\/","og_locale":"pl_PL","og_type":"article","og_title":"Us\u0142ugi Mobilet | mobilet.pl","og_description":"Poznaj Mobilet, Twoj\u0105 osobist\u0105 platform\u0119 mobilno\u015bci, kt\u00f3ra dzia\u0142a w ponad 200 miastach i u\u0142atwia p\u0142atno\u015bci za transport publiczny i parkingi.","og_url":"https:\/\/mobilet.eu\/pl\/uslugi\/","og_site_name":"mobilet.pl","article_modified_time":"2024-10-16T17:13:48+00:00","og_image":[{"width":1920,"height":960,"url":"https:\/\/mobilet.eu\/pl\/wp-content\/uploads\/sites\/6\/2024\/07\/uslugi-featured.jpg","type":"image\/jpeg"}],"twitter_card":"summary_large_image","twitter_misc":{"Szacowany czas czytania":"1 minuta"},"schema":{"@context":"https:\/\/schema.org","@graph":[{"@type":"WebPage","@id":"https:\/\/mobilet.eu\/pl\/uslugi\/","url":"https:\/\/mobilet.eu\/pl\/uslugi\/","name":"Us\u0142ugi Mobilet | mobilet.pl","isPartOf":{"@id":"https:\/\/mobilet.eu\/pl\/#website"},"primaryImageOfPage":{"@id":"https:\/\/mobilet.eu\/pl\/uslugi\/#primaryimage"},"image":{"@id":"https:\/\/mobilet.eu\/pl\/uslugi\/#primaryimage"},"thumbnailUrl":"https:\/\/mobilet.eu\/pl\/wp-content\/uploads\/sites\/6\/2024\/07\/uslugi-featured.jpg","datePublished":"2024-06-26T10:11:03+00:00","dateModified":"2024-10-16T17:13:48+00:00","description":"Poznaj Mobilet, Twoj\u0105 osobist\u0105 platform\u0119 mobilno\u015bci, kt\u00f3ra dzia\u0142a w ponad 200 miastach i u\u0142atwia p\u0142atno\u015bci za transport publiczny i parkingi.","breadcrumb":{"@id":"https:\/\/mobilet.eu\/pl\/uslugi\/#breadcrumb"},"inLanguage":"pl-PL","potentialAction":[{"@type":"ReadAction","target":["https:\/\/mobilet.eu\/pl\/uslugi\/"]}]},{"@type":"ImageObject","inLanguage":"pl-PL","@id":"https:\/\/mobilet.eu\/pl\/uslugi\/#primaryimage","url":"https:\/\/mobilet.eu\/pl\/wp-content\/uploads\/sites\/6\/2024\/07\/uslugi-featured.jpg","contentUrl":"https:\/\/mobilet.eu\/pl\/wp-content\/uploads\/sites\/6\/2024\/07\/uslugi-featured.jpg","width":1920,"height":960,"caption":"Nocna panorama centrum miasta, w kt\u00f3rym dost\u0119pne s\u0105 us\u0142ugi Mobilet - p\u0142atno\u015bci na parkowanie oraz zakup bilet\u00f3w online na przejazdy komunikacj\u0105 miejsk\u0105 za pomoc\u0105 aplikacji w telefonie."},{"@type":"BreadcrumbList","@id":"https:\/\/mobilet.eu\/pl\/uslugi\/#breadcrumb","itemListElement":[{"@type":"ListItem","position":1,"name":"Home","item":"https:\/\/mobilet.eu\/pl\/"},{"@type":"ListItem","position":2,"name":"Us\u0142ugi Mobilet"}]},{"@type":"WebSite","@id":"https:\/\/mobilet.eu\/pl\/#website","url":"https:\/\/mobilet.eu\/pl\/","name":"mobilet.pl","description":"Mobilet - Mobilne p\u0142atno\u015bci za parkingi i komunikacj\u0119","potentialAction":[{"@type":"SearchAction","target":{"@type":"EntryPoint","urlTemplate":"https:\/\/mobilet.eu\/pl\/?s={search_term_string}"},"query-input":{"@type":"PropertyValueSpecification","valueRequired":true,"valueName":"search_term_string"}}],"inLanguage":"pl-PL"}]}},"_links":{"self":[{"href":"https:\/\/mobilet.eu\/pl\/wp-json\/wp\/v2\/pages\/39","targetHints":{"allow":["GET"]}}],"collection":[{"href":"https:\/\/mobilet.eu\/pl\/wp-json\/wp\/v2\/pages"}],"about":[{"href":"https:\/\/mobilet.eu\/pl\/wp-json\/wp\/v2\/types\/page"}],"author":[{"embeddable":true,"href":"https:\/\/mobilet.eu\/pl\/wp-json\/wp\/v2\/users\/20"}],"replies":[{"embeddable":true,"href":"https:\/\/mobilet.eu\/pl\/wp-json\/wp\/v2\/comments?post=39"}],"version-history":[{"count":16,"href":"https:\/\/mobilet.eu\/pl\/wp-json\/wp\/v2\/pages\/39\/revisions"}],"predecessor-version":[{"id":2175,"href":"https:\/\/mobilet.eu\/pl\/wp-json\/wp\/v2\/pages\/39\/revisions\/2175"}],"wp:featuredmedia":[{"embeddable":true,"href":"https:\/\/mobilet.eu\/pl\/wp-json\/wp\/v2\/media\/454"}],"wp:attachment":[{"href":"https:\/\/mobilet.eu\/pl\/wp-json\/wp\/v2\/media?parent=39"}],"curies":[{"name":"wp","href":"https:\/\/api.w.org\/{rel}","templated":true}]}}