{"id":50,"date":"2024-06-26T15:54:51","date_gmt":"2024-06-26T13:54:51","guid":{"rendered":"https:\/\/mobilet.eu\/pl\/?page_id=50"},"modified":"2026-04-29T15:43:47","modified_gmt":"2026-04-29T13:43:47","slug":"pomoc","status":"publish","type":"page","link":"https:\/\/mobilet.eu\/pl\/pomoc\/","title":{"rendered":"Pomoc Mobilet"},"content":{"rendered":"\n<h2 class=\"wp-block-heading h1\"><strong>FAQ i kontakt<\/strong><\/h2>\n\n\n\n<h2 class=\"wp-block-heading\">Jak korzysta\u0107 z Pomocy Mobilet?<\/h2>\n\n\n\n<p class=\"wp-block-paragraph\">Potrzebujesz pomocy lub wskaz\u00f3wek dotycz\u0105cych aplikacji i <a href=\"https:\/\/mobilet.eu\/pl\/uslugi\/\">us\u0142ug Mobilet<\/a>? Zacznij od zapoznania si\u0119 z dzia\u0142em <strong>FAQ: odpowiedzi na cz\u0119ste pytania<\/strong>. W kilku kategoriach zgromadzili\u015bmy zagadnienia, kt\u00f3re  s\u0105 zg\u0142aszane najcz\u0119\u015bciej. <strong>Prawdopodobnie odnajdziesz tu r\u00f3wnie\u017c odpowiedzi na swoje pytania<\/strong>.<\/p>\n\n\n\n<p class=\"wp-block-paragraph\">Je\u015bli mimo wszystko potrzebujesz dalszego wsparcia, mo\u017cesz wys\u0142a\u0107 wiadomo\u015b\u0107 na adres <span class=\"poczta\"><\/span> lub skorzysta\u0107 z <strong>formularza kontaktowego<\/strong>. W ten spos\u00f3b Twoje pytanie trafi do Biura Obs\u0142ugi Klienta Mobilet.<\/p>\n\n\n\n<p class=\"wp-block-paragraph\">Szukasz informacji na temat winiety czyli naklejki Mobilet? <a href=\"https:\/\/mobilet.eu\/pl\/naklejka-mobilet\/\">Sprawd\u017a tutaj<\/a>!<\/p>\n\n\n\n<p class=\"wp-block-paragraph\"><\/p>\n","protected":false},"excerpt":{"rendered":"<p>FAQ i kontakt Jak korzysta\u0107 z Pomocy Mobilet? Potrzebujesz pomocy lub wskaz\u00f3wek dotycz\u0105cych aplikacji i us\u0142ug Mobilet? Zacznij od zapoznania [&hellip;]<\/p>\n","protected":false},"author":2,"featured_media":2191,"parent":0,"menu_order":0,"comment_status":"closed","ping_status":"closed","template":"","meta":{"_crdt_document":"{\"document\":\"AAAGz5eHnBQ+OQgclCUEAgECCgJCAEoAkAEBAgoCQkoAkAEBAgoCQkoAtAsBAgoCQkoAsAcBAgoCQkoAkgQBAgoASgBZKAMnAAQAJwAEACcAKAQnACgAJwAHACgDJwEEACgBJwCHACgDJwEEACgAJwCHACgDJwEEACgAJwCHACgDJwEEACgAJwCHACgDJwEEACgAJwCHACgDJwEoACfZFf8Uc3RhdGV2ZXJzaW9uZG9jdW1lbnRkYXRlZG9jdW1lbnRzbHVnZG9jdW1lbnRzdGF0dXNkb2N1bWVudHRpdGxlUG9tb2MgTW9iaWxldGRvY3VtZW50Y29udGVudDwhLS0gd3A6aGVhZGluZyB7ImNsYXNzTmFtZSI6ImgxIn0gLS0+CjxoMiBjbGFzcz0id3AtYmxvY2staGVhZGluZyBoMSI+PHN0cm9uZz5GQVEgaSBrb250YWt0PC9zdHJvbmc+PC9oMj4KPCEtLSAvd3A6aGVhZGluZyAtLT4KCjwhLS0gd3A6aGVhZGluZyAtLT4KPGgyIGNsYXNzPSJ3cC1ibG9jay1oZWFkaW5nIj5KYWsga29yenlzdGHEhyB6IFBvbW9jeSBNb2JpbGV0PzwvaDI+CjwhLS0gL3dwOmhlYWRpbmcgLS0+Cgo8IS0tIHdwOnBhcmFncmFwaCAtLT4KPHA+UG90cnplYnVqZXN6IHBvbW9jeSBsdWIgd3NrYXrDs3dlayBkb3R5Y3rEhWN5Y2ggYXBsaWthY2ppIGkgPGEgaHJlZj0iaHR0cHM6Ly9tb2JpbGV0LmV1L3BsL3VzbHVnaS8iPnVzxYJ1ZyBNb2JpbGV0PC9hPj8gWmFjem5paiBvZCB6YXBvem5hbmlhIHNpxJkgeiBkemlhxYJlbSA8c3Ryb25nPkZBUTogb2Rwb3dpZWR6aSBuYSBjesSZc3RlIHB5dGFuaWE8L3N0cm9uZz4uIFcga2lsa3Uga2F0ZWdvcmlhY2ggemdyb21hZHppbGnFm215IHphZ2FkbmllbmlhLCBrdMOzcmUgIHPEhSB6Z8WCYXN6YW5lIG5hamN6xJnFm2NpZWouIDxzdHJvbmc+UHJhd2RvcG9kb2JuaWUgb2RuYWpkemllc3ogdHUgcsOzd25pZcW8IG9kcG93aWVkemkgbmEgc3dvamUgcHl0YW5pYTwvc3Ryb25nPi48L3A+CjwhLS0gL3dwOnBhcmFncmFwaCAtLT4KCjwhLS0gd3A6cGFyYWdyYXBoIC0tPgo8cD5KZcWbbGkgbWltbyB3c3p5c3RrbyBwb3RyemVidWplc3ogZGFsc3plZ28gd3NwYXJjaWEsIG1vxbxlc3ogd3lzxYJhxIcgd2lhZG9tb8WbxIcgbmEgYWRyZXMgPHNwYW4gY2xhc3M9InBvY3p0YSI+PC9zcGFuPiBsdWIgc2tvcnp5c3RhxIcgeiA8c3Ryb25nPmZvcm11bGFyemEga29udGFrdG93ZWdvPC9zdHJvbmc+LiBXIHRlbiBzcG9zw7NiIFR3b2plIHB5dGFuaWUgdHJhZmkgZG8gQml1cmEgT2JzxYJ1Z2kgS2xpZW50YSBNb2JpbGV0LjwvcD4KPCEtLSAvd3A6cGFyYWdyYXBoIC0tPgoKPCEtLSB3cDpwYXJhZ3JhcGggLS0+CjxwPlN6dWthc3ogaW5mb3JtYWNqaSBuYSB0ZW1hdCB3aW5pZXR5IGN6eWxpIG5ha2xlamtpIE1vYmlsZXQ\/IDxhIGhyZWY9Imh0dHBzOi8vbW9iaWxldC5ldS9wbC9uYWtsZWprYS1tb2JpbGV0LyI+U3ByYXdkxbogdHV0YWo8L2E+ITwvcD4KPCEtLSAvd3A6cGFyYWdyYXBoIC0tPgoKPCEtLSB3cDpwYXJhZ3JhcGggLS0+CjxwPjwvcD4KPCEtLSAvd3A6cGFyYWdyYXBoIC0tPmRvY3VtZW50ZXhjZXJwdGRvY3VtZW50YXV0aG9yZG9jdW1lbnRmZWF0dXJlZF9tZWRpYWRvY3VtZW50Y29tbWVudF9zdGF0dXNkb2N1bWVudHBpbmdfc3RhdHVzZG9jdW1lbnR0ZW1wbGF0ZWRvY3VtZW50bWV0YWZvb3Rub3Rlc2RvY3VtZW50YmxvY2tzY2xpZW50SWRpc1ZhbGlkb3JpZ2luYWxDb250ZW50bmFtZWF0dHJpYnV0ZXNjb250ZW50PHN0cm9uZz5GQVEgaSBrb250YWt0PC9zdHJvbmc+bGV2ZWxjbGFzc05hbWVpbm5lckJsb2Nrc2NsaWVudElkaXNWYWxpZG9yaWdpbmFsQ29udGVudG5hbWVhdHRyaWJ1dGVzY29udGVudEphayBrb3J6eXN0YcSHIHogUG9tb2N5IE1vYmlsZXQ\/bGV2ZWxpbm5lckJsb2Nrc2NsaWVudElkaXNWYWxpZG9yaWdpbmFsQ29udGVudG5hbWVhdHRyaWJ1dGVzY29udGVudFBvdHJ6ZWJ1amVzeiBwb21vY3kgbHViIHdza2F6w7N3ZWsgZG90eWN6xIVjeWNoIGFwbGlrYWNqaSBpIDxhIGhyZWY9Imh0dHBzOi8vbW9iaWxldC5ldS9wbC91c2x1Z2kvIj51c8WCdWcgTW9iaWxldDwvYT4\/IFphY3puaWogb2QgemFwb3puYW5pYSBzacSZIHogZHppYcWCZW0gPHN0cm9uZz5GQVE6IG9kcG93aWVkemkgbmEgY3rEmXN0ZSBweXRhbmlhPC9zdHJvbmc+LiBXIGtpbGt1IGthdGVnb3JpYWNoIHpncm9tYWR6aWxpxZtteSB6YWdhZG5pZW5pYSwga3TDs3JlICBzxIUgemfFgmFzemFuZSBuYWpjesSZxZtjaWVqLiA8c3Ryb25nPlByYXdkb3BvZG9ibmllIG9kbmFqZHppZXN6IHR1IHLDs3duaWXFvCBvZHBvd2llZHppIG5hIHN3b2plIHB5dGFuaWE8L3N0cm9uZz4uZHJvcENhcGlubmVyQmxvY2tzY2xpZW50SWRpc1ZhbGlkb3JpZ2luYWxDb250ZW50bmFtZWF0dHJpYnV0ZXNjb250ZW50SmXFm2xpIG1pbW8gd3N6eXN0a28gcG90cnplYnVqZXN6IGRhbHN6ZWdvIHdzcGFyY2lhLCBtb8W8ZXN6IHd5c8WCYcSHIHdpYWRvbW\/Fm8SHIG5hIGFkcmVzIDxzcGFuIGNsYXNzPSJwb2N6dGEiPjwvc3Bhbj4gbHViIHNrb3J6eXN0YcSHIHogPHN0cm9uZz5mb3JtdWxhcnphIGtvbnRha3Rvd2Vnbzwvc3Ryb25nPi4gVyB0ZW4gc3Bvc8OzYiBUd29qZSBweXRhbmllIHRyYWZpIGRvIEJpdXJhIE9ic8WCdWdpIEtsaWVudGEgTW9iaWxldC5kcm9wQ2FwaW5uZXJCbG9ja3NjbGllbnRJZGlzVmFsaWRvcmlnaW5hbENvbnRlbnRuYW1lYXR0cmlidXRlc2NvbnRlbnRTenVrYXN6IGluZm9ybWFjamkgbmEgdGVtYXQgd2luaWV0eSBjenlsaSBuYWtsZWpraSBNb2JpbGV0PyA8YSBocmVmPSJodHRwczovL21vYmlsZXQuZXUvcGwvbmFrbGVqa2EtbW9iaWxldC8iPlNwcmF3ZMW6IHR1dGFqPC9hPiFkcm9wQ2FwaW5uZXJCbG9ja3NjbGllbnRJZGlzVmFsaWRvcmlnaW5hbENvbnRlbnRuYW1lYXR0cmlidXRlc2NvbnRlbnRkcm9wQ2FwaW5uZXJCbG9ja3MFBwgECAQIBggFDQgHoxIIBwgGCA4IDggLSAEECQgGCAcPBAoHHgUJCwgHDwQKBx8FCwgHDwQKB7EFBwsIBw8ECgevAwcLCAcPBAoHgAIHCwgHDwQKRwALDwEEAAABAAAAAQYAAAEAABxCAQEAQQACAEEAAgBBAAIAQQACAEEAAgBBAAIAAkEnAU0AfQF3EzIwMjQtMDYtMjZUMTU6NTQ6NTF3BXBvbW9jdwdwdWJsaXNofQJ9jyJ3BmNsb3NlZHcGY2xvc2VkdwB3AHckMGFiYTJhOGEtYjUyNi00NThkLTg1NjItNDBmMTg3OTJhNmZjeHdDPGgyIGNsYXNzPSJ3cC1ibG9jay1oZWFkaW5nIGgxIj48c3Ryb25nPkZBUSBpIGtvbnRha3Q8L3N0cm9uZz48L2gyPncMY29yZS9oZWFkaW5nfQJ3AmgxdyQyOWM5MWY1Ny00NGU4LTQxZjgtYWIwMy1mMjljZDlhMzliYmF4d0I8aDIgY2xhc3M9IndwLWJsb2NrLWhlYWRpbmciPkphayBrb3J6eXN0YcSHIHogUG9tb2N5IE1vYmlsZXQ\/PC9oMj53DGNvcmUvaGVhZGluZ30CdyQ3M2ExYTUxOS03M2I1LTQ2YmUtYTMyNC0wZDE3N2RhYmQ3OWN4d4YDPHA+UG90cnplYnVqZXN6IHBvbW9jeSBsdWIgd3NrYXrDs3dlayBkb3R5Y3rEhWN5Y2ggYXBsaWthY2ppIGkgPGEgaHJlZj0iaHR0cHM6Ly9tb2JpbGV0LmV1L3BsL3VzbHVnaS8iPnVzxYJ1ZyBNb2JpbGV0PC9hPj8gWmFjem5paiBvZCB6YXBvem5hbmlhIHNpxJkgeiBkemlhxYJlbSA8c3Ryb25nPkZBUTogb2Rwb3dpZWR6aSBuYSBjesSZc3RlIHB5dGFuaWE8L3N0cm9uZz4uIFcga2lsa3Uga2F0ZWdvcmlhY2ggemdyb21hZHppbGnFm215IHphZ2FkbmllbmlhLCBrdMOzcmUgIHPEhSB6Z8WCYXN6YW5lIG5hamN6xJnFm2NpZWouIDxzdHJvbmc+UHJhd2RvcG9kb2JuaWUgb2RuYWpkemllc3ogdHUgcsOzd25pZcW8IG9kcG93aWVkemkgbmEgc3dvamUgcHl0YW5pYTwvc3Ryb25nPi48L3A+dw5jb3JlL3BhcmFncmFwaHl3JGE3ZmU5MTI0LTVmZTctNDRjYS04Y2U1LWNjNTk1ZTcwYWIyY3h3\/wE8cD5KZcWbbGkgbWltbyB3c3p5c3RrbyBwb3RyemVidWplc3ogZGFsc3plZ28gd3NwYXJjaWEsIG1vxbxlc3ogd3lzxYJhxIcgd2lhZG9tb8WbxIcgbmEgYWRyZXMgPHNwYW4gY2xhc3M9InBvY3p0YSI+PC9zcGFuPiBsdWIgc2tvcnp5c3RhxIcgeiA8c3Ryb25nPmZvcm11bGFyemEga29udGFrdG93ZWdvPC9zdHJvbmc+LiBXIHRlbiBzcG9zw7NiIFR3b2plIHB5dGFuaWUgdHJhZmkgZG8gQml1cmEgT2JzxYJ1Z2kgS2xpZW50YSBNb2JpbGV0LjwvcD53DmNvcmUvcGFyYWdyYXBoeXckNTFhZDE3ZmQtMTdmNi00Y2Q0LWI1MWUtNzA3NjAxN2E4ODEzeHeIATxwPlN6dWthc3ogaW5mb3JtYWNqaSBuYSB0ZW1hdCB3aW5pZXR5IGN6eWxpIG5ha2xlamtpIE1vYmlsZXQ\/IDxhIGhyZWY9Imh0dHBzOi8vbW9iaWxldC5ldS9wbC9uYWtsZWprYS1tb2JpbGV0LyI+U3ByYXdkxbogdHV0YWo8L2E+ITwvcD53DmNvcmUvcGFyYWdyYXBoeXckODkyYTM4NTktMGRkNy00NmEyLWIxZTUtYjFhN2Q0YzZmOTJmeHcHPHA+PC9wPncOY29yZS9wYXJhZ3JhcGh5AA==\",\"updateId\":514184678}","footnotes":""},"class_list":["post-50","page","type-page","status-publish","has-post-thumbnail","hentry"],"yoast_head":"<!-- This site is optimized with the Yoast SEO plugin v27.4 - https:\/\/yoast.com\/product\/yoast-seo-wordpress\/ -->\n<title>Pomoc Mobilet | mobilet.pl<\/title>\n<meta name=\"description\" content=\"Znajd\u017a odpowiedzi na cz\u0119sto zadawane pytania dotycz\u0105ce Mobiletu. Skorzystaj z formularza kontaktowego i napisz do Biura Obs\u0142ugi Klienta.\" \/>\n<meta name=\"robots\" content=\"index, follow, max-snippet:-1, max-image-preview:large, max-video-preview:-1\" \/>\n<link rel=\"canonical\" href=\"https:\/\/mobilet.eu\/pl\/pomoc\/\" \/>\n<meta property=\"og:locale\" content=\"pl_PL\" \/>\n<meta property=\"og:type\" content=\"article\" \/>\n<meta property=\"og:title\" content=\"Pomoc Mobilet | mobilet.pl\" \/>\n<meta property=\"og:description\" content=\"Znajd\u017a odpowiedzi na cz\u0119sto zadawane pytania dotycz\u0105ce Mobiletu. Skorzystaj z formularza kontaktowego i napisz do Biura Obs\u0142ugi Klienta.\" \/>\n<meta property=\"og:url\" content=\"https:\/\/mobilet.eu\/pl\/pomoc\/\" \/>\n<meta property=\"og:site_name\" content=\"mobilet.pl\" \/>\n<meta property=\"article:modified_time\" content=\"2026-04-29T13:43:47+00:00\" \/>\n<meta property=\"og:image\" content=\"https:\/\/mobilet.eu\/pl\/wp-content\/uploads\/sites\/6\/2024\/10\/Pomoc-mobilet3.jpg\" \/>\n\t<meta property=\"og:image:width\" content=\"1920\" \/>\n\t<meta property=\"og:image:height\" content=\"960\" \/>\n\t<meta property=\"og:image:type\" content=\"image\/jpeg\" \/>\n<meta name=\"twitter:card\" content=\"summary_large_image\" \/>\n<meta name=\"twitter:label1\" content=\"Szacowany czas czytania\" \/>\n\t<meta name=\"twitter:data1\" content=\"1 minuta\" \/>\n<script type=\"application\/ld+json\" class=\"yoast-schema-graph\">{\"@context\":\"https:\\\/\\\/schema.org\",\"@graph\":[{\"@type\":\"WebPage\",\"@id\":\"https:\\\/\\\/mobilet.eu\\\/pl\\\/pomoc\\\/\",\"url\":\"https:\\\/\\\/mobilet.eu\\\/pl\\\/pomoc\\\/\",\"name\":\"Pomoc Mobilet | mobilet.pl\",\"isPartOf\":{\"@id\":\"https:\\\/\\\/mobilet.eu\\\/pl\\\/#website\"},\"primaryImageOfPage\":{\"@id\":\"https:\\\/\\\/mobilet.eu\\\/pl\\\/pomoc\\\/#primaryimage\"},\"image\":{\"@id\":\"https:\\\/\\\/mobilet.eu\\\/pl\\\/pomoc\\\/#primaryimage\"},\"thumbnailUrl\":\"https:\\\/\\\/mobilet.eu\\\/pl\\\/wp-content\\\/uploads\\\/sites\\\/6\\\/2024\\\/10\\\/Pomoc-mobilet3.jpg\",\"datePublished\":\"2024-06-26T13:54:51+00:00\",\"dateModified\":\"2026-04-29T13:43:47+00:00\",\"description\":\"Znajd\u017a odpowiedzi na cz\u0119sto zadawane pytania dotycz\u0105ce Mobiletu. Skorzystaj z formularza kontaktowego i napisz do Biura Obs\u0142ugi Klienta.\",\"breadcrumb\":{\"@id\":\"https:\\\/\\\/mobilet.eu\\\/pl\\\/pomoc\\\/#breadcrumb\"},\"inLanguage\":\"pl-PL\",\"potentialAction\":[{\"@type\":\"ReadAction\",\"target\":[\"https:\\\/\\\/mobilet.eu\\\/pl\\\/pomoc\\\/\"]}]},{\"@type\":\"ImageObject\",\"inLanguage\":\"pl-PL\",\"@id\":\"https:\\\/\\\/mobilet.eu\\\/pl\\\/pomoc\\\/#primaryimage\",\"url\":\"https:\\\/\\\/mobilet.eu\\\/pl\\\/wp-content\\\/uploads\\\/sites\\\/6\\\/2024\\\/10\\\/Pomoc-mobilet3.jpg\",\"contentUrl\":\"https:\\\/\\\/mobilet.eu\\\/pl\\\/wp-content\\\/uploads\\\/sites\\\/6\\\/2024\\\/10\\\/Pomoc-mobilet3.jpg\",\"width\":1920,\"height\":960,\"caption\":\"Dziewczyna w czerwonej bluzce korzysta ze smartfona poszukuj\u0105c informacji na temat us\u0142ug Mobilet\"},{\"@type\":\"BreadcrumbList\",\"@id\":\"https:\\\/\\\/mobilet.eu\\\/pl\\\/pomoc\\\/#breadcrumb\",\"itemListElement\":[{\"@type\":\"ListItem\",\"position\":1,\"name\":\"Home\",\"item\":\"https:\\\/\\\/mobilet.eu\\\/pl\\\/\"},{\"@type\":\"ListItem\",\"position\":2,\"name\":\"Pomoc Mobilet\"}]},{\"@type\":\"WebSite\",\"@id\":\"https:\\\/\\\/mobilet.eu\\\/pl\\\/#website\",\"url\":\"https:\\\/\\\/mobilet.eu\\\/pl\\\/\",\"name\":\"mobilet.pl\",\"description\":\"Mobilet - Mobilne p\u0142atno\u015bci za parkingi i komunikacj\u0119\",\"potentialAction\":[{\"@type\":\"SearchAction\",\"target\":{\"@type\":\"EntryPoint\",\"urlTemplate\":\"https:\\\/\\\/mobilet.eu\\\/pl\\\/?s={search_term_string}\"},\"query-input\":{\"@type\":\"PropertyValueSpecification\",\"valueRequired\":true,\"valueName\":\"search_term_string\"}}],\"inLanguage\":\"pl-PL\"}]}<\/script>\n<!-- \/ Yoast SEO plugin. -->","yoast_head_json":{"title":"Pomoc Mobilet | mobilet.pl","description":"Znajd\u017a odpowiedzi na cz\u0119sto zadawane pytania dotycz\u0105ce Mobiletu. Skorzystaj z formularza kontaktowego i napisz do Biura Obs\u0142ugi Klienta.","robots":{"index":"index","follow":"follow","max-snippet":"max-snippet:-1","max-image-preview":"max-image-preview:large","max-video-preview":"max-video-preview:-1"},"canonical":"https:\/\/mobilet.eu\/pl\/pomoc\/","og_locale":"pl_PL","og_type":"article","og_title":"Pomoc Mobilet | mobilet.pl","og_description":"Znajd\u017a odpowiedzi na cz\u0119sto zadawane pytania dotycz\u0105ce Mobiletu. Skorzystaj z formularza kontaktowego i napisz do Biura Obs\u0142ugi Klienta.","og_url":"https:\/\/mobilet.eu\/pl\/pomoc\/","og_site_name":"mobilet.pl","article_modified_time":"2026-04-29T13:43:47+00:00","og_image":[{"width":1920,"height":960,"url":"https:\/\/mobilet.eu\/pl\/wp-content\/uploads\/sites\/6\/2024\/10\/Pomoc-mobilet3.jpg","type":"image\/jpeg"}],"twitter_card":"summary_large_image","twitter_misc":{"Szacowany czas czytania":"1 minuta"},"schema":{"@context":"https:\/\/schema.org","@graph":[{"@type":"WebPage","@id":"https:\/\/mobilet.eu\/pl\/pomoc\/","url":"https:\/\/mobilet.eu\/pl\/pomoc\/","name":"Pomoc Mobilet | mobilet.pl","isPartOf":{"@id":"https:\/\/mobilet.eu\/pl\/#website"},"primaryImageOfPage":{"@id":"https:\/\/mobilet.eu\/pl\/pomoc\/#primaryimage"},"image":{"@id":"https:\/\/mobilet.eu\/pl\/pomoc\/#primaryimage"},"thumbnailUrl":"https:\/\/mobilet.eu\/pl\/wp-content\/uploads\/sites\/6\/2024\/10\/Pomoc-mobilet3.jpg","datePublished":"2024-06-26T13:54:51+00:00","dateModified":"2026-04-29T13:43:47+00:00","description":"Znajd\u017a odpowiedzi na cz\u0119sto zadawane pytania dotycz\u0105ce Mobiletu. Skorzystaj z formularza kontaktowego i napisz do Biura Obs\u0142ugi Klienta.","breadcrumb":{"@id":"https:\/\/mobilet.eu\/pl\/pomoc\/#breadcrumb"},"inLanguage":"pl-PL","potentialAction":[{"@type":"ReadAction","target":["https:\/\/mobilet.eu\/pl\/pomoc\/"]}]},{"@type":"ImageObject","inLanguage":"pl-PL","@id":"https:\/\/mobilet.eu\/pl\/pomoc\/#primaryimage","url":"https:\/\/mobilet.eu\/pl\/wp-content\/uploads\/sites\/6\/2024\/10\/Pomoc-mobilet3.jpg","contentUrl":"https:\/\/mobilet.eu\/pl\/wp-content\/uploads\/sites\/6\/2024\/10\/Pomoc-mobilet3.jpg","width":1920,"height":960,"caption":"Dziewczyna w czerwonej bluzce korzysta ze smartfona poszukuj\u0105c informacji na temat us\u0142ug Mobilet"},{"@type":"BreadcrumbList","@id":"https:\/\/mobilet.eu\/pl\/pomoc\/#breadcrumb","itemListElement":[{"@type":"ListItem","position":1,"name":"Home","item":"https:\/\/mobilet.eu\/pl\/"},{"@type":"ListItem","position":2,"name":"Pomoc Mobilet"}]},{"@type":"WebSite","@id":"https:\/\/mobilet.eu\/pl\/#website","url":"https:\/\/mobilet.eu\/pl\/","name":"mobilet.pl","description":"Mobilet - Mobilne p\u0142atno\u015bci za parkingi i komunikacj\u0119","potentialAction":[{"@type":"SearchAction","target":{"@type":"EntryPoint","urlTemplate":"https:\/\/mobilet.eu\/pl\/?s={search_term_string}"},"query-input":{"@type":"PropertyValueSpecification","valueRequired":true,"valueName":"search_term_string"}}],"inLanguage":"pl-PL"}]}},"_links":{"self":[{"href":"https:\/\/mobilet.eu\/pl\/wp-json\/wp\/v2\/pages\/50","targetHints":{"allow":["GET"]}}],"collection":[{"href":"https:\/\/mobilet.eu\/pl\/wp-json\/wp\/v2\/pages"}],"about":[{"href":"https:\/\/mobilet.eu\/pl\/wp-json\/wp\/v2\/types\/page"}],"author":[{"embeddable":true,"href":"https:\/\/mobilet.eu\/pl\/wp-json\/wp\/v2\/users\/2"}],"replies":[{"embeddable":true,"href":"https:\/\/mobilet.eu\/pl\/wp-json\/wp\/v2\/comments?post=50"}],"version-history":[{"count":23,"href":"https:\/\/mobilet.eu\/pl\/wp-json\/wp\/v2\/pages\/50\/revisions"}],"predecessor-version":[{"id":60365,"href":"https:\/\/mobilet.eu\/pl\/wp-json\/wp\/v2\/pages\/50\/revisions\/60365"}],"wp:featuredmedia":[{"embeddable":true,"href":"https:\/\/mobilet.eu\/pl\/wp-json\/wp\/v2\/media\/2191"}],"wp:attachment":[{"href":"https:\/\/mobilet.eu\/pl\/wp-json\/wp\/v2\/media?parent=50"}],"curies":[{"name":"wp","href":"https:\/\/api.w.org\/{rel}","templated":true}]}}