{"id":57656,"date":"2026-02-06T11:46:09","date_gmt":"2026-02-06T10:46:09","guid":{"rendered":"https:\/\/mobilet.eu\/pl\/koszyk\/"},"modified":"2026-03-21T17:39:21","modified_gmt":"2026-03-21T16:39:21","slug":"koszyk","status":"publish","type":"page","link":"https:\/\/mobilet.eu\/pl\/koszyk\/","title":{"rendered":"Koszyk"},"content":{"rendered":"\n<div data-block-name=\"woocommerce\/cart\" class=\"wp-block-woocommerce-cart alignwide is-loading\">\n<div data-block-name=\"woocommerce\/filled-cart-block\" class=\"wp-block-woocommerce-filled-cart-block\">\n<div data-block-name=\"woocommerce\/cart-items-block\" class=\"wp-block-woocommerce-cart-items-block\">\n<div data-block-name=\"woocommerce\/cart-line-items-block\" class=\"wp-block-woocommerce-cart-line-items-block\"><\/div>\n\n\n<\/div>\n\n\n\n<div data-block-name=\"woocommerce\/cart-totals-block\" class=\"wp-block-woocommerce-cart-totals-block\">\n<div data-block-name=\"woocommerce\/cart-order-summary-block\" class=\"wp-block-woocommerce-cart-order-summary-block\">\n<div data-block-name=\"woocommerce\/cart-order-summary-heading-block\" data-content=\"Podsumowanie koszyka\" class=\"wp-block-woocommerce-cart-order-summary-heading-block\"><\/div>\n\n\n\n<div data-block-name=\"woocommerce\/cart-order-summary-coupon-form-block\" class=\"wp-block-woocommerce-cart-order-summary-coupon-form-block\"><\/div>\n\n\n\n<div data-block-name=\"woocommerce\/cart-order-summary-totals-block\" class=\"wp-block-woocommerce-cart-order-summary-totals-block\">\n<div data-block-name=\"woocommerce\/cart-order-summary-subtotal-block\" class=\"wp-block-woocommerce-cart-order-summary-subtotal-block\"><\/div>\n\n\n\n<div data-block-name=\"woocommerce\/cart-order-summary-fee-block\" class=\"wp-block-woocommerce-cart-order-summary-fee-block\"><\/div>\n\n\n\n<div data-block-name=\"woocommerce\/cart-order-summary-discount-block\" class=\"wp-block-woocommerce-cart-order-summary-discount-block\"><\/div>\n\n\n\n<div data-block-name=\"woocommerce\/cart-order-summary-shipping-block\" class=\"wp-block-woocommerce-cart-order-summary-shipping-block\"><\/div>\n\n\n\n<div data-block-name=\"woocommerce\/cart-order-summary-taxes-block\" class=\"wp-block-woocommerce-cart-order-summary-taxes-block\"><\/div>\n<\/div>\n<\/div>\n\n\n\n<div data-block-name=\"woocommerce\/cart-express-payment-block\" class=\"wp-block-woocommerce-cart-express-payment-block\"><\/div>\n\n\n\n<div data-block-name=\"woocommerce\/proceed-to-checkout-block\" class=\"wp-block-woocommerce-proceed-to-checkout-block\"><\/div>\n\n\n\n<div data-block-name=\"woocommerce\/cart-accepted-payment-methods-block\" class=\"wp-block-woocommerce-cart-accepted-payment-methods-block\"><\/div>\n<\/div>\n<\/div>\n\n\n\n<div data-block-name=\"woocommerce\/empty-cart-block\" class=\"wp-block-woocommerce-empty-cart-block\">\n<h2 class=\"wp-block-heading has-text-align-center with-empty-cart-icon wc-block-cart__empty-cart__title\">Tw\u00f3j koszyk jest obecnie pusty!<\/h2>\n\n\n\n<hr class=\"wp-block-separator has-alpha-channel-opacity is-style-dots\"\/>\n\n\n\n<h2 class=\"wp-block-heading has-text-align-center\">Nowe w sklepie<\/h2>\n\n\n<div data-block-name=\"woocommerce\/product-new\" data-columns=\"4\" data-rows=\"1\" class=\"wc-block-grid wp-block-product-new wp-block-woocommerce-product-new wc-block-product-new has-4-columns\"><ul class=\"wc-block-grid__products\"><li class=\"wc-block-grid__product\">\n\t\t\t\t<a href=\"https:\/\/mobilet.eu\/pl\/produkt\/naklejki-mobilet-30szt\/\" class=\"wc-block-grid__product-link\">\n\t\t\t\t\t\n\t\t\t\t\t<div class=\"wc-block-grid__product-image\"><img loading=\"lazy\" decoding=\"async\" width=\"600\" height=\"600\" src=\"https:\/\/mobilet.eu\/pl\/wp-content\/uploads\/sites\/6\/2026\/03\/gallerytest4-600x600.jpg\" class=\"attachment-woocommerce_thumbnail size-woocommerce_thumbnail\" alt=\"30 naklejek Mobilet: Mega pakiet dla Ca\u0142ej Okolicy\" srcset=\"https:\/\/mobilet.eu\/pl\/wp-content\/uploads\/sites\/6\/2026\/03\/gallerytest4-600x600.jpg 600w, https:\/\/mobilet.eu\/pl\/wp-content\/uploads\/sites\/6\/2026\/03\/gallerytest4-300x300.jpg 300w, https:\/\/mobilet.eu\/pl\/wp-content\/uploads\/sites\/6\/2026\/03\/gallerytest4-1024x1024.jpg 1024w, https:\/\/mobilet.eu\/pl\/wp-content\/uploads\/sites\/6\/2026\/03\/gallerytest4-150x150.jpg 150w, https:\/\/mobilet.eu\/pl\/wp-content\/uploads\/sites\/6\/2026\/03\/gallerytest4-768x768.jpg 768w, https:\/\/mobilet.eu\/pl\/wp-content\/uploads\/sites\/6\/2026\/03\/gallerytest4-800x800.jpg 800w, https:\/\/mobilet.eu\/pl\/wp-content\/uploads\/sites\/6\/2026\/03\/gallerytest4-100x100.jpg 100w, https:\/\/mobilet.eu\/pl\/wp-content\/uploads\/sites\/6\/2026\/03\/gallerytest4.jpg 1920w\" sizes=\"auto, (max-width: 600px) 100vw, 600px\" \/><\/div>\n\t\t\t\t\t<div class=\"wc-block-grid__product-title\">30 naklejek Mobilet: Mega pakiet dla Ca\u0142ej Okolicy<\/div>\n\t\t\t\t<\/a>\n\t\t\t\t<div class=\"wc-block-grid__product-price price\"><span class=\"woocommerce-Price-amount amount\">9,00&nbsp;<span class=\"woocommerce-Price-currencySymbol\">&#122;&#322;<\/span><\/span><\/div>\n\t\t\t\t\n\t\t\t\t<div class=\"wp-block-button wc-block-grid__product-add-to-cart\"><a href=\"\/pl\/wp-json\/wp\/v2\/pages\/57656?add-to-cart=58872\" aria-label=\"Dodaj do koszyka: &bdquo;30 naklejek Mobilet: Mega pakiet dla Ca\u0142ej Okolicy&rdquo;\" data-quantity=\"1\" data-product_id=\"58872\" data-product_sku=\"\" data-price=\"9\" rel=\"nofollow\" class=\"wp-block-button__link  add_to_cart_button ajax_add_to_cart\">Dodaj do koszyka<\/a><\/div>\n\t\t\t<\/li><li class=\"wc-block-grid__product\">\n\t\t\t\t<a href=\"https:\/\/mobilet.eu\/pl\/produkt\/maskotka-leniwiec-premium\/\" class=\"wc-block-grid__product-link\">\n\t\t\t\t\t\n\t\t\t\t\t<div class=\"wc-block-grid__product-image\"><img loading=\"lazy\" decoding=\"async\" width=\"600\" height=\"600\" src=\"https:\/\/mobilet.eu\/pl\/wp-content\/uploads\/sites\/6\/2026\/03\/gallerytest3-600x600.jpg\" class=\"attachment-woocommerce_thumbnail size-woocommerce_thumbnail\" alt=\"Leniwiec Lenny - maskotka eko premium 45cm + naklejki gratis\" srcset=\"https:\/\/mobilet.eu\/pl\/wp-content\/uploads\/sites\/6\/2026\/03\/gallerytest3-600x600.jpg 600w, https:\/\/mobilet.eu\/pl\/wp-content\/uploads\/sites\/6\/2026\/03\/gallerytest3-300x300.jpg 300w, https:\/\/mobilet.eu\/pl\/wp-content\/uploads\/sites\/6\/2026\/03\/gallerytest3-1024x1024.jpg 1024w, https:\/\/mobilet.eu\/pl\/wp-content\/uploads\/sites\/6\/2026\/03\/gallerytest3-150x150.jpg 150w, https:\/\/mobilet.eu\/pl\/wp-content\/uploads\/sites\/6\/2026\/03\/gallerytest3-768x768.jpg 768w, https:\/\/mobilet.eu\/pl\/wp-content\/uploads\/sites\/6\/2026\/03\/gallerytest3-800x800.jpg 800w, https:\/\/mobilet.eu\/pl\/wp-content\/uploads\/sites\/6\/2026\/03\/gallerytest3-100x100.jpg 100w, https:\/\/mobilet.eu\/pl\/wp-content\/uploads\/sites\/6\/2026\/03\/gallerytest3.jpg 1920w\" sizes=\"auto, (max-width: 600px) 100vw, 600px\" \/><\/div>\n\t\t\t\t\t<div class=\"wc-block-grid__product-title\">Leniwiec Lenny &#8211; maskotka eko premium 45cm + naklejki gratis<\/div>\n\t\t\t\t<\/a>\n\t\t\t\t<div class=\"wc-block-grid__product-price price\"><span class=\"woocommerce-Price-amount amount\">67,00&nbsp;<span class=\"woocommerce-Price-currencySymbol\">&#122;&#322;<\/span><\/span><\/div>\n\t\t\t\t\n\t\t\t\t<div class=\"wp-block-button wc-block-grid__product-add-to-cart\"><a href=\"\/pl\/wp-json\/wp\/v2\/pages\/57656?add-to-cart=58860\" aria-label=\"Dodaj do koszyka: &bdquo;Leniwiec Lenny - maskotka eko premium 45cm + naklejki gratis&rdquo;\" data-quantity=\"1\" data-product_id=\"58860\" data-product_sku=\"\" data-price=\"67\" rel=\"nofollow\" class=\"wp-block-button__link  add_to_cart_button ajax_add_to_cart\">Dodaj do koszyka<\/a><\/div>\n\t\t\t<\/li><li class=\"wc-block-grid__product\">\n\t\t\t\t<a href=\"https:\/\/mobilet.eu\/pl\/produkt\/kubek-z-karabinczykiem-take-it-lazy\/\" class=\"wc-block-grid__product-link\">\n\t\t\t\t\t\n\t\t\t\t\t<div class=\"wc-block-grid__product-image\"><img loading=\"lazy\" decoding=\"async\" width=\"600\" height=\"600\" src=\"https:\/\/mobilet.eu\/pl\/wp-content\/uploads\/sites\/6\/2026\/03\/gallerytest1-600x600.jpg\" class=\"attachment-woocommerce_thumbnail size-woocommerce_thumbnail\" alt=\"Kubek z karabi\u0144czykiem \u201eTake It Lazy\u201d + naklejki gratis\" srcset=\"https:\/\/mobilet.eu\/pl\/wp-content\/uploads\/sites\/6\/2026\/03\/gallerytest1-600x600.jpg 600w, https:\/\/mobilet.eu\/pl\/wp-content\/uploads\/sites\/6\/2026\/03\/gallerytest1-300x300.jpg 300w, https:\/\/mobilet.eu\/pl\/wp-content\/uploads\/sites\/6\/2026\/03\/gallerytest1-1024x1024.jpg 1024w, https:\/\/mobilet.eu\/pl\/wp-content\/uploads\/sites\/6\/2026\/03\/gallerytest1-150x150.jpg 150w, https:\/\/mobilet.eu\/pl\/wp-content\/uploads\/sites\/6\/2026\/03\/gallerytest1-768x768.jpg 768w, https:\/\/mobilet.eu\/pl\/wp-content\/uploads\/sites\/6\/2026\/03\/gallerytest1-800x800.jpg 800w, https:\/\/mobilet.eu\/pl\/wp-content\/uploads\/sites\/6\/2026\/03\/gallerytest1-100x100.jpg 100w, https:\/\/mobilet.eu\/pl\/wp-content\/uploads\/sites\/6\/2026\/03\/gallerytest1.jpg 1920w\" sizes=\"auto, (max-width: 600px) 100vw, 600px\" \/><\/div>\n\t\t\t\t\t<div class=\"wc-block-grid__product-title\">Kubek z karabi\u0144czykiem \u201eTake It Lazy\u201d + naklejki gratis<\/div>\n\t\t\t\t<\/a>\n\t\t\t\t<div class=\"wc-block-grid__product-price price\"><span class=\"woocommerce-Price-amount amount\">39,00&nbsp;<span class=\"woocommerce-Price-currencySymbol\">&#122;&#322;<\/span><\/span><\/div>\n\t\t\t\t\n\t\t\t\t<div class=\"wp-block-button wc-block-grid__product-add-to-cart\"><a href=\"\/pl\/wp-json\/wp\/v2\/pages\/57656?add-to-cart=58856\" aria-label=\"Dodaj do koszyka: &bdquo;Kubek z karabi\u0144czykiem \u201eTake It Lazy\u201d + naklejki gratis&rdquo;\" data-quantity=\"1\" data-product_id=\"58856\" data-product_sku=\"\" data-price=\"39\" rel=\"nofollow\" class=\"wp-block-button__link  add_to_cart_button ajax_add_to_cart\">Dodaj do koszyka<\/a><\/div>\n\t\t\t<\/li><li class=\"wc-block-grid__product\">\n\t\t\t\t<a href=\"https:\/\/mobilet.eu\/pl\/produkt\/workoplecak-z-leniwcem\/\" class=\"wc-block-grid__product-link\">\n\t\t\t\t\t\n\t\t\t\t\t<div class=\"wc-block-grid__product-image\"><img loading=\"lazy\" decoding=\"async\" width=\"600\" height=\"600\" src=\"https:\/\/mobilet.eu\/pl\/wp-content\/uploads\/sites\/6\/2026\/03\/gallerytest2-600x600.jpg\" class=\"attachment-woocommerce_thumbnail size-woocommerce_thumbnail\" alt=\"Workoplecak \u201eChill Mode ON\u201d + naklejki gratis\" srcset=\"https:\/\/mobilet.eu\/pl\/wp-content\/uploads\/sites\/6\/2026\/03\/gallerytest2-600x600.jpg 600w, https:\/\/mobilet.eu\/pl\/wp-content\/uploads\/sites\/6\/2026\/03\/gallerytest2-300x300.jpg 300w, https:\/\/mobilet.eu\/pl\/wp-content\/uploads\/sites\/6\/2026\/03\/gallerytest2-1024x1024.jpg 1024w, https:\/\/mobilet.eu\/pl\/wp-content\/uploads\/sites\/6\/2026\/03\/gallerytest2-150x150.jpg 150w, https:\/\/mobilet.eu\/pl\/wp-content\/uploads\/sites\/6\/2026\/03\/gallerytest2-768x768.jpg 768w, https:\/\/mobilet.eu\/pl\/wp-content\/uploads\/sites\/6\/2026\/03\/gallerytest2-800x800.jpg 800w, https:\/\/mobilet.eu\/pl\/wp-content\/uploads\/sites\/6\/2026\/03\/gallerytest2-100x100.jpg 100w, https:\/\/mobilet.eu\/pl\/wp-content\/uploads\/sites\/6\/2026\/03\/gallerytest2.jpg 1920w\" sizes=\"auto, (max-width: 600px) 100vw, 600px\" \/><\/div>\n\t\t\t\t\t<div class=\"wc-block-grid__product-title\">Workoplecak \u201eChill Mode ON\u201d + naklejki gratis<\/div>\n\t\t\t\t<\/a>\n\t\t\t\t<div class=\"wc-block-grid__product-price price\"><span class=\"woocommerce-Price-amount amount\">39,00&nbsp;<span class=\"woocommerce-Price-currencySymbol\">&#122;&#322;<\/span><\/span><\/div>\n\t\t\t\t\n\t\t\t\t<div class=\"wp-block-button wc-block-grid__product-add-to-cart\"><a href=\"\/pl\/wp-json\/wp\/v2\/pages\/57656?add-to-cart=58824\" aria-label=\"Dodaj do koszyka: &bdquo;Workoplecak \u201eChill Mode ON\u201d + naklejki gratis&rdquo;\" data-quantity=\"1\" data-product_id=\"58824\" data-product_sku=\"\" data-price=\"39\" rel=\"nofollow\" class=\"wp-block-button__link  add_to_cart_button ajax_add_to_cart\">Dodaj do koszyka<\/a><\/div>\n\t\t\t<\/li><\/ul><\/div><\/div>\n<\/div>\n","protected":false},"excerpt":{"rendered":"","protected":false},"author":1,"featured_media":0,"parent":0,"menu_order":0,"comment_status":"closed","ping_status":"closed","template":"","meta":{"_crdt_document":"","footnotes":""},"class_list":["post-57656","page","type-page","status-publish","hentry"],"yoast_head":"<!-- This site is optimized with the Yoast SEO plugin v27.1.1 - https:\/\/yoast.com\/product\/yoast-seo-wordpress\/ -->\n<title>Koszyk | mobilet.pl<\/title>\n<meta name=\"robots\" content=\"index, follow, max-snippet:-1, max-image-preview:large, max-video-preview:-1\" \/>\n<link rel=\"canonical\" href=\"https:\/\/mobilet.eu\/pl\/koszyk\/\" \/>\n<meta property=\"og:locale\" content=\"pl_PL\" \/>\n<meta property=\"og:type\" content=\"article\" \/>\n<meta property=\"og:title\" content=\"Koszyk | mobilet.pl\" \/>\n<meta property=\"og:url\" content=\"https:\/\/mobilet.eu\/pl\/koszyk\/\" \/>\n<meta property=\"og:site_name\" content=\"mobilet.pl\" \/>\n<meta property=\"article:modified_time\" content=\"2026-03-21T16:39:21+00:00\" \/>\n<meta name=\"twitter:card\" content=\"summary_large_image\" \/>\n<script type=\"application\/ld+json\" class=\"yoast-schema-graph\">{\"@context\":\"https:\/\/schema.org\",\"@graph\":[{\"@type\":\"WebPage\",\"@id\":\"https:\/\/mobilet.eu\/pl\/koszyk\/\",\"url\":\"https:\/\/mobilet.eu\/pl\/koszyk\/\",\"name\":\"Koszyk | mobilet.pl\",\"isPartOf\":{\"@id\":\"https:\/\/mobilet.eu\/pl\/#website\"},\"datePublished\":\"2026-02-06T10:46:09+00:00\",\"dateModified\":\"2026-03-21T16:39:21+00:00\",\"breadcrumb\":{\"@id\":\"https:\/\/mobilet.eu\/pl\/koszyk\/#breadcrumb\"},\"inLanguage\":\"pl-PL\",\"potentialAction\":[{\"@type\":\"ReadAction\",\"target\":[\"https:\/\/mobilet.eu\/pl\/koszyk\/\"]}]},{\"@type\":\"BreadcrumbList\",\"@id\":\"https:\/\/mobilet.eu\/pl\/koszyk\/#breadcrumb\",\"itemListElement\":[{\"@type\":\"ListItem\",\"position\":1,\"name\":\"Home\",\"item\":\"https:\/\/mobilet.eu\/pl\/\"},{\"@type\":\"ListItem\",\"position\":2,\"name\":\"Koszyk\"}]},{\"@type\":\"WebSite\",\"@id\":\"https:\/\/mobilet.eu\/pl\/#website\",\"url\":\"https:\/\/mobilet.eu\/pl\/\",\"name\":\"mobilet.pl\",\"description\":\"Mobilet - Mobilne p\u0142atno\u015bci za parkingi i komunikacj\u0119\",\"potentialAction\":[{\"@type\":\"SearchAction\",\"target\":{\"@type\":\"EntryPoint\",\"urlTemplate\":\"https:\/\/mobilet.eu\/pl\/?s={search_term_string}\"},\"query-input\":{\"@type\":\"PropertyValueSpecification\",\"valueRequired\":true,\"valueName\":\"search_term_string\"}}],\"inLanguage\":\"pl-PL\"}]}<\/script>\n<!-- \/ Yoast SEO plugin. -->","yoast_head_json":{"title":"Koszyk | mobilet.pl","robots":{"index":"index","follow":"follow","max-snippet":"max-snippet:-1","max-image-preview":"max-image-preview:large","max-video-preview":"max-video-preview:-1"},"canonical":"https:\/\/mobilet.eu\/pl\/koszyk\/","og_locale":"pl_PL","og_type":"article","og_title":"Koszyk | mobilet.pl","og_url":"https:\/\/mobilet.eu\/pl\/koszyk\/","og_site_name":"mobilet.pl","article_modified_time":"2026-03-21T16:39:21+00:00","twitter_card":"summary_large_image","schema":{"@context":"https:\/\/schema.org","@graph":[{"@type":"WebPage","@id":"https:\/\/mobilet.eu\/pl\/koszyk\/","url":"https:\/\/mobilet.eu\/pl\/koszyk\/","name":"Koszyk | mobilet.pl","isPartOf":{"@id":"https:\/\/mobilet.eu\/pl\/#website"},"datePublished":"2026-02-06T10:46:09+00:00","dateModified":"2026-03-21T16:39:21+00:00","breadcrumb":{"@id":"https:\/\/mobilet.eu\/pl\/koszyk\/#breadcrumb"},"inLanguage":"pl-PL","potentialAction":[{"@type":"ReadAction","target":["https:\/\/mobilet.eu\/pl\/koszyk\/"]}]},{"@type":"BreadcrumbList","@id":"https:\/\/mobilet.eu\/pl\/koszyk\/#breadcrumb","itemListElement":[{"@type":"ListItem","position":1,"name":"Home","item":"https:\/\/mobilet.eu\/pl\/"},{"@type":"ListItem","position":2,"name":"Koszyk"}]},{"@type":"WebSite","@id":"https:\/\/mobilet.eu\/pl\/#website","url":"https:\/\/mobilet.eu\/pl\/","name":"mobilet.pl","description":"Mobilet - Mobilne p\u0142atno\u015bci za parkingi i komunikacj\u0119","potentialAction":[{"@type":"SearchAction","target":{"@type":"EntryPoint","urlTemplate":"https:\/\/mobilet.eu\/pl\/?s={search_term_string}"},"query-input":{"@type":"PropertyValueSpecification","valueRequired":true,"valueName":"search_term_string"}}],"inLanguage":"pl-PL"}]}},"_links":{"self":[{"href":"https:\/\/mobilet.eu\/pl\/wp-json\/wp\/v2\/pages\/57656","targetHints":{"allow":["GET"]}}],"collection":[{"href":"https:\/\/mobilet.eu\/pl\/wp-json\/wp\/v2\/pages"}],"about":[{"href":"https:\/\/mobilet.eu\/pl\/wp-json\/wp\/v2\/types\/page"}],"author":[{"embeddable":true,"href":"https:\/\/mobilet.eu\/pl\/wp-json\/wp\/v2\/users\/1"}],"replies":[{"embeddable":true,"href":"https:\/\/mobilet.eu\/pl\/wp-json\/wp\/v2\/comments?post=57656"}],"version-history":[{"count":2,"href":"https:\/\/mobilet.eu\/pl\/wp-json\/wp\/v2\/pages\/57656\/revisions"}],"predecessor-version":[{"id":59231,"href":"https:\/\/mobilet.eu\/pl\/wp-json\/wp\/v2\/pages\/57656\/revisions\/59231"}],"wp:attachment":[{"href":"https:\/\/mobilet.eu\/pl\/wp-json\/wp\/v2\/media?parent=57656"}],"curies":[{"name":"wp","href":"https:\/\/api.w.org\/{rel}","templated":true}]}}