{"id":57658,"date":"2026-02-06T11:46:09","date_gmt":"2026-02-06T10:46:09","guid":{"rendered":"https:\/\/mobilet.eu\/pl\/moje-konto\/"},"modified":"2026-02-06T11:46:09","modified_gmt":"2026-02-06T10:46:09","slug":"moje-konto","status":"publish","type":"page","link":"https:\/\/mobilet.eu\/pl\/moje-konto\/","title":{"rendered":"Moje konto"},"content":{"rendered":"<div class=\"woocommerce\"><\/div>\n","protected":false},"excerpt":{"rendered":"","protected":false},"author":1,"featured_media":0,"parent":0,"menu_order":0,"comment_status":"closed","ping_status":"closed","template":"","meta":{"_crdt_document":"","footnotes":""},"class_list":["post-57658","page","type-page","status-publish","hentry"],"yoast_head":"<!-- This site is optimized with the Yoast SEO plugin v27.3 - https:\/\/yoast.com\/product\/yoast-seo-wordpress\/ -->\n<title>Moje konto | mobilet.pl<\/title>\n<meta name=\"robots\" content=\"index, follow, max-snippet:-1, max-image-preview:large, max-video-preview:-1\" \/>\n<link rel=\"canonical\" href=\"https:\/\/mobilet.eu\/pl\/moje-konto\/\" \/>\n<meta property=\"og:locale\" content=\"pl_PL\" \/>\n<meta property=\"og:type\" content=\"article\" \/>\n<meta property=\"og:title\" content=\"Moje konto | mobilet.pl\" \/>\n<meta property=\"og:url\" content=\"https:\/\/mobilet.eu\/pl\/moje-konto\/\" \/>\n<meta property=\"og:site_name\" content=\"mobilet.pl\" \/>\n<meta name=\"twitter:card\" content=\"summary_large_image\" \/>\n<script type=\"application\/ld+json\" class=\"yoast-schema-graph\">{\"@context\":\"https:\\\/\\\/schema.org\",\"@graph\":[{\"@type\":\"WebPage\",\"@id\":\"https:\\\/\\\/mobilet.eu\\\/pl\\\/moje-konto\\\/\",\"url\":\"https:\\\/\\\/mobilet.eu\\\/pl\\\/moje-konto\\\/\",\"name\":\"Moje konto | mobilet.pl\",\"isPartOf\":{\"@id\":\"https:\\\/\\\/mobilet.eu\\\/pl\\\/#website\"},\"datePublished\":\"2026-02-06T10:46:09+00:00\",\"breadcrumb\":{\"@id\":\"https:\\\/\\\/mobilet.eu\\\/pl\\\/moje-konto\\\/#breadcrumb\"},\"inLanguage\":\"pl-PL\",\"potentialAction\":[{\"@type\":\"ReadAction\",\"target\":[\"https:\\\/\\\/mobilet.eu\\\/pl\\\/moje-konto\\\/\"]}]},{\"@type\":\"BreadcrumbList\",\"@id\":\"https:\\\/\\\/mobilet.eu\\\/pl\\\/moje-konto\\\/#breadcrumb\",\"itemListElement\":[{\"@type\":\"ListItem\",\"position\":1,\"name\":\"Home\",\"item\":\"https:\\\/\\\/mobilet.eu\\\/pl\\\/\"},{\"@type\":\"ListItem\",\"position\":2,\"name\":\"Moje konto\"}]},{\"@type\":\"WebSite\",\"@id\":\"https:\\\/\\\/mobilet.eu\\\/pl\\\/#website\",\"url\":\"https:\\\/\\\/mobilet.eu\\\/pl\\\/\",\"name\":\"mobilet.pl\",\"description\":\"Mobilet - Mobilne p\u0142atno\u015bci za parkingi i komunikacj\u0119\",\"potentialAction\":[{\"@type\":\"SearchAction\",\"target\":{\"@type\":\"EntryPoint\",\"urlTemplate\":\"https:\\\/\\\/mobilet.eu\\\/pl\\\/?s={search_term_string}\"},\"query-input\":{\"@type\":\"PropertyValueSpecification\",\"valueRequired\":true,\"valueName\":\"search_term_string\"}}],\"inLanguage\":\"pl-PL\"}]}<\/script>\n<!-- \/ Yoast SEO plugin. -->","yoast_head_json":{"title":"Moje konto | mobilet.pl","robots":{"index":"index","follow":"follow","max-snippet":"max-snippet:-1","max-image-preview":"max-image-preview:large","max-video-preview":"max-video-preview:-1"},"canonical":"https:\/\/mobilet.eu\/pl\/moje-konto\/","og_locale":"pl_PL","og_type":"article","og_title":"Moje konto | mobilet.pl","og_url":"https:\/\/mobilet.eu\/pl\/moje-konto\/","og_site_name":"mobilet.pl","twitter_card":"summary_large_image","schema":{"@context":"https:\/\/schema.org","@graph":[{"@type":"WebPage","@id":"https:\/\/mobilet.eu\/pl\/moje-konto\/","url":"https:\/\/mobilet.eu\/pl\/moje-konto\/","name":"Moje konto | mobilet.pl","isPartOf":{"@id":"https:\/\/mobilet.eu\/pl\/#website"},"datePublished":"2026-02-06T10:46:09+00:00","breadcrumb":{"@id":"https:\/\/mobilet.eu\/pl\/moje-konto\/#breadcrumb"},"inLanguage":"pl-PL","potentialAction":[{"@type":"ReadAction","target":["https:\/\/mobilet.eu\/pl\/moje-konto\/"]}]},{"@type":"BreadcrumbList","@id":"https:\/\/mobilet.eu\/pl\/moje-konto\/#breadcrumb","itemListElement":[{"@type":"ListItem","position":1,"name":"Home","item":"https:\/\/mobilet.eu\/pl\/"},{"@type":"ListItem","position":2,"name":"Moje konto"}]},{"@type":"WebSite","@id":"https:\/\/mobilet.eu\/pl\/#website","url":"https:\/\/mobilet.eu\/pl\/","name":"mobilet.pl","description":"Mobilet - Mobilne p\u0142atno\u015bci za parkingi i komunikacj\u0119","potentialAction":[{"@type":"SearchAction","target":{"@type":"EntryPoint","urlTemplate":"https:\/\/mobilet.eu\/pl\/?s={search_term_string}"},"query-input":{"@type":"PropertyValueSpecification","valueRequired":true,"valueName":"search_term_string"}}],"inLanguage":"pl-PL"}]}},"_links":{"self":[{"href":"https:\/\/mobilet.eu\/pl\/wp-json\/wp\/v2\/pages\/57658","targetHints":{"allow":["GET"]}}],"collection":[{"href":"https:\/\/mobilet.eu\/pl\/wp-json\/wp\/v2\/pages"}],"about":[{"href":"https:\/\/mobilet.eu\/pl\/wp-json\/wp\/v2\/types\/page"}],"author":[{"embeddable":true,"href":"https:\/\/mobilet.eu\/pl\/wp-json\/wp\/v2\/users\/1"}],"replies":[{"embeddable":true,"href":"https:\/\/mobilet.eu\/pl\/wp-json\/wp\/v2\/comments?post=57658"}],"version-history":[{"count":0,"href":"https:\/\/mobilet.eu\/pl\/wp-json\/wp\/v2\/pages\/57658\/revisions"}],"wp:attachment":[{"href":"https:\/\/mobilet.eu\/pl\/wp-json\/wp\/v2\/media?parent=57658"}],"curies":[{"name":"wp","href":"https:\/\/api.w.org\/{rel}","templated":true}]}}