{"id":58872,"date":"2026-03-13T10:07:05","date_gmt":"2026-03-13T09:07:05","guid":{"rendered":"https:\/\/mobilet.eu\/pl\/?post_type=product&#038;p=58872"},"modified":"2026-03-26T20:02:45","modified_gmt":"2026-03-26T19:02:45","slug":"naklejki-mobilet-30szt","status":"publish","type":"product","link":"https:\/\/mobilet.eu\/pl\/produkt\/naklejki-mobilet-30szt\/","title":{"rendered":"30 naklejek Mobilet: Mega pakiet dla Ca\u0142ej Okolicy"},"content":{"rendered":"<h3>Winieta Mobilet &#8211; Twoja tarcza ochronna przed stresem parkowania<\/h3>\n<p><strong>Koniec z bieganiem do parkomat\u00f3w, wpisywaniem numer\u00f3w rejestracyjnych. Koniec ze nerwami i pilnowaniem op\u0142aconego czasu. Wyluzuj &#8211; tak jak Leniwiec Lenny. Czy p\u00f3jdziesz jego drog\u0105? Aplikacja Mobilet to Tw\u00f3j spos\u00f3b na prostsze parkowanie, a naklejka na szyb\u0119 samochodu to wyra\u017any znak, \u017ce nie korzystasz z archaicznych parkomat\u00f3w.<\/strong><\/p>\n<p><strong>Dlaczego warto j\u0105 mie\u0107?<\/strong><\/p>\n<ul>\n<li><strong>Orygina\u0142:<\/strong> gwarancja Mobiletu &#8211; nie kupuj drogich podr\u00f3bek z Chin kt\u00f3re wyblakn\u0105 po 2 miesi\u0105cach.<\/li>\n<li><strong>Trwa\u0142o\u015b\u0107:<\/strong> naklejki wykonane w technice UV, a wi\u0119c kolory s\u0105 odporne na \u015bwiat\u0142o s\u0142oneczne.<\/li>\n<li><strong>Wygoda:<\/strong> przyklejasz na szyb\u0119 od \u015brodka pojazdu i gotowe!<\/li>\n<li><strong>Poczucie pewno\u015bci:<\/strong> zawsze i w ka\u017cdym mie\u015bcie &#8211; dajesz sygna\u0142 kontrolerowi, \u017ce parkujesz z Mobilet<\/li>\n<li><strong>Podaj dalej:<\/strong> 30 sztuk to idealny zapas, by obdzieli\u0107 rodzin\u0119 i znajomych; podaruj bliskim \u015awi\u0119ty Spok\u00f3j i pewno\u015b\u0107, \u017ce ich parkowanie jest zawsze pod kontrol\u0105.<\/li>\n<\/ul>\n<p>Pami\u0119taj, \u017ce 3 naklejki otrzymasz bezp\u0142atnie z ka\u017cdym zam\u00f3wieniem na nasze pozosta\u0142e <a href=\"https:\/\/mobilet.eu\/pl\/sklep\/\">produkty ze Sklepu<\/a>.<\/p>\n<p>&nbsp;<\/p>\n","protected":false},"excerpt":{"rendered":"<p>Pakiet naklejek Mobilet &#8211; dla Ciebie, dla te\u015bciowej, dla s\u0105siada&#8230;oraz dla Twoich krewnych i znajomych. Oznacz samoch\u00f3d i poka\u017c, \u017ce parkujesz sprytniej. Uwa\u017casz, \u017ce 30 sztuk to przesada? Kup inny, <a href=\"https:\/\/mobilet.eu\/pl\/sklep\/\">dowolny produkt z naszego sklepu<\/a>, a otrzymasz 3 naklejki w gratisie.<\/p>\n","protected":false},"featured_media":59099,"template":"","meta":{"_crdt_document":""},"product_brand":[],"product_cat":[61],"product_tag":[],"class_list":{"0":"post-58872","1":"product","2":"type-product","3":"status-publish","4":"has-post-thumbnail","6":"product_cat-bez-kategorii","7":"product_shipping_class-list","9":"first","10":"instock","11":"taxable","12":"shipping-taxable","13":"purchasable","14":"product-type-simple"},"yoast_head":"<!-- This site is optimized with the Yoast SEO plugin v27.1.1 - https:\/\/yoast.com\/product\/yoast-seo-wordpress\/ -->\n<title>30 naklejek Mobilet: Mega pakiet dla Ca\u0142ej Okolicy | mobilet.pl<\/title>\n<meta name=\"robots\" content=\"index, follow, max-snippet:-1, max-image-preview:large, max-video-preview:-1\" \/>\n<link rel=\"canonical\" href=\"https:\/\/mobilet.eu\/pl\/produkt\/naklejki-mobilet-30szt\/\" \/>\n<meta property=\"og:locale\" content=\"pl_PL\" \/>\n<meta property=\"og:type\" content=\"article\" \/>\n<meta property=\"og:title\" content=\"30 naklejek Mobilet: Mega pakiet dla Ca\u0142ej Okolicy | mobilet.pl\" \/>\n<meta property=\"og:description\" content=\"Pakiet naklejek Mobilet - dla Ciebie, dla te\u015bciowej, dla s\u0105siada...oraz dla Twoich krewnych i znajomych. Oznacz samoch\u00f3d i poka\u017c, \u017ce parkujesz sprytniej. Uwa\u017casz, \u017ce 30 sztuk to przesada? Kup inny, dowolny produkt z naszego sklepu, a otrzymasz 3 naklejki w gratisie.\" \/>\n<meta property=\"og:url\" content=\"https:\/\/mobilet.eu\/pl\/produkt\/naklejki-mobilet-30szt\/\" \/>\n<meta property=\"og:site_name\" content=\"mobilet.pl\" \/>\n<meta property=\"article:modified_time\" content=\"2026-03-26T19:02:45+00:00\" \/>\n<meta property=\"og:image\" content=\"https:\/\/mobilet.eu\/pl\/wp-content\/uploads\/sites\/6\/2026\/03\/gallerytest4.jpg\" \/>\n\t<meta property=\"og:image:width\" content=\"1920\" \/>\n\t<meta property=\"og:image:height\" content=\"1920\" \/>\n\t<meta property=\"og:image:type\" content=\"image\/jpeg\" \/>\n<meta name=\"twitter:card\" content=\"summary_large_image\" \/>\n<meta name=\"twitter:label1\" content=\"Szacowany czas czytania\" \/>\n\t<meta name=\"twitter:data1\" content=\"2 minuty\" \/>\n<script type=\"application\/ld+json\" class=\"yoast-schema-graph\">{\"@context\":\"https:\/\/schema.org\",\"@graph\":[{\"@type\":\"WebPage\",\"@id\":\"https:\/\/mobilet.eu\/pl\/produkt\/naklejki-mobilet-30szt\/\",\"url\":\"https:\/\/mobilet.eu\/pl\/produkt\/naklejki-mobilet-30szt\/\",\"name\":\"30 naklejek Mobilet: Mega pakiet dla Ca\u0142ej Okolicy | mobilet.pl\",\"isPartOf\":{\"@id\":\"https:\/\/mobilet.eu\/pl\/#website\"},\"primaryImageOfPage\":{\"@id\":\"https:\/\/mobilet.eu\/pl\/produkt\/naklejki-mobilet-30szt\/#primaryimage\"},\"image\":{\"@id\":\"https:\/\/mobilet.eu\/pl\/produkt\/naklejki-mobilet-30szt\/#primaryimage\"},\"thumbnailUrl\":\"https:\/\/mobilet.eu\/pl\/wp-content\/uploads\/sites\/6\/2026\/03\/gallerytest4.jpg\",\"datePublished\":\"2026-03-13T09:07:05+00:00\",\"dateModified\":\"2026-03-26T19:02:45+00:00\",\"breadcrumb\":{\"@id\":\"https:\/\/mobilet.eu\/pl\/produkt\/naklejki-mobilet-30szt\/#breadcrumb\"},\"inLanguage\":\"pl-PL\",\"potentialAction\":[{\"@type\":\"ReadAction\",\"target\":[\"https:\/\/mobilet.eu\/pl\/produkt\/naklejki-mobilet-30szt\/\"]}]},{\"@type\":\"ImageObject\",\"inLanguage\":\"pl-PL\",\"@id\":\"https:\/\/mobilet.eu\/pl\/produkt\/naklejki-mobilet-30szt\/#primaryimage\",\"url\":\"https:\/\/mobilet.eu\/pl\/wp-content\/uploads\/sites\/6\/2026\/03\/gallerytest4.jpg\",\"contentUrl\":\"https:\/\/mobilet.eu\/pl\/wp-content\/uploads\/sites\/6\/2026\/03\/gallerytest4.jpg\",\"width\":1920,\"height\":1920},{\"@type\":\"BreadcrumbList\",\"@id\":\"https:\/\/mobilet.eu\/pl\/produkt\/naklejki-mobilet-30szt\/#breadcrumb\",\"itemListElement\":[{\"@type\":\"ListItem\",\"position\":1,\"name\":\"Home\",\"item\":\"https:\/\/mobilet.eu\/pl\/\"},{\"@type\":\"ListItem\",\"position\":2,\"name\":\"Przystanek Chillout\",\"item\":\"https:\/\/mobilet.eu\/pl\/sklep\/\"},{\"@type\":\"ListItem\",\"position\":3,\"name\":\"30 naklejek Mobilet: Mega pakiet dla Ca\u0142ej Okolicy\"}]},{\"@type\":\"WebSite\",\"@id\":\"https:\/\/mobilet.eu\/pl\/#website\",\"url\":\"https:\/\/mobilet.eu\/pl\/\",\"name\":\"mobilet.pl\",\"description\":\"Mobilet - Mobilne p\u0142atno\u015bci za parkingi i komunikacj\u0119\",\"potentialAction\":[{\"@type\":\"SearchAction\",\"target\":{\"@type\":\"EntryPoint\",\"urlTemplate\":\"https:\/\/mobilet.eu\/pl\/?s={search_term_string}\"},\"query-input\":{\"@type\":\"PropertyValueSpecification\",\"valueRequired\":true,\"valueName\":\"search_term_string\"}}],\"inLanguage\":\"pl-PL\"}]}<\/script>\n<!-- \/ Yoast SEO plugin. -->","yoast_head_json":{"title":"30 naklejek Mobilet: Mega pakiet dla Ca\u0142ej Okolicy | mobilet.pl","robots":{"index":"index","follow":"follow","max-snippet":"max-snippet:-1","max-image-preview":"max-image-preview:large","max-video-preview":"max-video-preview:-1"},"canonical":"https:\/\/mobilet.eu\/pl\/produkt\/naklejki-mobilet-30szt\/","og_locale":"pl_PL","og_type":"article","og_title":"30 naklejek Mobilet: Mega pakiet dla Ca\u0142ej Okolicy | mobilet.pl","og_description":"Pakiet naklejek Mobilet - dla Ciebie, dla te\u015bciowej, dla s\u0105siada...oraz dla Twoich krewnych i znajomych. Oznacz samoch\u00f3d i poka\u017c, \u017ce parkujesz sprytniej. Uwa\u017casz, \u017ce 30 sztuk to przesada? Kup inny, dowolny produkt z naszego sklepu, a otrzymasz 3 naklejki w gratisie.","og_url":"https:\/\/mobilet.eu\/pl\/produkt\/naklejki-mobilet-30szt\/","og_site_name":"mobilet.pl","article_modified_time":"2026-03-26T19:02:45+00:00","og_image":[{"width":1920,"height":1920,"url":"https:\/\/mobilet.eu\/pl\/wp-content\/uploads\/sites\/6\/2026\/03\/gallerytest4.jpg","type":"image\/jpeg"}],"twitter_card":"summary_large_image","twitter_misc":{"Szacowany czas czytania":"2 minuty"},"schema":{"@context":"https:\/\/schema.org","@graph":[{"@type":"WebPage","@id":"https:\/\/mobilet.eu\/pl\/produkt\/naklejki-mobilet-30szt\/","url":"https:\/\/mobilet.eu\/pl\/produkt\/naklejki-mobilet-30szt\/","name":"30 naklejek Mobilet: Mega pakiet dla Ca\u0142ej Okolicy | mobilet.pl","isPartOf":{"@id":"https:\/\/mobilet.eu\/pl\/#website"},"primaryImageOfPage":{"@id":"https:\/\/mobilet.eu\/pl\/produkt\/naklejki-mobilet-30szt\/#primaryimage"},"image":{"@id":"https:\/\/mobilet.eu\/pl\/produkt\/naklejki-mobilet-30szt\/#primaryimage"},"thumbnailUrl":"https:\/\/mobilet.eu\/pl\/wp-content\/uploads\/sites\/6\/2026\/03\/gallerytest4.jpg","datePublished":"2026-03-13T09:07:05+00:00","dateModified":"2026-03-26T19:02:45+00:00","breadcrumb":{"@id":"https:\/\/mobilet.eu\/pl\/produkt\/naklejki-mobilet-30szt\/#breadcrumb"},"inLanguage":"pl-PL","potentialAction":[{"@type":"ReadAction","target":["https:\/\/mobilet.eu\/pl\/produkt\/naklejki-mobilet-30szt\/"]}]},{"@type":"ImageObject","inLanguage":"pl-PL","@id":"https:\/\/mobilet.eu\/pl\/produkt\/naklejki-mobilet-30szt\/#primaryimage","url":"https:\/\/mobilet.eu\/pl\/wp-content\/uploads\/sites\/6\/2026\/03\/gallerytest4.jpg","contentUrl":"https:\/\/mobilet.eu\/pl\/wp-content\/uploads\/sites\/6\/2026\/03\/gallerytest4.jpg","width":1920,"height":1920},{"@type":"BreadcrumbList","@id":"https:\/\/mobilet.eu\/pl\/produkt\/naklejki-mobilet-30szt\/#breadcrumb","itemListElement":[{"@type":"ListItem","position":1,"name":"Home","item":"https:\/\/mobilet.eu\/pl\/"},{"@type":"ListItem","position":2,"name":"Przystanek Chillout","item":"https:\/\/mobilet.eu\/pl\/sklep\/"},{"@type":"ListItem","position":3,"name":"30 naklejek Mobilet: Mega pakiet dla Ca\u0142ej Okolicy"}]},{"@type":"WebSite","@id":"https:\/\/mobilet.eu\/pl\/#website","url":"https:\/\/mobilet.eu\/pl\/","name":"mobilet.pl","description":"Mobilet - Mobilne p\u0142atno\u015bci za parkingi i komunikacj\u0119","potentialAction":[{"@type":"SearchAction","target":{"@type":"EntryPoint","urlTemplate":"https:\/\/mobilet.eu\/pl\/?s={search_term_string}"},"query-input":{"@type":"PropertyValueSpecification","valueRequired":true,"valueName":"search_term_string"}}],"inLanguage":"pl-PL"}]}},"_links":{"self":[{"href":"https:\/\/mobilet.eu\/pl\/wp-json\/wp\/v2\/product\/58872","targetHints":{"allow":["GET"]}}],"collection":[{"href":"https:\/\/mobilet.eu\/pl\/wp-json\/wp\/v2\/product"}],"about":[{"href":"https:\/\/mobilet.eu\/pl\/wp-json\/wp\/v2\/types\/product"}],"wp:featuredmedia":[{"embeddable":true,"href":"https:\/\/mobilet.eu\/pl\/wp-json\/wp\/v2\/media\/59099"}],"wp:attachment":[{"href":"https:\/\/mobilet.eu\/pl\/wp-json\/wp\/v2\/media?parent=58872"}],"wp:term":[{"taxonomy":"product_brand","embeddable":true,"href":"https:\/\/mobilet.eu\/pl\/wp-json\/wp\/v2\/product_brand?post=58872"},{"taxonomy":"product_cat","embeddable":true,"href":"https:\/\/mobilet.eu\/pl\/wp-json\/wp\/v2\/product_cat?post=58872"},{"taxonomy":"product_tag","embeddable":true,"href":"https:\/\/mobilet.eu\/pl\/wp-json\/wp\/v2\/product_tag?post=58872"}],"curies":[{"name":"wp","href":"https:\/\/api.w.org\/{rel}","templated":true}]}}